{"id":6953,"date":"2025-02-06T16:45:36","date_gmt":"2025-02-06T16:45:36","guid":{"rendered":"https:\/\/kastenkidz.com\/product\/vzdelavaci-pomucka-ctyri-rocni-obdobi\/"},"modified":"2025-07-25T14:30:59","modified_gmt":"2025-07-25T14:30:59","slug":"vzdelavaci-pomucka-ctyri-rocni-obdobi","status":"publish","type":"product","link":"https:\/\/kastenkidz.com\/cs\/produkt\/vzdelavaci-pomucka-ctyri-rocni-obdobi\/","title":{"rendered":"\u010cty\u0159i ro\u010dn\u00ed obdob\u00ed"},"content":{"rendered":"<p>Seznamte sv\u00e9 d\u00edt\u011b s kr\u00e1sami ro\u010dn\u00edch obdob\u00ed pomoc\u00ed t\u00e9to vzd\u011bl\u00e1vac\u00ed pom\u016fcky! \u2744\ufe0f Sada \u201e\u010cty\u0159i ro\u010dn\u00ed obdob\u00ed\u201c obsahuje 44 karet s 10 kartami pro ka\u017ed\u00e9 ro\u010dn\u00ed obdob\u00ed, kr\u00e1sn\u00fdmi obr\u00e1zky p\u0159\u00edrodn\u00edch jev\u016f, sv\u00e1tk\u016f a mnoho dal\u0161\u00edho. P\u0159i uspo\u0159\u00e1d\u00e1v\u00e1n\u00ed karet se d\u011bti dozv\u00ed o charakteristick\u00fdch podm\u00ednk\u00e1ch b\u011bhem ka\u017ed\u00e9ho z ro\u010dn\u00edch obdob\u00ed. \u2603\ufe0f \u2614\ufe0f<\/p>\n<p>Hra obsahuje: 44 karet.<\/p>\n","protected":false},"excerpt":{"rendered":"<p>Seznamte sv\u00e9 d\u00edt\u011b s kr\u00e1sami ro\u010dn\u00edch obdob\u00ed pomoc\u00ed t\u00e9to vzd\u011bl\u00e1vac\u00ed pom\u016fcky! \u2744\ufe0f Sada \u201e\u010cty\u0159i ro\u010dn\u00ed obdob\u00ed\u201c obsahuje 44 karet s 10 kartami pro ka\u017ed\u00e9 ro\u010dn\u00ed obdob\u00ed, kr\u00e1sn\u00fdmi obr\u00e1zky p\u0159\u00edrodn\u00edch jev\u016f, sv\u00e1tk\u016f a mnoho dal\u0161\u00edho. P\u0159i uspo\u0159\u00e1d\u00e1v\u00e1n\u00ed karet se d\u011bti dozv\u00ed o charakteristick\u00fdch podm\u00ednk\u00e1ch b\u011bhem ka\u017ed\u00e9ho z ro\u010dn\u00edch obdob\u00ed. \u2603\ufe0f \u2614\ufe0f Hra obsahuje: 44 karet.<\/p>\n","protected":false},"featured_media":6955,"comment_status":"closed","ping_status":"closed","template":"","meta":{"_acf_changed":false,"site-sidebar-layout":"default","site-content-layout":"","ast-site-content-layout":"default","site-content-style":"default","site-sidebar-style":"default","ast-global-header-display":"","ast-banner-title-visibility":"","ast-main-header-display":"","ast-hfb-above-header-display":"","ast-hfb-below-header-display":"","ast-hfb-mobile-header-display":"","site-post-title":"","ast-breadcrumbs-content":"","ast-featured-img":"","footer-sml-layout":"","ast-disable-related-posts":"","theme-transparent-header-meta":"default","adv-header-id-meta":"","stick-header-meta":"default","header-above-stick-meta":"","header-main-stick-meta":"","header-below-stick-meta":"","astra-migrate-meta-layouts":"set","ast-page-background-enabled":"default","ast-page-background-meta":{"desktop":{"background-color":"","background-image":"","background-repeat":"repeat","background-position":"center center","background-size":"auto","background-attachment":"scroll","background-type":"","background-media":"","overlay-type":"","overlay-color":"","overlay-opacity":"","overlay-gradient":""},"tablet":{"background-color":"","background-image":"","background-repeat":"repeat","background-position":"center center","background-size":"auto","background-attachment":"scroll","background-type":"","background-media":"","overlay-type":"","overlay-color":"","overlay-opacity":"","overlay-gradient":""},"mobile":{"background-color":"","background-image":"","background-repeat":"repeat","background-position":"center center","background-size":"auto","background-attachment":"scroll","background-type":"","background-media":"","overlay-type":"","overlay-color":"","overlay-opacity":"","overlay-gradient":""}},"ast-content-background-meta":{"desktop":{"background-color":"var(--ast-global-color-5)","background-image":"","background-repeat":"repeat","background-position":"center center","background-size":"auto","background-attachment":"scroll","background-type":"","background-media":"","overlay-type":"","overlay-color":"","overlay-opacity":"","overlay-gradient":""},"tablet":{"background-color":"var(--ast-global-color-5)","background-image":"","background-repeat":"repeat","background-position":"center center","background-size":"auto","background-attachment":"scroll","background-type":"","background-media":"","overlay-type":"","overlay-color":"","overlay-opacity":"","overlay-gradient":""},"mobile":{"background-color":"var(--ast-global-color-5)","background-image":"","background-repeat":"repeat","background-position":"center center","background-size":"auto","background-attachment":"scroll","background-type":"","background-media":"","overlay-type":"","overlay-color":"","overlay-opacity":"","overlay-gradient":""}}},"product_brand":[],"product_cat":[135,136],"product_tag":[],"class_list":{"0":"post-6953","1":"product","2":"type-product","3":"status-publish","4":"has-post-thumbnail","6":"product_cat-puzzle-a-karetni","7":"product_cat-trideni","8":"desktop-align-center","9":"tablet-align-left","10":"mobile-align-center","11":"ast-product-gallery-layout-first-image-large","12":"ast-product-tabs-layout-horizontal","14":"first","15":"instock","16":"sale","17":"downloadable","18":"virtual","19":"sold-individually","20":"purchasable","21":"product-type-simple"},"acf":[],"_links":{"self":[{"href":"https:\/\/kastenkidz.com\/cs\/wp-json\/wp\/v2\/product\/6953","targetHints":{"allow":["GET"]}}],"collection":[{"href":"https:\/\/kastenkidz.com\/cs\/wp-json\/wp\/v2\/product"}],"about":[{"href":"https:\/\/kastenkidz.com\/cs\/wp-json\/wp\/v2\/types\/product"}],"replies":[{"embeddable":true,"href":"https:\/\/kastenkidz.com\/cs\/wp-json\/wp\/v2\/comments?post=6953"}],"wp:featuredmedia":[{"embeddable":true,"href":"https:\/\/kastenkidz.com\/cs\/wp-json\/wp\/v2\/media\/6955"}],"wp:attachment":[{"href":"https:\/\/kastenkidz.com\/cs\/wp-json\/wp\/v2\/media?parent=6953"}],"wp:term":[{"taxonomy":"product_brand","embeddable":true,"href":"https:\/\/kastenkidz.com\/cs\/wp-json\/wp\/v2\/product_brand?post=6953"},{"taxonomy":"product_cat","embeddable":true,"href":"https:\/\/kastenkidz.com\/cs\/wp-json\/wp\/v2\/product_cat?post=6953"},{"taxonomy":"product_tag","embeddable":true,"href":"https:\/\/kastenkidz.com\/cs\/wp-json\/wp\/v2\/product_tag?post=6953"}],"curies":[{"name":"wp","href":"https:\/\/api.w.org\/{rel}","templated":true}]}}