{"id":6929,"date":"2025-02-06T16:45:36","date_gmt":"2025-02-06T16:45:36","guid":{"rendered":"https:\/\/kastenkidz.com\/product\/zakodovana-zviratka\/"},"modified":"2025-07-20T19:05:21","modified_gmt":"2025-07-20T19:05:21","slug":"zakodovana-zviratka","status":"publish","type":"product","link":"https:\/\/kastenkidz.com\/cs\/produkt\/zakodovana-zviratka\/","title":{"rendered":"Zak\u00f3dovan\u00e1 zv\u00ed\u0159\u00e1tka"},"content":{"rendered":"<p>Vydejte se s touto z\u00e1bavnou hrou za dobrodru\u017estv\u00edm se zv\u00ed\u0159aty!  \u27a1\ufe0f\u2b05\ufe0f\u2b06\ufe0f\u2b07\ufe0f Va\u0161\u00edm \u00fakolem je naj\u00edt ztracen\u00e1 zv\u00ed\u0159ata podle \u0161ipek na hern\u00edch kart\u00e1ch. Princip je jednoduch\u00fd: vyberte si kartu, najd\u011bte zv\u00ed\u0159e v tabulce a podle \u0161ipek objevte dal\u0161\u00ed. Tato hra zdokonaluje schopnost \u0159e\u0161it probl\u00e9my a rozpozn\u00e1vat zv\u00ed\u0159ata.<\/p>\n<p>Hra obsahuje: 7 list\u016f ve form\u00e1tu A4.<br \/>\nTabulka se zv\u00ed\u0159aty, 16 karet se zv\u00ed\u0159aty, 16 karet se \u0161ipkami. <\/p>\n","protected":false},"excerpt":{"rendered":"<p>Vydejte se s touto z\u00e1bavnou hrou za dobrodru\u017estv\u00edm se zv\u00ed\u0159aty! \u27a1\ufe0f\u2b05\ufe0f\u2b06\ufe0f\u2b07\ufe0f Va\u0161\u00edm \u00fakolem je naj\u00edt ztracen\u00e1 zv\u00ed\u0159ata podle \u0161ipek na hern\u00edch kart\u00e1ch. Princip je jednoduch\u00fd: vyberte si kartu, najd\u011bte zv\u00ed\u0159e v tabulce a podle \u0161ipek objevte dal\u0161\u00ed. Tato hra zdokonaluje schopnost \u0159e\u0161it probl\u00e9my a rozpozn\u00e1vat zv\u00ed\u0159ata. Hra obsahuje: 7 list\u016f ve form\u00e1tu A4. Tabulka se [&hellip;]<\/p>\n","protected":false},"featured_media":6931,"comment_status":"closed","ping_status":"closed","template":"","meta":{"_acf_changed":false,"site-sidebar-layout":"default","site-content-layout":"","ast-site-content-layout":"default","site-content-style":"default","site-sidebar-style":"default","ast-global-header-display":"","ast-banner-title-visibility":"","ast-main-header-display":"","ast-hfb-above-header-display":"","ast-hfb-below-header-display":"","ast-hfb-mobile-header-display":"","site-post-title":"","ast-breadcrumbs-content":"","ast-featured-img":"","footer-sml-layout":"","ast-disable-related-posts":"","theme-transparent-header-meta":"default","adv-header-id-meta":"","stick-header-meta":"default","header-above-stick-meta":"","header-main-stick-meta":"","header-below-stick-meta":"","astra-migrate-meta-layouts":"default","ast-page-background-enabled":"default","ast-page-background-meta":{"desktop":{"background-color":"","background-image":"","background-repeat":"repeat","background-position":"center center","background-size":"auto","background-attachment":"scroll","background-type":"","background-media":"","overlay-type":"","overlay-color":"","overlay-opacity":"","overlay-gradient":""},"tablet":{"background-color":"","background-image":"","background-repeat":"repeat","background-position":"center center","background-size":"auto","background-attachment":"scroll","background-type":"","background-media":"","overlay-type":"","overlay-color":"","overlay-opacity":"","overlay-gradient":""},"mobile":{"background-color":"","background-image":"","background-repeat":"repeat","background-position":"center center","background-size":"auto","background-attachment":"scroll","background-type":"","background-media":"","overlay-type":"","overlay-color":"","overlay-opacity":"","overlay-gradient":""}},"ast-content-background-meta":{"desktop":{"background-color":"var(--ast-global-color-5)","background-image":"","background-repeat":"repeat","background-position":"center center","background-size":"auto","background-attachment":"scroll","background-type":"","background-media":"","overlay-type":"","overlay-color":"","overlay-opacity":"","overlay-gradient":""},"tablet":{"background-color":"var(--ast-global-color-5)","background-image":"","background-repeat":"repeat","background-position":"center center","background-size":"auto","background-attachment":"scroll","background-type":"","background-media":"","overlay-type":"","overlay-color":"","overlay-opacity":"","overlay-gradient":""},"mobile":{"background-color":"var(--ast-global-color-5)","background-image":"","background-repeat":"repeat","background-position":"center center","background-size":"auto","background-attachment":"scroll","background-type":"","background-media":"","overlay-type":"","overlay-color":"","overlay-opacity":"","overlay-gradient":""}}},"product_brand":[],"product_cat":[134],"product_tag":[],"class_list":{"0":"post-6929","1":"product","2":"type-product","3":"status-publish","4":"has-post-thumbnail","6":"product_cat-pamet-a-pozornost","7":"desktop-align-center","8":"tablet-align-left","9":"mobile-align-center","10":"ast-product-gallery-layout-first-image-large","11":"ast-product-gallery-with-no-image","12":"ast-product-tabs-layout-horizontal","14":"first","15":"instock","16":"sale","17":"downloadable","18":"virtual","19":"sold-individually","20":"purchasable","21":"product-type-simple"},"acf":[],"_links":{"self":[{"href":"https:\/\/kastenkidz.com\/cs\/wp-json\/wp\/v2\/product\/6929","targetHints":{"allow":["GET"]}}],"collection":[{"href":"https:\/\/kastenkidz.com\/cs\/wp-json\/wp\/v2\/product"}],"about":[{"href":"https:\/\/kastenkidz.com\/cs\/wp-json\/wp\/v2\/types\/product"}],"replies":[{"embeddable":true,"href":"https:\/\/kastenkidz.com\/cs\/wp-json\/wp\/v2\/comments?post=6929"}],"wp:featuredmedia":[{"embeddable":true,"href":"https:\/\/kastenkidz.com\/cs\/wp-json\/wp\/v2\/media\/6931"}],"wp:attachment":[{"href":"https:\/\/kastenkidz.com\/cs\/wp-json\/wp\/v2\/media?parent=6929"}],"wp:term":[{"taxonomy":"product_brand","embeddable":true,"href":"https:\/\/kastenkidz.com\/cs\/wp-json\/wp\/v2\/product_brand?post=6929"},{"taxonomy":"product_cat","embeddable":true,"href":"https:\/\/kastenkidz.com\/cs\/wp-json\/wp\/v2\/product_cat?post=6929"},{"taxonomy":"product_tag","embeddable":true,"href":"https:\/\/kastenkidz.com\/cs\/wp-json\/wp\/v2\/product_tag?post=6929"}],"curies":[{"name":"wp","href":"https:\/\/api.w.org\/{rel}","templated":true}]}}