{"id":6915,"date":"2025-02-06T16:45:36","date_gmt":"2025-02-06T16:45:36","guid":{"rendered":"https:\/\/kastenkidz.com\/product\/rekni-kam-to-patri-hra\/"},"modified":"2025-12-11T17:35:19","modified_gmt":"2025-12-11T17:35:19","slug":"rekni-kam-to-patri-hra","status":"publish","type":"product","link":"https:\/\/kastenkidz.com\/cs\/produkt\/rekni-kam-to-patri-hra\/","title":{"rendered":"Hra ,,\u0158ekni, kam to pat\u0159\u00ed&#8220;"},"content":{"rendered":"<p>I U\u010den\u00ed m\u016f\u017ee b\u00fdt z\u00e1bava! Zkuste si zahr\u00e1t hru \u201e\u0158ekni, kam to pat\u0159\u00ed\u201c. Obsahuje 4 barevn\u00e9 plak\u00e1ty (ovoce a zelenina, oble\u010den\u00ed, \u010d\u00e1sti t\u011bla a n\u00e1bytek) a 36 obr\u00e1zkov\u00fdch karet. Pravidla jsou jednoduch\u00e1: hr\u00e1\u010d si vezme kartu, \u0159ekne slovo napsan\u00e9 na n\u00ed nahlas a kartu ulo\u017e\u00ed do spr\u00e1vn\u00e9ho dome\u010dku. Skv\u011bl\u00fd zp\u016fsob, jak si procvi\u010dit slovn\u00ed z\u00e1sobu a t\u0159\u00edd\u011bn\u00ed podle jasn\u00fdch krit\u00e9ri\u00ed!<br \/>\nDoporu\u010den\u00e9 dopl\u0148uj\u00edc\u00ed \u00fakoly:<br \/>\n\u2013 popis vyobrazen\u00e9ho p\u0159edm\u011btu,<br \/>\n\u2013 vymy\u0161len\u00ed v\u011bty obsahuj\u00edc\u00edch vyobrazen\u00fd p\u0159edm\u011bt,<br \/>\n\u2013 obecn\u00e1 charakteristika obr\u00e1zku.<\/p>\n<p>Hra obsahuje: 6 list\u016f ve form\u00e1tu A4.<\/p>\n","protected":false},"excerpt":{"rendered":"<p>I U\u010den\u00ed m\u016f\u017ee b\u00fdt z\u00e1bava! Zkuste si zahr\u00e1t hru \u201e\u0158ekni, kam to pat\u0159\u00ed\u201c. Obsahuje 4 barevn\u00e9 plak\u00e1ty (ovoce a zelenina, oble\u010den\u00ed, \u010d\u00e1sti t\u011bla a n\u00e1bytek) a 36 obr\u00e1zkov\u00fdch karet. Pravidla jsou jednoduch\u00e1: hr\u00e1\u010d si vezme kartu, \u0159ekne slovo napsan\u00e9 na n\u00ed nahlas a kartu ulo\u017e\u00ed do spr\u00e1vn\u00e9ho dome\u010dku. Skv\u011bl\u00fd zp\u016fsob, jak si procvi\u010dit slovn\u00ed z\u00e1sobu [&hellip;]<\/p>\n","protected":false},"featured_media":6917,"comment_status":"closed","ping_status":"closed","template":"","meta":{"_acf_changed":false,"site-sidebar-layout":"default","site-content-layout":"","ast-site-content-layout":"default","site-content-style":"default","site-sidebar-style":"default","ast-global-header-display":"","ast-banner-title-visibility":"","ast-main-header-display":"","ast-hfb-above-header-display":"","ast-hfb-below-header-display":"","ast-hfb-mobile-header-display":"","site-post-title":"","ast-breadcrumbs-content":"","ast-featured-img":"","footer-sml-layout":"","ast-disable-related-posts":"","theme-transparent-header-meta":"default","adv-header-id-meta":"","stick-header-meta":"default","header-above-stick-meta":"","header-main-stick-meta":"","header-below-stick-meta":"","astra-migrate-meta-layouts":"set","ast-page-background-enabled":"default","ast-page-background-meta":{"desktop":{"background-color":"","background-image":"","background-repeat":"repeat","background-position":"center center","background-size":"auto","background-attachment":"scroll","background-type":"","background-media":"","overlay-type":"","overlay-color":"","overlay-opacity":"","overlay-gradient":""},"tablet":{"background-color":"","background-image":"","background-repeat":"repeat","background-position":"center center","background-size":"auto","background-attachment":"scroll","background-type":"","background-media":"","overlay-type":"","overlay-color":"","overlay-opacity":"","overlay-gradient":""},"mobile":{"background-color":"","background-image":"","background-repeat":"repeat","background-position":"center center","background-size":"auto","background-attachment":"scroll","background-type":"","background-media":"","overlay-type":"","overlay-color":"","overlay-opacity":"","overlay-gradient":""}},"ast-content-background-meta":{"desktop":{"background-color":"var(--ast-global-color-5)","background-image":"","background-repeat":"repeat","background-position":"center center","background-size":"auto","background-attachment":"scroll","background-type":"","background-media":"","overlay-type":"","overlay-color":"","overlay-opacity":"","overlay-gradient":""},"tablet":{"background-color":"var(--ast-global-color-5)","background-image":"","background-repeat":"repeat","background-position":"center center","background-size":"auto","background-attachment":"scroll","background-type":"","background-media":"","overlay-type":"","overlay-color":"","overlay-opacity":"","overlay-gradient":""},"mobile":{"background-color":"var(--ast-global-color-5)","background-image":"","background-repeat":"repeat","background-position":"center center","background-size":"auto","background-attachment":"scroll","background-type":"","background-media":"","overlay-type":"","overlay-color":"","overlay-opacity":"","overlay-gradient":""}}},"product_brand":[],"product_cat":[132,136],"product_tag":[],"class_list":{"0":"post-6915","1":"product","2":"type-product","3":"status-publish","4":"has-post-thumbnail","6":"product_cat-jazyk","7":"product_cat-trideni","8":"desktop-align-center","9":"tablet-align-left","10":"mobile-align-center","11":"ast-product-gallery-layout-first-image-large","12":"ast-product-tabs-layout-horizontal","14":"first","15":"instock","16":"sale","17":"downloadable","18":"virtual","19":"sold-individually","20":"purchasable","21":"product-type-simple"},"acf":[],"_links":{"self":[{"href":"https:\/\/kastenkidz.com\/cs\/wp-json\/wp\/v2\/product\/6915","targetHints":{"allow":["GET"]}}],"collection":[{"href":"https:\/\/kastenkidz.com\/cs\/wp-json\/wp\/v2\/product"}],"about":[{"href":"https:\/\/kastenkidz.com\/cs\/wp-json\/wp\/v2\/types\/product"}],"replies":[{"embeddable":true,"href":"https:\/\/kastenkidz.com\/cs\/wp-json\/wp\/v2\/comments?post=6915"}],"wp:featuredmedia":[{"embeddable":true,"href":"https:\/\/kastenkidz.com\/cs\/wp-json\/wp\/v2\/media\/6917"}],"wp:attachment":[{"href":"https:\/\/kastenkidz.com\/cs\/wp-json\/wp\/v2\/media?parent=6915"}],"wp:term":[{"taxonomy":"product_brand","embeddable":true,"href":"https:\/\/kastenkidz.com\/cs\/wp-json\/wp\/v2\/product_brand?post=6915"},{"taxonomy":"product_cat","embeddable":true,"href":"https:\/\/kastenkidz.com\/cs\/wp-json\/wp\/v2\/product_cat?post=6915"},{"taxonomy":"product_tag","embeddable":true,"href":"https:\/\/kastenkidz.com\/cs\/wp-json\/wp\/v2\/product_tag?post=6915"}],"curies":[{"name":"wp","href":"https:\/\/api.w.org\/{rel}","templated":true}]}}