{"id":6907,"date":"2025-02-06T16:45:36","date_gmt":"2025-02-06T16:45:36","guid":{"rendered":"https:\/\/kastenkidz.com\/product\/barevne-medvedi-skladacky\/"},"modified":"2025-07-20T19:05:19","modified_gmt":"2025-07-20T19:05:19","slug":"barevne-medvedi-skladacky","status":"publish","type":"product","link":"https:\/\/kastenkidz.com\/cs\/produkt\/barevne-medvedi-skladacky\/","title":{"rendered":"Barevn\u00e9 medv\u011bd\u00ed skl\u00e1da\u010dky"},"content":{"rendered":"<p>Posilujte u sv\u00e9ho d\u00edt\u011bte vztah k barv\u00e1m pomoc\u00ed t\u00e9to z\u00e1bavn\u00e9 t\u0159\u00eddic\u00ed pom\u016fcky!   Ka\u017ed\u00fd medv\u00eddek je vybarven jednou ze \u010dty\u0159 barev a \u00fakolem d\u00edt\u011bte je ke ka\u017ed\u00e9mu medv\u00eddkovi p\u0159i\u0159azovat spr\u00e1vnou paletu barev. Hrav\u00fd zp\u016fsob, jak se u\u010dit a t\u0159\u00eddit barvy a z\u00e1rove\u0148 rozv\u00edjet pozorovac\u00ed schopnosti!  <\/p>\n<p>Hra obsahuje: 6 list\u016f ve form\u00e1tu A4.<br \/>\n18 karet s barevn\u00fdmi medv\u011bdy, 18 karet s barevn\u00fdmi paletami <\/p>\n","protected":false},"excerpt":{"rendered":"<p>Posilujte u sv\u00e9ho d\u00edt\u011bte vztah k barv\u00e1m pomoc\u00ed t\u00e9to z\u00e1bavn\u00e9 t\u0159\u00eddic\u00ed pom\u016fcky! Ka\u017ed\u00fd medv\u00eddek je vybarven jednou ze \u010dty\u0159 barev a \u00fakolem d\u00edt\u011bte je ke ka\u017ed\u00e9mu medv\u00eddkovi p\u0159i\u0159azovat spr\u00e1vnou paletu barev. Hrav\u00fd zp\u016fsob, jak se u\u010dit a t\u0159\u00eddit barvy a z\u00e1rove\u0148 rozv\u00edjet pozorovac\u00ed schopnosti! Hra obsahuje: 6 list\u016f ve form\u00e1tu A4. 18 karet s barevn\u00fdmi [&hellip;]<\/p>\n","protected":false},"featured_media":6909,"comment_status":"closed","ping_status":"closed","template":"","meta":{"_acf_changed":false,"site-sidebar-layout":"default","site-content-layout":"","ast-site-content-layout":"default","site-content-style":"default","site-sidebar-style":"default","ast-global-header-display":"","ast-banner-title-visibility":"","ast-main-header-display":"","ast-hfb-above-header-display":"","ast-hfb-below-header-display":"","ast-hfb-mobile-header-display":"","site-post-title":"","ast-breadcrumbs-content":"","ast-featured-img":"","footer-sml-layout":"","ast-disable-related-posts":"","theme-transparent-header-meta":"default","adv-header-id-meta":"","stick-header-meta":"default","header-above-stick-meta":"","header-main-stick-meta":"","header-below-stick-meta":"","astra-migrate-meta-layouts":"default","ast-page-background-enabled":"default","ast-page-background-meta":{"desktop":{"background-color":"","background-image":"","background-repeat":"repeat","background-position":"center center","background-size":"auto","background-attachment":"scroll","background-type":"","background-media":"","overlay-type":"","overlay-color":"","overlay-opacity":"","overlay-gradient":""},"tablet":{"background-color":"","background-image":"","background-repeat":"repeat","background-position":"center center","background-size":"auto","background-attachment":"scroll","background-type":"","background-media":"","overlay-type":"","overlay-color":"","overlay-opacity":"","overlay-gradient":""},"mobile":{"background-color":"","background-image":"","background-repeat":"repeat","background-position":"center center","background-size":"auto","background-attachment":"scroll","background-type":"","background-media":"","overlay-type":"","overlay-color":"","overlay-opacity":"","overlay-gradient":""}},"ast-content-background-meta":{"desktop":{"background-color":"var(--ast-global-color-5)","background-image":"","background-repeat":"repeat","background-position":"center center","background-size":"auto","background-attachment":"scroll","background-type":"","background-media":"","overlay-type":"","overlay-color":"","overlay-opacity":"","overlay-gradient":""},"tablet":{"background-color":"var(--ast-global-color-5)","background-image":"","background-repeat":"repeat","background-position":"center center","background-size":"auto","background-attachment":"scroll","background-type":"","background-media":"","overlay-type":"","overlay-color":"","overlay-opacity":"","overlay-gradient":""},"mobile":{"background-color":"var(--ast-global-color-5)","background-image":"","background-repeat":"repeat","background-position":"center center","background-size":"auto","background-attachment":"scroll","background-type":"","background-media":"","overlay-type":"","overlay-color":"","overlay-opacity":"","overlay-gradient":""}}},"product_brand":[],"product_cat":[131,134],"product_tag":[],"class_list":{"0":"post-6907","1":"product","2":"type-product","3":"status-publish","4":"has-post-thumbnail","6":"product_cat-hry","7":"product_cat-pamet-a-pozornost","8":"desktop-align-center","9":"tablet-align-left","10":"mobile-align-center","11":"ast-product-gallery-layout-first-image-large","12":"ast-product-gallery-with-no-image","13":"ast-product-tabs-layout-horizontal","15":"first","16":"instock","17":"sale","18":"downloadable","19":"virtual","20":"sold-individually","21":"purchasable","22":"product-type-simple"},"acf":[],"_links":{"self":[{"href":"https:\/\/kastenkidz.com\/cs\/wp-json\/wp\/v2\/product\/6907","targetHints":{"allow":["GET"]}}],"collection":[{"href":"https:\/\/kastenkidz.com\/cs\/wp-json\/wp\/v2\/product"}],"about":[{"href":"https:\/\/kastenkidz.com\/cs\/wp-json\/wp\/v2\/types\/product"}],"replies":[{"embeddable":true,"href":"https:\/\/kastenkidz.com\/cs\/wp-json\/wp\/v2\/comments?post=6907"}],"wp:featuredmedia":[{"embeddable":true,"href":"https:\/\/kastenkidz.com\/cs\/wp-json\/wp\/v2\/media\/6909"}],"wp:attachment":[{"href":"https:\/\/kastenkidz.com\/cs\/wp-json\/wp\/v2\/media?parent=6907"}],"wp:term":[{"taxonomy":"product_brand","embeddable":true,"href":"https:\/\/kastenkidz.com\/cs\/wp-json\/wp\/v2\/product_brand?post=6907"},{"taxonomy":"product_cat","embeddable":true,"href":"https:\/\/kastenkidz.com\/cs\/wp-json\/wp\/v2\/product_cat?post=6907"},{"taxonomy":"product_tag","embeddable":true,"href":"https:\/\/kastenkidz.com\/cs\/wp-json\/wp\/v2\/product_tag?post=6907"}],"curies":[{"name":"wp","href":"https:\/\/api.w.org\/{rel}","templated":true}]}}