{"id":6893,"date":"2025-02-06T16:45:36","date_gmt":"2025-02-06T16:45:36","guid":{"rendered":"https:\/\/kastenkidz.com\/product\/jak-se-citis\/"},"modified":"2025-07-20T19:05:18","modified_gmt":"2025-07-20T19:05:18","slug":"jak-se-citis","status":"publish","type":"product","link":"https:\/\/kastenkidz.com\/cs\/produkt\/jak-se-citis\/","title":{"rendered":"Jak se c\u00edt\u00ed\u0161?"},"content":{"rendered":"<p>\u00da\u010delem t\u00e9to pom\u016fcky je umo\u017enit d\u011btem vyj\u00e1d\u0159it jejich rozpolo\u017een\u00ed. M\u016f\u017eete tak vyhodnotit nejen rozpolo\u017een\u00ed jednoho d\u00edt\u011bte, ale tak\u00e9 pocity cel\u00e9 skupiny r\u00e1no, po vyu\u010dov\u00e1n\u00ed nebo dnes celkov\u011b.<\/p>\n<p>Hra obsahuje: 7 list\u016f ve form\u00e1tu A4. <\/p>\n","protected":false},"excerpt":{"rendered":"<p>\u00da\u010delem t\u00e9to pom\u016fcky je umo\u017enit d\u011btem vyj\u00e1d\u0159it jejich rozpolo\u017een\u00ed. M\u016f\u017eete tak vyhodnotit nejen rozpolo\u017een\u00ed jednoho d\u00edt\u011bte, ale tak\u00e9 pocity cel\u00e9 skupiny r\u00e1no, po vyu\u010dov\u00e1n\u00ed nebo dnes celkov\u011b. Hra obsahuje: 7 list\u016f ve form\u00e1tu A4.<\/p>\n","protected":false},"featured_media":6895,"comment_status":"closed","ping_status":"closed","template":"","meta":{"_acf_changed":false,"site-sidebar-layout":"default","site-content-layout":"","ast-site-content-layout":"default","site-content-style":"default","site-sidebar-style":"default","ast-global-header-display":"","ast-banner-title-visibility":"","ast-main-header-display":"","ast-hfb-above-header-display":"","ast-hfb-below-header-display":"","ast-hfb-mobile-header-display":"","site-post-title":"","ast-breadcrumbs-content":"","ast-featured-img":"","footer-sml-layout":"","ast-disable-related-posts":"","theme-transparent-header-meta":"default","adv-header-id-meta":"","stick-header-meta":"default","header-above-stick-meta":"","header-main-stick-meta":"","header-below-stick-meta":"","astra-migrate-meta-layouts":"default","ast-page-background-enabled":"default","ast-page-background-meta":{"desktop":{"background-color":"","background-image":"","background-repeat":"repeat","background-position":"center center","background-size":"auto","background-attachment":"scroll","background-type":"","background-media":"","overlay-type":"","overlay-color":"","overlay-opacity":"","overlay-gradient":""},"tablet":{"background-color":"","background-image":"","background-repeat":"repeat","background-position":"center center","background-size":"auto","background-attachment":"scroll","background-type":"","background-media":"","overlay-type":"","overlay-color":"","overlay-opacity":"","overlay-gradient":""},"mobile":{"background-color":"","background-image":"","background-repeat":"repeat","background-position":"center center","background-size":"auto","background-attachment":"scroll","background-type":"","background-media":"","overlay-type":"","overlay-color":"","overlay-opacity":"","overlay-gradient":""}},"ast-content-background-meta":{"desktop":{"background-color":"var(--ast-global-color-5)","background-image":"","background-repeat":"repeat","background-position":"center center","background-size":"auto","background-attachment":"scroll","background-type":"","background-media":"","overlay-type":"","overlay-color":"","overlay-opacity":"","overlay-gradient":""},"tablet":{"background-color":"var(--ast-global-color-5)","background-image":"","background-repeat":"repeat","background-position":"center center","background-size":"auto","background-attachment":"scroll","background-type":"","background-media":"","overlay-type":"","overlay-color":"","overlay-opacity":"","overlay-gradient":""},"mobile":{"background-color":"var(--ast-global-color-5)","background-image":"","background-repeat":"repeat","background-position":"center center","background-size":"auto","background-attachment":"scroll","background-type":"","background-media":"","overlay-type":"","overlay-color":"","overlay-opacity":"","overlay-gradient":""}}},"product_brand":[],"product_cat":[135],"product_tag":[],"class_list":{"0":"post-6893","1":"product","2":"type-product","3":"status-publish","4":"has-post-thumbnail","6":"product_cat-puzzle-a-karetni","7":"desktop-align-center","8":"tablet-align-left","9":"mobile-align-center","10":"ast-product-gallery-layout-first-image-large","11":"ast-product-tabs-layout-horizontal","13":"first","14":"instock","15":"sale","16":"downloadable","17":"virtual","18":"sold-individually","19":"purchasable","20":"product-type-simple"},"acf":[],"_links":{"self":[{"href":"https:\/\/kastenkidz.com\/cs\/wp-json\/wp\/v2\/product\/6893","targetHints":{"allow":["GET"]}}],"collection":[{"href":"https:\/\/kastenkidz.com\/cs\/wp-json\/wp\/v2\/product"}],"about":[{"href":"https:\/\/kastenkidz.com\/cs\/wp-json\/wp\/v2\/types\/product"}],"replies":[{"embeddable":true,"href":"https:\/\/kastenkidz.com\/cs\/wp-json\/wp\/v2\/comments?post=6893"}],"wp:featuredmedia":[{"embeddable":true,"href":"https:\/\/kastenkidz.com\/cs\/wp-json\/wp\/v2\/media\/6895"}],"wp:attachment":[{"href":"https:\/\/kastenkidz.com\/cs\/wp-json\/wp\/v2\/media?parent=6893"}],"wp:term":[{"taxonomy":"product_brand","embeddable":true,"href":"https:\/\/kastenkidz.com\/cs\/wp-json\/wp\/v2\/product_brand?post=6893"},{"taxonomy":"product_cat","embeddable":true,"href":"https:\/\/kastenkidz.com\/cs\/wp-json\/wp\/v2\/product_cat?post=6893"},{"taxonomy":"product_tag","embeddable":true,"href":"https:\/\/kastenkidz.com\/cs\/wp-json\/wp\/v2\/product_tag?post=6893"}],"curies":[{"name":"wp","href":"https:\/\/api.w.org\/{rel}","templated":true}]}}