{"id":6879,"date":"2025-02-06T16:45:36","date_gmt":"2025-02-06T16:45:36","guid":{"rendered":"https:\/\/kastenkidz.com\/product\/zvirata-pod-lupou\/"},"modified":"2025-07-25T14:32:19","modified_gmt":"2025-07-25T14:32:19","slug":"zvirata-pod-lupou","status":"publish","type":"product","link":"https:\/\/kastenkidz.com\/cs\/produkt\/zvirata-pod-lupou\/","title":{"rendered":"Zv\u00ed\u0159ata pod lupou"},"content":{"rendered":"<p>Sta\u0148te se detektivem s touto z\u00e1bavnou hrou na rozpozn\u00e1v\u00e1n\u00ed zv\u00ed\u0159at! Va\u0161\u00edm \u00fakolem bude pomoc\u00ed lupy rozpoznat jednotliv\u00e1 zv\u00ed\u0159\u00e1tka jen podle \u010d\u00e1sti obr\u00e1zku. Na 60 karti\u010dk\u00e1ch tak najdete zv\u00ed\u0159ata a jejich zv\u011bt\u0161en\u00e9 \u010d\u00e1sti, d\u00edky kter\u00fdm si zdokonal\u00edte sv\u00e9 pozorovac\u00ed schopnosti a nau\u010d\u00edte se n\u011bco nov\u00e9ho o zv\u00ed\u0159ec\u00ed \u0159\u00ed\u0161i. Po\u0159i\u010fte si svou sadu je\u0161t\u011b dnes!<\/p>\n<p>10 list\u016f ve form\u00e1tu A4.<\/p>\n","protected":false},"excerpt":{"rendered":"<p>Sta\u0148te se detektivem s touto z\u00e1bavnou hrou na rozpozn\u00e1v\u00e1n\u00ed zv\u00ed\u0159at! Va\u0161\u00edm \u00fakolem bude pomoc\u00ed lupy rozpoznat jednotliv\u00e1 zv\u00ed\u0159\u00e1tka jen podle \u010d\u00e1sti obr\u00e1zku. Na 60 karti\u010dk\u00e1ch tak najdete zv\u00ed\u0159ata a jejich zv\u011bt\u0161en\u00e9 \u010d\u00e1sti, d\u00edky kter\u00fdm si zdokonal\u00edte sv\u00e9 pozorovac\u00ed schopnosti a nau\u010d\u00edte se n\u011bco nov\u00e9ho o zv\u00ed\u0159ec\u00ed \u0159\u00ed\u0161i. Po\u0159i\u010fte si svou sadu je\u0161t\u011b dnes! 10 list\u016f [&hellip;]<\/p>\n","protected":false},"featured_media":6881,"comment_status":"closed","ping_status":"closed","template":"","meta":{"_acf_changed":false,"site-sidebar-layout":"default","site-content-layout":"","ast-site-content-layout":"default","site-content-style":"default","site-sidebar-style":"default","ast-global-header-display":"","ast-banner-title-visibility":"","ast-main-header-display":"","ast-hfb-above-header-display":"","ast-hfb-below-header-display":"","ast-hfb-mobile-header-display":"","site-post-title":"","ast-breadcrumbs-content":"","ast-featured-img":"","footer-sml-layout":"","ast-disable-related-posts":"","theme-transparent-header-meta":"default","adv-header-id-meta":"","stick-header-meta":"default","header-above-stick-meta":"","header-main-stick-meta":"","header-below-stick-meta":"","astra-migrate-meta-layouts":"set","ast-page-background-enabled":"default","ast-page-background-meta":{"desktop":{"background-color":"","background-image":"","background-repeat":"repeat","background-position":"center center","background-size":"auto","background-attachment":"scroll","background-type":"","background-media":"","overlay-type":"","overlay-color":"","overlay-opacity":"","overlay-gradient":""},"tablet":{"background-color":"","background-image":"","background-repeat":"repeat","background-position":"center center","background-size":"auto","background-attachment":"scroll","background-type":"","background-media":"","overlay-type":"","overlay-color":"","overlay-opacity":"","overlay-gradient":""},"mobile":{"background-color":"","background-image":"","background-repeat":"repeat","background-position":"center center","background-size":"auto","background-attachment":"scroll","background-type":"","background-media":"","overlay-type":"","overlay-color":"","overlay-opacity":"","overlay-gradient":""}},"ast-content-background-meta":{"desktop":{"background-color":"var(--ast-global-color-5)","background-image":"","background-repeat":"repeat","background-position":"center center","background-size":"auto","background-attachment":"scroll","background-type":"","background-media":"","overlay-type":"","overlay-color":"","overlay-opacity":"","overlay-gradient":""},"tablet":{"background-color":"var(--ast-global-color-5)","background-image":"","background-repeat":"repeat","background-position":"center center","background-size":"auto","background-attachment":"scroll","background-type":"","background-media":"","overlay-type":"","overlay-color":"","overlay-opacity":"","overlay-gradient":""},"mobile":{"background-color":"var(--ast-global-color-5)","background-image":"","background-repeat":"repeat","background-position":"center center","background-size":"auto","background-attachment":"scroll","background-type":"","background-media":"","overlay-type":"","overlay-color":"","overlay-opacity":"","overlay-gradient":""}}},"product_brand":[],"product_cat":[131,134],"product_tag":[],"class_list":{"0":"post-6879","1":"product","2":"type-product","3":"status-publish","4":"has-post-thumbnail","6":"product_cat-hry","7":"product_cat-pamet-a-pozornost","8":"desktop-align-center","9":"tablet-align-left","10":"mobile-align-center","11":"ast-product-gallery-layout-first-image-large","12":"ast-product-tabs-layout-horizontal","14":"first","15":"instock","16":"sale","17":"downloadable","18":"virtual","19":"sold-individually","20":"purchasable","21":"product-type-simple"},"acf":[],"_links":{"self":[{"href":"https:\/\/kastenkidz.com\/cs\/wp-json\/wp\/v2\/product\/6879","targetHints":{"allow":["GET"]}}],"collection":[{"href":"https:\/\/kastenkidz.com\/cs\/wp-json\/wp\/v2\/product"}],"about":[{"href":"https:\/\/kastenkidz.com\/cs\/wp-json\/wp\/v2\/types\/product"}],"replies":[{"embeddable":true,"href":"https:\/\/kastenkidz.com\/cs\/wp-json\/wp\/v2\/comments?post=6879"}],"wp:featuredmedia":[{"embeddable":true,"href":"https:\/\/kastenkidz.com\/cs\/wp-json\/wp\/v2\/media\/6881"}],"wp:attachment":[{"href":"https:\/\/kastenkidz.com\/cs\/wp-json\/wp\/v2\/media?parent=6879"}],"wp:term":[{"taxonomy":"product_brand","embeddable":true,"href":"https:\/\/kastenkidz.com\/cs\/wp-json\/wp\/v2\/product_brand?post=6879"},{"taxonomy":"product_cat","embeddable":true,"href":"https:\/\/kastenkidz.com\/cs\/wp-json\/wp\/v2\/product_cat?post=6879"},{"taxonomy":"product_tag","embeddable":true,"href":"https:\/\/kastenkidz.com\/cs\/wp-json\/wp\/v2\/product_tag?post=6879"}],"curies":[{"name":"wp","href":"https:\/\/api.w.org\/{rel}","templated":true}]}}