{"id":6857,"date":"2025-02-06T16:45:36","date_gmt":"2025-02-06T16:45:36","guid":{"rendered":"https:\/\/kastenkidz.com\/product\/pametova-hra-spravna-dvojice\/"},"modified":"2025-07-20T19:05:14","modified_gmt":"2025-07-20T19:05:14","slug":"pametova-hra-spravna-dvojice","status":"publish","type":"product","link":"https:\/\/kastenkidz.com\/cs\/produkt\/pametova-hra-spravna-dvojice\/","title":{"rendered":"Pam\u011b\u0165ov\u00e1 hra \u201eSpr\u00e1vn\u00e1 dvojice\u201c"},"content":{"rendered":"<p>C\u00edlem hry je naj\u00edt dva obr\u00e1zky, kter\u00e9 logicky pat\u0159\u00ed k sob\u011b, nap\u0159\u00edklad: zub pat\u0159\u00ed k zubn\u00edmu kart\u00e1\u010dku.<br \/>\nPravidla hry:<br \/>\nKarti\u010dky se polo\u017e\u00ed na st\u016fl l\u00edcem dol\u016f.<br \/>\nPrvn\u00ed hr\u00e1\u010d na tahu oto\u010d\u00ed dv\u011b karti\u010dky. Pokud d\u00edt\u011b oto\u010d\u00ed obr\u00e1zky, kter\u00e9 netvo\u0159\u00ed logickou dvojici, oto\u010d\u00ed karty zp\u011bt l\u00edcem dol\u016f. Dal\u0161\u00ed hr\u00e1\u010d na tahu pokra\u010duje stejn\u00fdm zp\u016fsobem. Pokud d\u00edt\u011b najde dvojici karet, kter\u00e9 k sob\u011b logicky pat\u0159\u00ed, polo\u017e\u00ed ji na svou hrom\u00e1dku a pokra\u010duje s dal\u0161\u00ed dvojic\u00ed.<br \/>\nVyhr\u00e1v\u00e1 hr\u00e1\u010d s nejv\u011bt\u0161\u00edm po\u010dtem dvojic.<\/p>\n<p>Hra obsahuje: 48 karti\u010dek tvo\u0159\u00edc\u00edch logick\u00e9 p\u00e1ry obr\u00e1zk\u016f. <\/p>\n","protected":false},"excerpt":{"rendered":"<p>C\u00edlem hry je naj\u00edt dva obr\u00e1zky, kter\u00e9 logicky pat\u0159\u00ed k sob\u011b, nap\u0159\u00edklad: zub pat\u0159\u00ed k zubn\u00edmu kart\u00e1\u010dku. Pravidla hry: Karti\u010dky se polo\u017e\u00ed na st\u016fl l\u00edcem dol\u016f. Prvn\u00ed hr\u00e1\u010d na tahu oto\u010d\u00ed dv\u011b karti\u010dky. Pokud d\u00edt\u011b oto\u010d\u00ed obr\u00e1zky, kter\u00e9 netvo\u0159\u00ed logickou dvojici, oto\u010d\u00ed karty zp\u011bt l\u00edcem dol\u016f. Dal\u0161\u00ed hr\u00e1\u010d na tahu pokra\u010duje stejn\u00fdm zp\u016fsobem. Pokud d\u00edt\u011b [&hellip;]<\/p>\n","protected":false},"featured_media":6859,"comment_status":"closed","ping_status":"closed","template":"","meta":{"_acf_changed":false,"site-sidebar-layout":"default","site-content-layout":"","ast-site-content-layout":"default","site-content-style":"default","site-sidebar-style":"default","ast-global-header-display":"","ast-banner-title-visibility":"","ast-main-header-display":"","ast-hfb-above-header-display":"","ast-hfb-below-header-display":"","ast-hfb-mobile-header-display":"","site-post-title":"","ast-breadcrumbs-content":"","ast-featured-img":"","footer-sml-layout":"","ast-disable-related-posts":"","theme-transparent-header-meta":"default","adv-header-id-meta":"","stick-header-meta":"default","header-above-stick-meta":"","header-main-stick-meta":"","header-below-stick-meta":"","astra-migrate-meta-layouts":"default","ast-page-background-enabled":"default","ast-page-background-meta":{"desktop":{"background-color":"","background-image":"","background-repeat":"repeat","background-position":"center center","background-size":"auto","background-attachment":"scroll","background-type":"","background-media":"","overlay-type":"","overlay-color":"","overlay-opacity":"","overlay-gradient":""},"tablet":{"background-color":"","background-image":"","background-repeat":"repeat","background-position":"center center","background-size":"auto","background-attachment":"scroll","background-type":"","background-media":"","overlay-type":"","overlay-color":"","overlay-opacity":"","overlay-gradient":""},"mobile":{"background-color":"","background-image":"","background-repeat":"repeat","background-position":"center center","background-size":"auto","background-attachment":"scroll","background-type":"","background-media":"","overlay-type":"","overlay-color":"","overlay-opacity":"","overlay-gradient":""}},"ast-content-background-meta":{"desktop":{"background-color":"var(--ast-global-color-5)","background-image":"","background-repeat":"repeat","background-position":"center center","background-size":"auto","background-attachment":"scroll","background-type":"","background-media":"","overlay-type":"","overlay-color":"","overlay-opacity":"","overlay-gradient":""},"tablet":{"background-color":"var(--ast-global-color-5)","background-image":"","background-repeat":"repeat","background-position":"center center","background-size":"auto","background-attachment":"scroll","background-type":"","background-media":"","overlay-type":"","overlay-color":"","overlay-opacity":"","overlay-gradient":""},"mobile":{"background-color":"var(--ast-global-color-5)","background-image":"","background-repeat":"repeat","background-position":"center center","background-size":"auto","background-attachment":"scroll","background-type":"","background-media":"","overlay-type":"","overlay-color":"","overlay-opacity":"","overlay-gradient":""}}},"product_brand":[],"product_cat":[131,134],"product_tag":[],"class_list":{"0":"post-6857","1":"product","2":"type-product","3":"status-publish","4":"has-post-thumbnail","6":"product_cat-hry","7":"product_cat-pamet-a-pozornost","8":"desktop-align-center","9":"tablet-align-left","10":"mobile-align-center","11":"ast-product-gallery-layout-first-image-large","12":"ast-product-gallery-with-no-image","13":"ast-product-tabs-layout-horizontal","15":"first","16":"instock","17":"sale","18":"downloadable","19":"virtual","20":"sold-individually","21":"purchasable","22":"product-type-simple"},"acf":[],"_links":{"self":[{"href":"https:\/\/kastenkidz.com\/cs\/wp-json\/wp\/v2\/product\/6857","targetHints":{"allow":["GET"]}}],"collection":[{"href":"https:\/\/kastenkidz.com\/cs\/wp-json\/wp\/v2\/product"}],"about":[{"href":"https:\/\/kastenkidz.com\/cs\/wp-json\/wp\/v2\/types\/product"}],"replies":[{"embeddable":true,"href":"https:\/\/kastenkidz.com\/cs\/wp-json\/wp\/v2\/comments?post=6857"}],"wp:featuredmedia":[{"embeddable":true,"href":"https:\/\/kastenkidz.com\/cs\/wp-json\/wp\/v2\/media\/6859"}],"wp:attachment":[{"href":"https:\/\/kastenkidz.com\/cs\/wp-json\/wp\/v2\/media?parent=6857"}],"wp:term":[{"taxonomy":"product_brand","embeddable":true,"href":"https:\/\/kastenkidz.com\/cs\/wp-json\/wp\/v2\/product_brand?post=6857"},{"taxonomy":"product_cat","embeddable":true,"href":"https:\/\/kastenkidz.com\/cs\/wp-json\/wp\/v2\/product_cat?post=6857"},{"taxonomy":"product_tag","embeddable":true,"href":"https:\/\/kastenkidz.com\/cs\/wp-json\/wp\/v2\/product_tag?post=6857"}],"curies":[{"name":"wp","href":"https:\/\/api.w.org\/{rel}","templated":true}]}}