{"id":6835,"date":"2025-02-06T16:45:36","date_gmt":"2025-02-06T16:45:36","guid":{"rendered":"https:\/\/kastenkidz.com\/product\/cary-tvary\/"},"modified":"2025-07-20T19:05:10","modified_gmt":"2025-07-20T19:05:10","slug":"cary-tvary","status":"publish","type":"product","link":"https:\/\/kastenkidz.com\/cs\/produkt\/cary-tvary\/","title":{"rendered":"\u010c\u00e1ry tvary"},"content":{"rendered":"<p>V\u00fdukov\u00e1 pom\u016fcka \u201e\u010c\u00e1ry tvary\u201c obsahuje dva \u00fakoly. Prvn\u00ed \u00fakol zahrnuje t\u0159i barevn\u00e9 hrac\u00ed kostky a list na kreslen\u00ed \u010dar, tvar\u016f a obr\u00e1zk\u016f. Druh\u00fd \u00fakol vy\u017eaduje b\u00edl\u00e9 hrac\u00ed kostky s r\u016fzn\u00fdmi \u010darami a list pap\u00edru s legra\u010dn\u00edm obli\u010dejem.<\/p>\n<p>Vytiskn\u011bte v\u0161echny listy s \u00fakoly. Vyst\u0159ihn\u011bte hrac\u00ed kostky a slepte je do trojrozm\u011brn\u00fdch kostek. \u00dakol \u010d. 1 P\u0159i prvn\u00edm \u00fakolu d\u011bti hod\u00ed hrac\u00ed kostkou a nakresl\u00ed obr\u00e1zek ze strany, kter\u00e1 padne, na prvn\u00ed \u0159\u00e1dek listu s \u00fakoly. Hod hrac\u00ed kostkou opakuj\u00ed, dokud nezapln\u00ed v\u0161echny \u0159\u00e1dky. Jakmile obdr\u017e\u00ed nov\u00e9 listy s \u00fakoly, vym\u011bn\u00ed si kostky a pokra\u010duj\u00ed v pln\u011bn\u00ed \u00fakolu. \u00dakol \u010d. 2 Ve druh\u00e9m \u00fakolu maj\u00ed d\u011bti za \u00fakol dokreslit legra\u010dn\u00edmu obli\u010deji \u00fa\u010des.<\/p>\n<p>Hra obsahuje: 5 \u0161ablon hrac\u00ed kostky, kreslic\u00ed arch na \u010d\u00e1ry, tvary a obr\u00e1zky, legra\u010dn\u00ed obli\u010dej. <\/p>\n","protected":false},"excerpt":{"rendered":"<p>V\u00fdukov\u00e1 pom\u016fcka \u201e\u010c\u00e1ry tvary\u201c obsahuje dva \u00fakoly. Prvn\u00ed \u00fakol zahrnuje t\u0159i barevn\u00e9 hrac\u00ed kostky a list na kreslen\u00ed \u010dar, tvar\u016f a obr\u00e1zk\u016f. Druh\u00fd \u00fakol vy\u017eaduje b\u00edl\u00e9 hrac\u00ed kostky s r\u016fzn\u00fdmi \u010darami a list pap\u00edru s legra\u010dn\u00edm obli\u010dejem. Vytiskn\u011bte v\u0161echny listy s \u00fakoly. Vyst\u0159ihn\u011bte hrac\u00ed kostky a slepte je do trojrozm\u011brn\u00fdch kostek. \u00dakol \u010d. 1 P\u0159i [&hellip;]<\/p>\n","protected":false},"featured_media":6837,"comment_status":"closed","ping_status":"closed","template":"","meta":{"_acf_changed":false,"site-sidebar-layout":"default","site-content-layout":"","ast-site-content-layout":"default","site-content-style":"default","site-sidebar-style":"default","ast-global-header-display":"","ast-banner-title-visibility":"","ast-main-header-display":"","ast-hfb-above-header-display":"","ast-hfb-below-header-display":"","ast-hfb-mobile-header-display":"","site-post-title":"","ast-breadcrumbs-content":"","ast-featured-img":"","footer-sml-layout":"","ast-disable-related-posts":"","theme-transparent-header-meta":"default","adv-header-id-meta":"","stick-header-meta":"default","header-above-stick-meta":"","header-main-stick-meta":"","header-below-stick-meta":"","astra-migrate-meta-layouts":"default","ast-page-background-enabled":"default","ast-page-background-meta":{"desktop":{"background-color":"","background-image":"","background-repeat":"repeat","background-position":"center center","background-size":"auto","background-attachment":"scroll","background-type":"","background-media":"","overlay-type":"","overlay-color":"","overlay-opacity":"","overlay-gradient":""},"tablet":{"background-color":"","background-image":"","background-repeat":"repeat","background-position":"center center","background-size":"auto","background-attachment":"scroll","background-type":"","background-media":"","overlay-type":"","overlay-color":"","overlay-opacity":"","overlay-gradient":""},"mobile":{"background-color":"","background-image":"","background-repeat":"repeat","background-position":"center center","background-size":"auto","background-attachment":"scroll","background-type":"","background-media":"","overlay-type":"","overlay-color":"","overlay-opacity":"","overlay-gradient":""}},"ast-content-background-meta":{"desktop":{"background-color":"var(--ast-global-color-5)","background-image":"","background-repeat":"repeat","background-position":"center center","background-size":"auto","background-attachment":"scroll","background-type":"","background-media":"","overlay-type":"","overlay-color":"","overlay-opacity":"","overlay-gradient":""},"tablet":{"background-color":"var(--ast-global-color-5)","background-image":"","background-repeat":"repeat","background-position":"center center","background-size":"auto","background-attachment":"scroll","background-type":"","background-media":"","overlay-type":"","overlay-color":"","overlay-opacity":"","overlay-gradient":""},"mobile":{"background-color":"var(--ast-global-color-5)","background-image":"","background-repeat":"repeat","background-position":"center center","background-size":"auto","background-attachment":"scroll","background-type":"","background-media":"","overlay-type":"","overlay-color":"","overlay-opacity":"","overlay-gradient":""}}},"product_brand":[],"product_cat":[134],"product_tag":[],"class_list":{"0":"post-6835","1":"product","2":"type-product","3":"status-publish","4":"has-post-thumbnail","6":"product_cat-pamet-a-pozornost","7":"desktop-align-center","8":"tablet-align-left","9":"mobile-align-center","10":"ast-product-gallery-layout-first-image-large","11":"ast-product-tabs-layout-horizontal","13":"first","14":"instock","15":"sale","16":"downloadable","17":"virtual","18":"sold-individually","19":"purchasable","20":"product-type-simple"},"acf":[],"_links":{"self":[{"href":"https:\/\/kastenkidz.com\/cs\/wp-json\/wp\/v2\/product\/6835","targetHints":{"allow":["GET"]}}],"collection":[{"href":"https:\/\/kastenkidz.com\/cs\/wp-json\/wp\/v2\/product"}],"about":[{"href":"https:\/\/kastenkidz.com\/cs\/wp-json\/wp\/v2\/types\/product"}],"replies":[{"embeddable":true,"href":"https:\/\/kastenkidz.com\/cs\/wp-json\/wp\/v2\/comments?post=6835"}],"wp:featuredmedia":[{"embeddable":true,"href":"https:\/\/kastenkidz.com\/cs\/wp-json\/wp\/v2\/media\/6837"}],"wp:attachment":[{"href":"https:\/\/kastenkidz.com\/cs\/wp-json\/wp\/v2\/media?parent=6835"}],"wp:term":[{"taxonomy":"product_brand","embeddable":true,"href":"https:\/\/kastenkidz.com\/cs\/wp-json\/wp\/v2\/product_brand?post=6835"},{"taxonomy":"product_cat","embeddable":true,"href":"https:\/\/kastenkidz.com\/cs\/wp-json\/wp\/v2\/product_cat?post=6835"},{"taxonomy":"product_tag","embeddable":true,"href":"https:\/\/kastenkidz.com\/cs\/wp-json\/wp\/v2\/product_tag?post=6835"}],"curies":[{"name":"wp","href":"https:\/\/api.w.org\/{rel}","templated":true}]}}