{"id":6827,"date":"2025-02-06T16:45:36","date_gmt":"2025-02-06T16:45:36","guid":{"rendered":"https:\/\/kastenkidz.com\/product\/hadanky-pro-nejmensi\/"},"modified":"2025-07-20T19:05:09","modified_gmt":"2025-07-20T19:05:09","slug":"hadanky-pro-nejmensi","status":"publish","type":"product","link":"https:\/\/kastenkidz.com\/cs\/produkt\/hadanky-pro-nejmensi\/","title":{"rendered":"H\u00e1danky pro nejmen\u0161\u00ed"},"content":{"rendered":"<p>H\u00e1danky o zv\u00ed\u0159atech jsou velmi jednoduch\u00e9, jsou tedy ur\u010deny pro nejmen\u0161\u00ed. H\u00e1danky se skl\u00e1daj\u00ed z n\u011bkolika indici\u00ed. Jedna z nich m\u016f\u017ee nab\u00eddnout snadn\u00e9 \u0159e\u0161en\u00ed, zat\u00edmco dal\u0161\u00ed mohou obsahovat d\u016fle\u017eit\u00e9 informace o dan\u00e9m zv\u00ed\u0159eti. Hru je mo\u017en\u00e9 hr\u00e1t tak, \u017ee d\u011bti um\u00edst\u00ed na viditeln\u00e9 m\u00edsto na stole karti\u010dky se zv\u00ed\u0159aty a u\u010ditel jim d\u00e1v\u00e1 h\u00e1danky. Pokud d\u011bti vid\u00ed odpov\u011bdi, je pro n\u011b \u0159e\u0161en\u00ed h\u00e1danek snaz\u0161\u00ed a l\u00e1kav\u011bj\u0161\u00ed. Z\u00e1bava zaru\u010dena.<\/p>\n<p>Hra obsahuje: 24 karet s h\u00e1dankami a 24 karet se zv\u00ed\u0159aty \u2013 odpov\u011bdi; celkem 48 karet, 4 listy form\u00e1tu A4. <\/p>\n","protected":false},"excerpt":{"rendered":"<p>H\u00e1danky o zv\u00ed\u0159atech jsou velmi jednoduch\u00e9, jsou tedy ur\u010deny pro nejmen\u0161\u00ed. H\u00e1danky se skl\u00e1daj\u00ed z n\u011bkolika indici\u00ed. Jedna z nich m\u016f\u017ee nab\u00eddnout snadn\u00e9 \u0159e\u0161en\u00ed, zat\u00edmco dal\u0161\u00ed mohou obsahovat d\u016fle\u017eit\u00e9 informace o dan\u00e9m zv\u00ed\u0159eti. Hru je mo\u017en\u00e9 hr\u00e1t tak, \u017ee d\u011bti um\u00edst\u00ed na viditeln\u00e9 m\u00edsto na stole karti\u010dky se zv\u00ed\u0159aty a u\u010ditel jim d\u00e1v\u00e1 h\u00e1danky. Pokud [&hellip;]<\/p>\n","protected":false},"featured_media":6829,"comment_status":"closed","ping_status":"closed","template":"","meta":{"_acf_changed":false,"site-sidebar-layout":"default","site-content-layout":"","ast-site-content-layout":"default","site-content-style":"default","site-sidebar-style":"default","ast-global-header-display":"","ast-banner-title-visibility":"","ast-main-header-display":"","ast-hfb-above-header-display":"","ast-hfb-below-header-display":"","ast-hfb-mobile-header-display":"","site-post-title":"","ast-breadcrumbs-content":"","ast-featured-img":"","footer-sml-layout":"","ast-disable-related-posts":"","theme-transparent-header-meta":"default","adv-header-id-meta":"","stick-header-meta":"default","header-above-stick-meta":"","header-main-stick-meta":"","header-below-stick-meta":"","astra-migrate-meta-layouts":"default","ast-page-background-enabled":"default","ast-page-background-meta":{"desktop":{"background-color":"","background-image":"","background-repeat":"repeat","background-position":"center center","background-size":"auto","background-attachment":"scroll","background-type":"","background-media":"","overlay-type":"","overlay-color":"","overlay-opacity":"","overlay-gradient":""},"tablet":{"background-color":"","background-image":"","background-repeat":"repeat","background-position":"center center","background-size":"auto","background-attachment":"scroll","background-type":"","background-media":"","overlay-type":"","overlay-color":"","overlay-opacity":"","overlay-gradient":""},"mobile":{"background-color":"","background-image":"","background-repeat":"repeat","background-position":"center center","background-size":"auto","background-attachment":"scroll","background-type":"","background-media":"","overlay-type":"","overlay-color":"","overlay-opacity":"","overlay-gradient":""}},"ast-content-background-meta":{"desktop":{"background-color":"var(--ast-global-color-5)","background-image":"","background-repeat":"repeat","background-position":"center center","background-size":"auto","background-attachment":"scroll","background-type":"","background-media":"","overlay-type":"","overlay-color":"","overlay-opacity":"","overlay-gradient":""},"tablet":{"background-color":"var(--ast-global-color-5)","background-image":"","background-repeat":"repeat","background-position":"center center","background-size":"auto","background-attachment":"scroll","background-type":"","background-media":"","overlay-type":"","overlay-color":"","overlay-opacity":"","overlay-gradient":""},"mobile":{"background-color":"var(--ast-global-color-5)","background-image":"","background-repeat":"repeat","background-position":"center center","background-size":"auto","background-attachment":"scroll","background-type":"","background-media":"","overlay-type":"","overlay-color":"","overlay-opacity":"","overlay-gradient":""}}},"product_brand":[],"product_cat":[131],"product_tag":[],"class_list":{"0":"post-6827","1":"product","2":"type-product","3":"status-publish","4":"has-post-thumbnail","6":"product_cat-hry","7":"desktop-align-center","8":"tablet-align-left","9":"mobile-align-center","10":"ast-product-gallery-layout-first-image-large","11":"ast-product-gallery-with-no-image","12":"ast-product-tabs-layout-horizontal","14":"first","15":"instock","16":"sale","17":"downloadable","18":"virtual","19":"sold-individually","20":"purchasable","21":"product-type-simple"},"acf":[],"_links":{"self":[{"href":"https:\/\/kastenkidz.com\/cs\/wp-json\/wp\/v2\/product\/6827","targetHints":{"allow":["GET"]}}],"collection":[{"href":"https:\/\/kastenkidz.com\/cs\/wp-json\/wp\/v2\/product"}],"about":[{"href":"https:\/\/kastenkidz.com\/cs\/wp-json\/wp\/v2\/types\/product"}],"replies":[{"embeddable":true,"href":"https:\/\/kastenkidz.com\/cs\/wp-json\/wp\/v2\/comments?post=6827"}],"wp:featuredmedia":[{"embeddable":true,"href":"https:\/\/kastenkidz.com\/cs\/wp-json\/wp\/v2\/media\/6829"}],"wp:attachment":[{"href":"https:\/\/kastenkidz.com\/cs\/wp-json\/wp\/v2\/media?parent=6827"}],"wp:term":[{"taxonomy":"product_brand","embeddable":true,"href":"https:\/\/kastenkidz.com\/cs\/wp-json\/wp\/v2\/product_brand?post=6827"},{"taxonomy":"product_cat","embeddable":true,"href":"https:\/\/kastenkidz.com\/cs\/wp-json\/wp\/v2\/product_cat?post=6827"},{"taxonomy":"product_tag","embeddable":true,"href":"https:\/\/kastenkidz.com\/cs\/wp-json\/wp\/v2\/product_tag?post=6827"}],"curies":[{"name":"wp","href":"https:\/\/api.w.org\/{rel}","templated":true}]}}