{"id":6799,"date":"2025-02-06T16:45:36","date_gmt":"2025-02-06T16:45:36","guid":{"rendered":"https:\/\/kastenkidz.com\/product\/cteci-bingo-hra\/"},"modified":"2025-07-20T19:05:07","modified_gmt":"2025-07-20T19:05:07","slug":"cteci-bingo-hra","status":"publish","type":"product","link":"https:\/\/kastenkidz.com\/cs\/produkt\/cteci-bingo-hra\/","title":{"rendered":"Hra ,,\u010ctec\u00ed BINGO&#8220;"},"content":{"rendered":"<p>\ufe0f\u200d\u2640\ufe0f Bingo s bonusem \u2013 z\u00e1bava a u\u010den\u00ed v dokonal\u00e9 kombinaci! Co je c\u00edlem hry? Najd\u011bte odpov\u00eddaj\u00edc\u00ed obr\u00e1zkov\u00e9 karty a um\u00edst\u011bte je na hern\u00ed kartu Bingo. Vyhr\u00e1v\u00e1 ten, kdo jako prvn\u00ed zapln\u00ed svoji hrac\u00ed kartu!   D\u00edky kombinaci velk\u00fdch a mal\u00fdch p\u00edsmen se jedn\u00e1 o skv\u011bl\u00fd zp\u016fsob odnau\u010den\u00ed dvoj\u00edho \u010dten\u00ed z\u00e1bavnou formou. Po\u0159i\u010fte si na\u0161e netradi\u010dn\u00ed BINGO je\u0161t\u011b dnes!  \u200d <\/p>\n<p>Hra obsahuje: 8 z\u00e1kladn\u00edch karet hry BINGO se slovy, 60 karet s obr\u00e1zky, 7 list\u016f ve form\u00e1tu A4. <\/p>\n","protected":false},"excerpt":{"rendered":"<p>\ufe0f\u200d\u2640\ufe0f Bingo s bonusem \u2013 z\u00e1bava a u\u010den\u00ed v dokonal\u00e9 kombinaci! Co je c\u00edlem hry? Najd\u011bte odpov\u00eddaj\u00edc\u00ed obr\u00e1zkov\u00e9 karty a um\u00edst\u011bte je na hern\u00ed kartu Bingo. Vyhr\u00e1v\u00e1 ten, kdo jako prvn\u00ed zapln\u00ed svoji hrac\u00ed kartu! D\u00edky kombinaci velk\u00fdch a mal\u00fdch p\u00edsmen se jedn\u00e1 o skv\u011bl\u00fd zp\u016fsob odnau\u010den\u00ed dvoj\u00edho \u010dten\u00ed z\u00e1bavnou formou. Po\u0159i\u010fte si na\u0161e netradi\u010dn\u00ed [&hellip;]<\/p>\n","protected":false},"featured_media":6801,"comment_status":"closed","ping_status":"closed","template":"","meta":{"_acf_changed":false,"site-sidebar-layout":"default","site-content-layout":"","ast-site-content-layout":"default","site-content-style":"default","site-sidebar-style":"default","ast-global-header-display":"","ast-banner-title-visibility":"","ast-main-header-display":"","ast-hfb-above-header-display":"","ast-hfb-below-header-display":"","ast-hfb-mobile-header-display":"","site-post-title":"","ast-breadcrumbs-content":"","ast-featured-img":"","footer-sml-layout":"","ast-disable-related-posts":"","theme-transparent-header-meta":"default","adv-header-id-meta":"","stick-header-meta":"default","header-above-stick-meta":"","header-main-stick-meta":"","header-below-stick-meta":"","astra-migrate-meta-layouts":"default","ast-page-background-enabled":"default","ast-page-background-meta":{"desktop":{"background-color":"","background-image":"","background-repeat":"repeat","background-position":"center center","background-size":"auto","background-attachment":"scroll","background-type":"","background-media":"","overlay-type":"","overlay-color":"","overlay-opacity":"","overlay-gradient":""},"tablet":{"background-color":"","background-image":"","background-repeat":"repeat","background-position":"center center","background-size":"auto","background-attachment":"scroll","background-type":"","background-media":"","overlay-type":"","overlay-color":"","overlay-opacity":"","overlay-gradient":""},"mobile":{"background-color":"","background-image":"","background-repeat":"repeat","background-position":"center center","background-size":"auto","background-attachment":"scroll","background-type":"","background-media":"","overlay-type":"","overlay-color":"","overlay-opacity":"","overlay-gradient":""}},"ast-content-background-meta":{"desktop":{"background-color":"var(--ast-global-color-5)","background-image":"","background-repeat":"repeat","background-position":"center center","background-size":"auto","background-attachment":"scroll","background-type":"","background-media":"","overlay-type":"","overlay-color":"","overlay-opacity":"","overlay-gradient":""},"tablet":{"background-color":"var(--ast-global-color-5)","background-image":"","background-repeat":"repeat","background-position":"center center","background-size":"auto","background-attachment":"scroll","background-type":"","background-media":"","overlay-type":"","overlay-color":"","overlay-opacity":"","overlay-gradient":""},"mobile":{"background-color":"var(--ast-global-color-5)","background-image":"","background-repeat":"repeat","background-position":"center center","background-size":"auto","background-attachment":"scroll","background-type":"","background-media":"","overlay-type":"","overlay-color":"","overlay-opacity":"","overlay-gradient":""}}},"product_brand":[],"product_cat":[131,132],"product_tag":[],"class_list":{"0":"post-6799","1":"product","2":"type-product","3":"status-publish","4":"has-post-thumbnail","6":"product_cat-hry","7":"product_cat-jazyk","8":"desktop-align-center","9":"tablet-align-left","10":"mobile-align-center","11":"ast-product-gallery-layout-first-image-large","12":"ast-product-tabs-layout-horizontal","14":"first","15":"instock","16":"sale","17":"downloadable","18":"virtual","19":"sold-individually","20":"purchasable","21":"product-type-simple"},"acf":[],"_links":{"self":[{"href":"https:\/\/kastenkidz.com\/cs\/wp-json\/wp\/v2\/product\/6799","targetHints":{"allow":["GET"]}}],"collection":[{"href":"https:\/\/kastenkidz.com\/cs\/wp-json\/wp\/v2\/product"}],"about":[{"href":"https:\/\/kastenkidz.com\/cs\/wp-json\/wp\/v2\/types\/product"}],"replies":[{"embeddable":true,"href":"https:\/\/kastenkidz.com\/cs\/wp-json\/wp\/v2\/comments?post=6799"}],"wp:featuredmedia":[{"embeddable":true,"href":"https:\/\/kastenkidz.com\/cs\/wp-json\/wp\/v2\/media\/6801"}],"wp:attachment":[{"href":"https:\/\/kastenkidz.com\/cs\/wp-json\/wp\/v2\/media?parent=6799"}],"wp:term":[{"taxonomy":"product_brand","embeddable":true,"href":"https:\/\/kastenkidz.com\/cs\/wp-json\/wp\/v2\/product_brand?post=6799"},{"taxonomy":"product_cat","embeddable":true,"href":"https:\/\/kastenkidz.com\/cs\/wp-json\/wp\/v2\/product_cat?post=6799"},{"taxonomy":"product_tag","embeddable":true,"href":"https:\/\/kastenkidz.com\/cs\/wp-json\/wp\/v2\/product_tag?post=6799"}],"curies":[{"name":"wp","href":"https:\/\/api.w.org\/{rel}","templated":true}]}}