{"id":6785,"date":"2025-02-06T16:45:36","date_gmt":"2025-02-06T16:45:36","guid":{"rendered":"https:\/\/kastenkidz.com\/product\/hra-panev\/"},"modified":"2025-07-20T19:05:06","modified_gmt":"2025-07-20T19:05:06","slug":"hra-panev","status":"publish","type":"product","link":"https:\/\/kastenkidz.com\/cs\/produkt\/hra-panev\/","title":{"rendered":"Hra \u201eP\u00e1nev\u201c"},"content":{"rendered":"<p>\u200d \u200d  P\u0159ipravte se na z\u00e1bavnou a rychlou hru se zeleninou v hlavn\u00ed roli!   Ide\u00e1ln\u00ed pro 2\u20134 hr\u00e1\u010de, ka\u017ed\u00fd pot\u0159ebuje vlastn\u00ed p\u00e1nev. Hr\u00e1\u010di jeden po druh\u00fdm obracej\u00ed karty zeleniny a zji\u0161\u0165uj\u00ed, zda se dan\u00fd druh nach\u00e1z\u00ed na jejich p\u00e1nvi. Hr\u00e1\u010d, kter\u00fd jej spat\u0159\u00ed jako prvn\u00ed, zaklepe na p\u00e1nev a ohl\u00e1s\u00ed p\u0159\u00edslu\u0161n\u00fd druh (nap\u0159\u00edklad \u201eMoje raj\u010de!\u201c). V\u00edt\u011bz\u00ed hr\u00e1\u010d, kter\u00fd jako prvn\u00ed nasb\u00edr\u00e1 v\u0161echnu zeleninu. U\u017eijte si z\u00e1bavu s kamar\u00e1dy a skv\u011bl\u00fdm zp\u016fsobem procvi\u010den\u00ed rychl\u00e9ho uva\u017eov\u00e1n\u00ed.  <\/p>\n<p>Hra obsahuje: 28 karet se zeleninou, 4 p\u00e1nve. <\/p>\n","protected":false},"excerpt":{"rendered":"<p>\u200d \u200d P\u0159ipravte se na z\u00e1bavnou a rychlou hru se zeleninou v hlavn\u00ed roli! Ide\u00e1ln\u00ed pro 2\u20134 hr\u00e1\u010de, ka\u017ed\u00fd pot\u0159ebuje vlastn\u00ed p\u00e1nev. Hr\u00e1\u010di jeden po druh\u00fdm obracej\u00ed karty zeleniny a zji\u0161\u0165uj\u00ed, zda se dan\u00fd druh nach\u00e1z\u00ed na jejich p\u00e1nvi. Hr\u00e1\u010d, kter\u00fd jej spat\u0159\u00ed jako prvn\u00ed, zaklepe na p\u00e1nev a ohl\u00e1s\u00ed p\u0159\u00edslu\u0161n\u00fd druh (nap\u0159\u00edklad \u201eMoje raj\u010de!\u201c). [&hellip;]<\/p>\n","protected":false},"featured_media":6787,"comment_status":"closed","ping_status":"closed","template":"","meta":{"_acf_changed":false,"site-sidebar-layout":"default","site-content-layout":"","ast-site-content-layout":"default","site-content-style":"default","site-sidebar-style":"default","ast-global-header-display":"","ast-banner-title-visibility":"","ast-main-header-display":"","ast-hfb-above-header-display":"","ast-hfb-below-header-display":"","ast-hfb-mobile-header-display":"","site-post-title":"","ast-breadcrumbs-content":"","ast-featured-img":"","footer-sml-layout":"","ast-disable-related-posts":"","theme-transparent-header-meta":"default","adv-header-id-meta":"","stick-header-meta":"default","header-above-stick-meta":"","header-main-stick-meta":"","header-below-stick-meta":"","astra-migrate-meta-layouts":"default","ast-page-background-enabled":"default","ast-page-background-meta":{"desktop":{"background-color":"","background-image":"","background-repeat":"repeat","background-position":"center center","background-size":"auto","background-attachment":"scroll","background-type":"","background-media":"","overlay-type":"","overlay-color":"","overlay-opacity":"","overlay-gradient":""},"tablet":{"background-color":"","background-image":"","background-repeat":"repeat","background-position":"center center","background-size":"auto","background-attachment":"scroll","background-type":"","background-media":"","overlay-type":"","overlay-color":"","overlay-opacity":"","overlay-gradient":""},"mobile":{"background-color":"","background-image":"","background-repeat":"repeat","background-position":"center center","background-size":"auto","background-attachment":"scroll","background-type":"","background-media":"","overlay-type":"","overlay-color":"","overlay-opacity":"","overlay-gradient":""}},"ast-content-background-meta":{"desktop":{"background-color":"var(--ast-global-color-5)","background-image":"","background-repeat":"repeat","background-position":"center center","background-size":"auto","background-attachment":"scroll","background-type":"","background-media":"","overlay-type":"","overlay-color":"","overlay-opacity":"","overlay-gradient":""},"tablet":{"background-color":"var(--ast-global-color-5)","background-image":"","background-repeat":"repeat","background-position":"center center","background-size":"auto","background-attachment":"scroll","background-type":"","background-media":"","overlay-type":"","overlay-color":"","overlay-opacity":"","overlay-gradient":""},"mobile":{"background-color":"var(--ast-global-color-5)","background-image":"","background-repeat":"repeat","background-position":"center center","background-size":"auto","background-attachment":"scroll","background-type":"","background-media":"","overlay-type":"","overlay-color":"","overlay-opacity":"","overlay-gradient":""}}},"product_brand":[],"product_cat":[131],"product_tag":[],"class_list":{"0":"post-6785","1":"product","2":"type-product","3":"status-publish","4":"has-post-thumbnail","6":"product_cat-hry","7":"desktop-align-center","8":"tablet-align-left","9":"mobile-align-center","10":"ast-product-gallery-layout-first-image-large","11":"ast-product-tabs-layout-horizontal","13":"first","14":"instock","15":"sale","16":"downloadable","17":"virtual","18":"sold-individually","19":"purchasable","20":"product-type-simple"},"acf":[],"_links":{"self":[{"href":"https:\/\/kastenkidz.com\/cs\/wp-json\/wp\/v2\/product\/6785","targetHints":{"allow":["GET"]}}],"collection":[{"href":"https:\/\/kastenkidz.com\/cs\/wp-json\/wp\/v2\/product"}],"about":[{"href":"https:\/\/kastenkidz.com\/cs\/wp-json\/wp\/v2\/types\/product"}],"replies":[{"embeddable":true,"href":"https:\/\/kastenkidz.com\/cs\/wp-json\/wp\/v2\/comments?post=6785"}],"wp:featuredmedia":[{"embeddable":true,"href":"https:\/\/kastenkidz.com\/cs\/wp-json\/wp\/v2\/media\/6787"}],"wp:attachment":[{"href":"https:\/\/kastenkidz.com\/cs\/wp-json\/wp\/v2\/media?parent=6785"}],"wp:term":[{"taxonomy":"product_brand","embeddable":true,"href":"https:\/\/kastenkidz.com\/cs\/wp-json\/wp\/v2\/product_brand?post=6785"},{"taxonomy":"product_cat","embeddable":true,"href":"https:\/\/kastenkidz.com\/cs\/wp-json\/wp\/v2\/product_cat?post=6785"},{"taxonomy":"product_tag","embeddable":true,"href":"https:\/\/kastenkidz.com\/cs\/wp-json\/wp\/v2\/product_tag?post=6785"}],"curies":[{"name":"wp","href":"https:\/\/api.w.org\/{rel}","templated":true}]}}