{"id":6771,"date":"2025-02-06T16:45:36","date_gmt":"2025-02-06T16:45:36","guid":{"rendered":"https:\/\/kastenkidz.com\/product\/co-ji-zviratka\/"},"modified":"2025-07-20T19:05:04","modified_gmt":"2025-07-20T19:05:04","slug":"co-ji-zviratka","status":"publish","type":"product","link":"https:\/\/kastenkidz.com\/cs\/produkt\/co-ji-zviratka\/","title":{"rendered":"Co j\u00ed zv\u00ed\u0159\u00e1tka?"},"content":{"rendered":"<p>Pomozte sv\u00e9mu d\u00edt\u011bti objevit fascinuj\u00edc\u00ed sv\u011bt zv\u00ed\u0159ec\u00edho j\u00eddeln\u00ed\u010dku!   V t\u00e9to z\u00e1bavn\u00e9 v\u00fdukov\u00e9 h\u0159e budou d\u011bti p\u0159i\u0159azovat zv\u00ed\u0159\u00e1tka k jejich p\u0159irozen\u00e9 potrav\u011b slepov\u00e1n\u00edm list\u016f se zv\u00ed\u0159\u00e1tky a p\u0159\u00edslu\u0161n\u00fdm druhem potravy. Tu pak m\u016f\u017eete podsv\u00edtit zespodu baterkou a dop\u0159\u00e1t tak d\u011btem super z\u00e1\u017eitek.<\/p>\n<p>Hra obsahuje: 18 list\u016f form\u00e1tu A4. <\/p>\n","protected":false},"excerpt":{"rendered":"<p>Pomozte sv\u00e9mu d\u00edt\u011bti objevit fascinuj\u00edc\u00ed sv\u011bt zv\u00ed\u0159ec\u00edho j\u00eddeln\u00ed\u010dku! V t\u00e9to z\u00e1bavn\u00e9 v\u00fdukov\u00e9 h\u0159e budou d\u011bti p\u0159i\u0159azovat zv\u00ed\u0159\u00e1tka k jejich p\u0159irozen\u00e9 potrav\u011b slepov\u00e1n\u00edm list\u016f se zv\u00ed\u0159\u00e1tky a p\u0159\u00edslu\u0161n\u00fdm druhem potravy. Tu pak m\u016f\u017eete podsv\u00edtit zespodu baterkou a dop\u0159\u00e1t tak d\u011btem super z\u00e1\u017eitek. Hra obsahuje: 18 list\u016f form\u00e1tu A4.<\/p>\n","protected":false},"featured_media":6773,"comment_status":"closed","ping_status":"closed","template":"","meta":{"_acf_changed":false,"site-sidebar-layout":"default","site-content-layout":"","ast-site-content-layout":"default","site-content-style":"default","site-sidebar-style":"default","ast-global-header-display":"","ast-banner-title-visibility":"","ast-main-header-display":"","ast-hfb-above-header-display":"","ast-hfb-below-header-display":"","ast-hfb-mobile-header-display":"","site-post-title":"","ast-breadcrumbs-content":"","ast-featured-img":"","footer-sml-layout":"","ast-disable-related-posts":"","theme-transparent-header-meta":"default","adv-header-id-meta":"","stick-header-meta":"default","header-above-stick-meta":"","header-main-stick-meta":"","header-below-stick-meta":"","astra-migrate-meta-layouts":"default","ast-page-background-enabled":"default","ast-page-background-meta":{"desktop":{"background-color":"","background-image":"","background-repeat":"repeat","background-position":"center center","background-size":"auto","background-attachment":"scroll","background-type":"","background-media":"","overlay-type":"","overlay-color":"","overlay-opacity":"","overlay-gradient":""},"tablet":{"background-color":"","background-image":"","background-repeat":"repeat","background-position":"center center","background-size":"auto","background-attachment":"scroll","background-type":"","background-media":"","overlay-type":"","overlay-color":"","overlay-opacity":"","overlay-gradient":""},"mobile":{"background-color":"","background-image":"","background-repeat":"repeat","background-position":"center center","background-size":"auto","background-attachment":"scroll","background-type":"","background-media":"","overlay-type":"","overlay-color":"","overlay-opacity":"","overlay-gradient":""}},"ast-content-background-meta":{"desktop":{"background-color":"var(--ast-global-color-5)","background-image":"","background-repeat":"repeat","background-position":"center center","background-size":"auto","background-attachment":"scroll","background-type":"","background-media":"","overlay-type":"","overlay-color":"","overlay-opacity":"","overlay-gradient":""},"tablet":{"background-color":"var(--ast-global-color-5)","background-image":"","background-repeat":"repeat","background-position":"center center","background-size":"auto","background-attachment":"scroll","background-type":"","background-media":"","overlay-type":"","overlay-color":"","overlay-opacity":"","overlay-gradient":""},"mobile":{"background-color":"var(--ast-global-color-5)","background-image":"","background-repeat":"repeat","background-position":"center center","background-size":"auto","background-attachment":"scroll","background-type":"","background-media":"","overlay-type":"","overlay-color":"","overlay-opacity":"","overlay-gradient":""}}},"product_brand":[],"product_cat":[131],"product_tag":[],"class_list":{"0":"post-6771","1":"product","2":"type-product","3":"status-publish","4":"has-post-thumbnail","6":"product_cat-hry","7":"desktop-align-center","8":"tablet-align-left","9":"mobile-align-center","10":"ast-product-gallery-layout-first-image-large","11":"ast-product-tabs-layout-horizontal","13":"first","14":"instock","15":"sale","16":"downloadable","17":"virtual","18":"sold-individually","19":"purchasable","20":"product-type-simple"},"acf":[],"_links":{"self":[{"href":"https:\/\/kastenkidz.com\/cs\/wp-json\/wp\/v2\/product\/6771","targetHints":{"allow":["GET"]}}],"collection":[{"href":"https:\/\/kastenkidz.com\/cs\/wp-json\/wp\/v2\/product"}],"about":[{"href":"https:\/\/kastenkidz.com\/cs\/wp-json\/wp\/v2\/types\/product"}],"replies":[{"embeddable":true,"href":"https:\/\/kastenkidz.com\/cs\/wp-json\/wp\/v2\/comments?post=6771"}],"wp:featuredmedia":[{"embeddable":true,"href":"https:\/\/kastenkidz.com\/cs\/wp-json\/wp\/v2\/media\/6773"}],"wp:attachment":[{"href":"https:\/\/kastenkidz.com\/cs\/wp-json\/wp\/v2\/media?parent=6771"}],"wp:term":[{"taxonomy":"product_brand","embeddable":true,"href":"https:\/\/kastenkidz.com\/cs\/wp-json\/wp\/v2\/product_brand?post=6771"},{"taxonomy":"product_cat","embeddable":true,"href":"https:\/\/kastenkidz.com\/cs\/wp-json\/wp\/v2\/product_cat?post=6771"},{"taxonomy":"product_tag","embeddable":true,"href":"https:\/\/kastenkidz.com\/cs\/wp-json\/wp\/v2\/product_tag?post=6771"}],"curies":[{"name":"wp","href":"https:\/\/api.w.org\/{rel}","templated":true}]}}