{"id":6743,"date":"2025-02-06T16:45:33","date_gmt":"2025-02-06T16:45:33","guid":{"rendered":"https:\/\/kastenkidz.com\/product\/scitani-do-dvaceti\/"},"modified":"2025-07-20T19:04:54","modified_gmt":"2025-07-20T19:04:54","slug":"scitani-do-dvaceti","status":"publish","type":"product","link":"https:\/\/kastenkidz.com\/cs\/produkt\/scitani-do-dvaceti\/","title":{"rendered":"S\u010d\u00edt\u00e1n\u00ed do dvaceti"},"content":{"rendered":"<p>\u270d\ufe0f I s\u010d\u00edt\u00e1n\u00ed m\u016f\u017ee b\u00fdt z\u00e1bava! Tato interaktivn\u00ed hra s dome\u010dky  \u2795 se skv\u011ble hod\u00ed na procvi\u010dov\u00e1n\u00ed s\u010d\u00edt\u00e1n\u00ed do dvaceti. V ka\u017ed\u00e9 bu\u0148ce d\u00edt\u011b vypln\u00ed \u010d\u00edslo, kter\u00e9 se se\u010dte se sousedn\u00ed bu\u0148kou tak, aby spole\u010dn\u011b d\u00e1valy sou\u010det na st\u0159e\u0161e.  <\/p>\n<p>Hra obsahuje: 24 karet s \u00fakoly, 6 list\u016f form\u00e1tu A4. <\/p>\n","protected":false},"excerpt":{"rendered":"<p>\u270d\ufe0f I s\u010d\u00edt\u00e1n\u00ed m\u016f\u017ee b\u00fdt z\u00e1bava! Tato interaktivn\u00ed hra s dome\u010dky \u2795 se skv\u011ble hod\u00ed na procvi\u010dov\u00e1n\u00ed s\u010d\u00edt\u00e1n\u00ed do dvaceti. V ka\u017ed\u00e9 bu\u0148ce d\u00edt\u011b vypln\u00ed \u010d\u00edslo, kter\u00e9 se se\u010dte se sousedn\u00ed bu\u0148kou tak, aby spole\u010dn\u011b d\u00e1valy sou\u010det na st\u0159e\u0161e. Hra obsahuje: 24 karet s \u00fakoly, 6 list\u016f form\u00e1tu A4.<\/p>\n","protected":false},"featured_media":6745,"comment_status":"closed","ping_status":"closed","template":"","meta":{"_acf_changed":false,"site-sidebar-layout":"default","site-content-layout":"","ast-site-content-layout":"default","site-content-style":"default","site-sidebar-style":"default","ast-global-header-display":"","ast-banner-title-visibility":"","ast-main-header-display":"","ast-hfb-above-header-display":"","ast-hfb-below-header-display":"","ast-hfb-mobile-header-display":"","site-post-title":"","ast-breadcrumbs-content":"","ast-featured-img":"","footer-sml-layout":"","ast-disable-related-posts":"","theme-transparent-header-meta":"default","adv-header-id-meta":"","stick-header-meta":"default","header-above-stick-meta":"","header-main-stick-meta":"","header-below-stick-meta":"","astra-migrate-meta-layouts":"default","ast-page-background-enabled":"default","ast-page-background-meta":{"desktop":{"background-color":"","background-image":"","background-repeat":"repeat","background-position":"center center","background-size":"auto","background-attachment":"scroll","background-type":"","background-media":"","overlay-type":"","overlay-color":"","overlay-opacity":"","overlay-gradient":""},"tablet":{"background-color":"","background-image":"","background-repeat":"repeat","background-position":"center center","background-size":"auto","background-attachment":"scroll","background-type":"","background-media":"","overlay-type":"","overlay-color":"","overlay-opacity":"","overlay-gradient":""},"mobile":{"background-color":"","background-image":"","background-repeat":"repeat","background-position":"center center","background-size":"auto","background-attachment":"scroll","background-type":"","background-media":"","overlay-type":"","overlay-color":"","overlay-opacity":"","overlay-gradient":""}},"ast-content-background-meta":{"desktop":{"background-color":"var(--ast-global-color-5)","background-image":"","background-repeat":"repeat","background-position":"center center","background-size":"auto","background-attachment":"scroll","background-type":"","background-media":"","overlay-type":"","overlay-color":"","overlay-opacity":"","overlay-gradient":""},"tablet":{"background-color":"var(--ast-global-color-5)","background-image":"","background-repeat":"repeat","background-position":"center center","background-size":"auto","background-attachment":"scroll","background-type":"","background-media":"","overlay-type":"","overlay-color":"","overlay-opacity":"","overlay-gradient":""},"mobile":{"background-color":"var(--ast-global-color-5)","background-image":"","background-repeat":"repeat","background-position":"center center","background-size":"auto","background-attachment":"scroll","background-type":"","background-media":"","overlay-type":"","overlay-color":"","overlay-opacity":"","overlay-gradient":""}}},"product_brand":[],"product_cat":[133],"product_tag":[],"class_list":{"0":"post-6743","1":"product","2":"type-product","3":"status-publish","4":"has-post-thumbnail","6":"product_cat-matematicke","7":"desktop-align-center","8":"tablet-align-left","9":"mobile-align-center","10":"ast-product-gallery-layout-first-image-large","11":"ast-product-tabs-layout-horizontal","13":"first","14":"instock","15":"sale","16":"downloadable","17":"virtual","18":"sold-individually","19":"purchasable","20":"product-type-simple"},"acf":[],"_links":{"self":[{"href":"https:\/\/kastenkidz.com\/cs\/wp-json\/wp\/v2\/product\/6743","targetHints":{"allow":["GET"]}}],"collection":[{"href":"https:\/\/kastenkidz.com\/cs\/wp-json\/wp\/v2\/product"}],"about":[{"href":"https:\/\/kastenkidz.com\/cs\/wp-json\/wp\/v2\/types\/product"}],"replies":[{"embeddable":true,"href":"https:\/\/kastenkidz.com\/cs\/wp-json\/wp\/v2\/comments?post=6743"}],"wp:featuredmedia":[{"embeddable":true,"href":"https:\/\/kastenkidz.com\/cs\/wp-json\/wp\/v2\/media\/6745"}],"wp:attachment":[{"href":"https:\/\/kastenkidz.com\/cs\/wp-json\/wp\/v2\/media?parent=6743"}],"wp:term":[{"taxonomy":"product_brand","embeddable":true,"href":"https:\/\/kastenkidz.com\/cs\/wp-json\/wp\/v2\/product_brand?post=6743"},{"taxonomy":"product_cat","embeddable":true,"href":"https:\/\/kastenkidz.com\/cs\/wp-json\/wp\/v2\/product_cat?post=6743"},{"taxonomy":"product_tag","embeddable":true,"href":"https:\/\/kastenkidz.com\/cs\/wp-json\/wp\/v2\/product_tag?post=6743"}],"curies":[{"name":"wp","href":"https:\/\/api.w.org\/{rel}","templated":true}]}}