{"id":6727,"date":"2025-02-06T16:45:33","date_gmt":"2025-02-06T16:45:33","guid":{"rendered":"https:\/\/kastenkidz.com\/product\/kazdodenni-pocasi-kalendar\/"},"modified":"2025-07-20T19:04:52","modified_gmt":"2025-07-20T19:04:52","slug":"kazdodenni-pocasi-kalendar","status":"publish","type":"product","link":"https:\/\/kastenkidz.com\/cs\/produkt\/kazdodenni-pocasi-kalendar\/","title":{"rendered":"Ka\u017edodenn\u00ed po\u010das\u00ed"},"content":{"rendered":"<p>Sta\u0148te se na chv\u00edli meteorologem!  \ufe0f  Ka\u017ed\u00e9 r\u00e1no nalep\u00ed d\u00edt\u011b karti\u010dku odpov\u00eddaj\u00edc\u00ed po\u010das\u00ed, kter\u00e9 vid\u00ed za okny.  Tato z\u00e1bavn\u00e1 aktivita nejen\u017ee d\u011btem pom\u016f\u017ee pozn\u00e1vat po\u010das\u00ed, ale tak\u00e9 jim usnadn\u00ed rozhodov\u00e1n\u00ed, co si vz\u00edt na sebe.   Skv\u011bl\u00fd ka\u017edodenn\u00ed ritu\u00e1l, kter\u00fd pou\u010d\u00ed i pobav\u00ed!<\/p>\n<p>Hra obsahuje: 2 listy pap\u00edru ve form\u00e1tu A4, p\u0159edlohu kalend\u00e1\u0159e a 10 karti\u010dek s druhy po\u010das\u00ed. <\/p>\n","protected":false},"excerpt":{"rendered":"<p>Sta\u0148te se na chv\u00edli meteorologem! \ufe0f Ka\u017ed\u00e9 r\u00e1no nalep\u00ed d\u00edt\u011b karti\u010dku odpov\u00eddaj\u00edc\u00ed po\u010das\u00ed, kter\u00e9 vid\u00ed za okny. Tato z\u00e1bavn\u00e1 aktivita nejen\u017ee d\u011btem pom\u016f\u017ee pozn\u00e1vat po\u010das\u00ed, ale tak\u00e9 jim usnadn\u00ed rozhodov\u00e1n\u00ed, co si vz\u00edt na sebe. Skv\u011bl\u00fd ka\u017edodenn\u00ed ritu\u00e1l, kter\u00fd pou\u010d\u00ed i pobav\u00ed! Hra obsahuje: 2 listy pap\u00edru ve form\u00e1tu A4, p\u0159edlohu kalend\u00e1\u0159e a 10 karti\u010dek [&hellip;]<\/p>\n","protected":false},"featured_media":6729,"comment_status":"closed","ping_status":"closed","template":"","meta":{"_acf_changed":false,"site-sidebar-layout":"default","site-content-layout":"","ast-site-content-layout":"default","site-content-style":"default","site-sidebar-style":"default","ast-global-header-display":"","ast-banner-title-visibility":"","ast-main-header-display":"","ast-hfb-above-header-display":"","ast-hfb-below-header-display":"","ast-hfb-mobile-header-display":"","site-post-title":"","ast-breadcrumbs-content":"","ast-featured-img":"","footer-sml-layout":"","ast-disable-related-posts":"","theme-transparent-header-meta":"default","adv-header-id-meta":"","stick-header-meta":"default","header-above-stick-meta":"","header-main-stick-meta":"","header-below-stick-meta":"","astra-migrate-meta-layouts":"default","ast-page-background-enabled":"default","ast-page-background-meta":{"desktop":{"background-color":"","background-image":"","background-repeat":"repeat","background-position":"center center","background-size":"auto","background-attachment":"scroll","background-type":"","background-media":"","overlay-type":"","overlay-color":"","overlay-opacity":"","overlay-gradient":""},"tablet":{"background-color":"","background-image":"","background-repeat":"repeat","background-position":"center center","background-size":"auto","background-attachment":"scroll","background-type":"","background-media":"","overlay-type":"","overlay-color":"","overlay-opacity":"","overlay-gradient":""},"mobile":{"background-color":"","background-image":"","background-repeat":"repeat","background-position":"center center","background-size":"auto","background-attachment":"scroll","background-type":"","background-media":"","overlay-type":"","overlay-color":"","overlay-opacity":"","overlay-gradient":""}},"ast-content-background-meta":{"desktop":{"background-color":"var(--ast-global-color-5)","background-image":"","background-repeat":"repeat","background-position":"center center","background-size":"auto","background-attachment":"scroll","background-type":"","background-media":"","overlay-type":"","overlay-color":"","overlay-opacity":"","overlay-gradient":""},"tablet":{"background-color":"var(--ast-global-color-5)","background-image":"","background-repeat":"repeat","background-position":"center center","background-size":"auto","background-attachment":"scroll","background-type":"","background-media":"","overlay-type":"","overlay-color":"","overlay-opacity":"","overlay-gradient":""},"mobile":{"background-color":"var(--ast-global-color-5)","background-image":"","background-repeat":"repeat","background-position":"center center","background-size":"auto","background-attachment":"scroll","background-type":"","background-media":"","overlay-type":"","overlay-color":"","overlay-opacity":"","overlay-gradient":""}}},"product_brand":[],"product_cat":[135],"product_tag":[],"class_list":{"0":"post-6727","1":"product","2":"type-product","3":"status-publish","4":"has-post-thumbnail","6":"product_cat-puzzle-a-karetni","7":"desktop-align-center","8":"tablet-align-left","9":"mobile-align-center","10":"ast-product-gallery-layout-first-image-large","11":"ast-product-gallery-with-no-image","12":"ast-product-tabs-layout-horizontal","14":"first","15":"instock","16":"sale","17":"downloadable","18":"virtual","19":"sold-individually","20":"purchasable","21":"product-type-simple"},"acf":[],"_links":{"self":[{"href":"https:\/\/kastenkidz.com\/cs\/wp-json\/wp\/v2\/product\/6727","targetHints":{"allow":["GET"]}}],"collection":[{"href":"https:\/\/kastenkidz.com\/cs\/wp-json\/wp\/v2\/product"}],"about":[{"href":"https:\/\/kastenkidz.com\/cs\/wp-json\/wp\/v2\/types\/product"}],"replies":[{"embeddable":true,"href":"https:\/\/kastenkidz.com\/cs\/wp-json\/wp\/v2\/comments?post=6727"}],"wp:featuredmedia":[{"embeddable":true,"href":"https:\/\/kastenkidz.com\/cs\/wp-json\/wp\/v2\/media\/6729"}],"wp:attachment":[{"href":"https:\/\/kastenkidz.com\/cs\/wp-json\/wp\/v2\/media?parent=6727"}],"wp:term":[{"taxonomy":"product_brand","embeddable":true,"href":"https:\/\/kastenkidz.com\/cs\/wp-json\/wp\/v2\/product_brand?post=6727"},{"taxonomy":"product_cat","embeddable":true,"href":"https:\/\/kastenkidz.com\/cs\/wp-json\/wp\/v2\/product_cat?post=6727"},{"taxonomy":"product_tag","embeddable":true,"href":"https:\/\/kastenkidz.com\/cs\/wp-json\/wp\/v2\/product_tag?post=6727"}],"curies":[{"name":"wp","href":"https:\/\/api.w.org\/{rel}","templated":true}]}}