{"id":6685,"date":"2025-02-06T16:45:33","date_gmt":"2025-02-06T16:45:33","guid":{"rendered":"https:\/\/kastenkidz.com\/product\/hra-na-obchod\/"},"modified":"2025-07-20T19:04:49","modified_gmt":"2025-07-20T19:04:49","slug":"hra-na-obchod","status":"publish","type":"product","link":"https:\/\/kastenkidz.com\/cs\/produkt\/hra-na-obchod\/","title":{"rendered":"Hra na obchod"},"content":{"rendered":"<p>Kdy\u017e se chce, u\u010den\u00ed m\u016f\u017ee b\u00fdt i z\u00e1bava \u2013 t\u0159eba d\u00edky t\u00e9to interaktivn\u00ed h\u0159e na obchod!   D\u011bti maj\u00ed za \u00fakol p\u0159e\u010d\u00edst si seznam zbo\u017e\u00ed a pak z\u00e1vod\u00ed, kdo rychleji p\u0159i\u0159ad\u00ed karti\u010dky s produkty a napln\u00ed n\u00e1kupn\u00ed ko\u0161\u00edk. Ide\u00e1ln\u00ed pro individu\u00e1ln\u00ed hru i jako sout\u011b\u017e ve skupin\u011b. A krom\u011b toho i skv\u011bl\u00fd zp\u016fsob zlep\u0161en\u00ed \u010dten\u00e1\u0159sk\u00fdch schopnost\u00ed z\u00e1bavnou formou.     <\/p>\n<p>Hra obsahuje: 4 listy form\u00e1tu A4. Seznamy produkt\u016f \u2013 4 ks, karty produkt\u016f \u2013 40 ks, \u0161ablonu hry <\/p>\n","protected":false},"excerpt":{"rendered":"<p>Kdy\u017e se chce, u\u010den\u00ed m\u016f\u017ee b\u00fdt i z\u00e1bava \u2013 t\u0159eba d\u00edky t\u00e9to interaktivn\u00ed h\u0159e na obchod! D\u011bti maj\u00ed za \u00fakol p\u0159e\u010d\u00edst si seznam zbo\u017e\u00ed a pak z\u00e1vod\u00ed, kdo rychleji p\u0159i\u0159ad\u00ed karti\u010dky s produkty a napln\u00ed n\u00e1kupn\u00ed ko\u0161\u00edk. Ide\u00e1ln\u00ed pro individu\u00e1ln\u00ed hru i jako sout\u011b\u017e ve skupin\u011b. A krom\u011b toho i skv\u011bl\u00fd zp\u016fsob zlep\u0161en\u00ed \u010dten\u00e1\u0159sk\u00fdch schopnost\u00ed [&hellip;]<\/p>\n","protected":false},"featured_media":6687,"comment_status":"closed","ping_status":"closed","template":"","meta":{"_acf_changed":false,"site-sidebar-layout":"default","site-content-layout":"","ast-site-content-layout":"default","site-content-style":"default","site-sidebar-style":"default","ast-global-header-display":"","ast-banner-title-visibility":"","ast-main-header-display":"","ast-hfb-above-header-display":"","ast-hfb-below-header-display":"","ast-hfb-mobile-header-display":"","site-post-title":"","ast-breadcrumbs-content":"","ast-featured-img":"","footer-sml-layout":"","ast-disable-related-posts":"","theme-transparent-header-meta":"default","adv-header-id-meta":"","stick-header-meta":"default","header-above-stick-meta":"","header-main-stick-meta":"","header-below-stick-meta":"","astra-migrate-meta-layouts":"default","ast-page-background-enabled":"default","ast-page-background-meta":{"desktop":{"background-color":"","background-image":"","background-repeat":"repeat","background-position":"center center","background-size":"auto","background-attachment":"scroll","background-type":"","background-media":"","overlay-type":"","overlay-color":"","overlay-opacity":"","overlay-gradient":""},"tablet":{"background-color":"","background-image":"","background-repeat":"repeat","background-position":"center center","background-size":"auto","background-attachment":"scroll","background-type":"","background-media":"","overlay-type":"","overlay-color":"","overlay-opacity":"","overlay-gradient":""},"mobile":{"background-color":"","background-image":"","background-repeat":"repeat","background-position":"center center","background-size":"auto","background-attachment":"scroll","background-type":"","background-media":"","overlay-type":"","overlay-color":"","overlay-opacity":"","overlay-gradient":""}},"ast-content-background-meta":{"desktop":{"background-color":"var(--ast-global-color-5)","background-image":"","background-repeat":"repeat","background-position":"center center","background-size":"auto","background-attachment":"scroll","background-type":"","background-media":"","overlay-type":"","overlay-color":"","overlay-opacity":"","overlay-gradient":""},"tablet":{"background-color":"var(--ast-global-color-5)","background-image":"","background-repeat":"repeat","background-position":"center center","background-size":"auto","background-attachment":"scroll","background-type":"","background-media":"","overlay-type":"","overlay-color":"","overlay-opacity":"","overlay-gradient":""},"mobile":{"background-color":"var(--ast-global-color-5)","background-image":"","background-repeat":"repeat","background-position":"center center","background-size":"auto","background-attachment":"scroll","background-type":"","background-media":"","overlay-type":"","overlay-color":"","overlay-opacity":"","overlay-gradient":""}}},"product_brand":[],"product_cat":[131,132],"product_tag":[],"class_list":{"0":"post-6685","1":"product","2":"type-product","3":"status-publish","4":"has-post-thumbnail","6":"product_cat-hry","7":"product_cat-jazyk","8":"desktop-align-center","9":"tablet-align-left","10":"mobile-align-center","11":"ast-product-gallery-layout-first-image-large","12":"ast-product-tabs-layout-horizontal","14":"first","15":"instock","16":"sale","17":"downloadable","18":"virtual","19":"sold-individually","20":"purchasable","21":"product-type-simple"},"acf":[],"_links":{"self":[{"href":"https:\/\/kastenkidz.com\/cs\/wp-json\/wp\/v2\/product\/6685","targetHints":{"allow":["GET"]}}],"collection":[{"href":"https:\/\/kastenkidz.com\/cs\/wp-json\/wp\/v2\/product"}],"about":[{"href":"https:\/\/kastenkidz.com\/cs\/wp-json\/wp\/v2\/types\/product"}],"replies":[{"embeddable":true,"href":"https:\/\/kastenkidz.com\/cs\/wp-json\/wp\/v2\/comments?post=6685"}],"wp:featuredmedia":[{"embeddable":true,"href":"https:\/\/kastenkidz.com\/cs\/wp-json\/wp\/v2\/media\/6687"}],"wp:attachment":[{"href":"https:\/\/kastenkidz.com\/cs\/wp-json\/wp\/v2\/media?parent=6685"}],"wp:term":[{"taxonomy":"product_brand","embeddable":true,"href":"https:\/\/kastenkidz.com\/cs\/wp-json\/wp\/v2\/product_brand?post=6685"},{"taxonomy":"product_cat","embeddable":true,"href":"https:\/\/kastenkidz.com\/cs\/wp-json\/wp\/v2\/product_cat?post=6685"},{"taxonomy":"product_tag","embeddable":true,"href":"https:\/\/kastenkidz.com\/cs\/wp-json\/wp\/v2\/product_tag?post=6685"}],"curies":[{"name":"wp","href":"https:\/\/api.w.org\/{rel}","templated":true}]}}