{"id":6671,"date":"2025-02-06T16:45:33","date_gmt":"2025-02-06T16:45:33","guid":{"rendered":"https:\/\/kastenkidz.com\/product\/odpovez-na-otazku\/"},"modified":"2025-07-20T19:04:48","modified_gmt":"2025-07-20T19:04:48","slug":"odpovez-na-otazku","status":"publish","type":"product","link":"https:\/\/kastenkidz.com\/cs\/produkt\/odpovez-na-otazku\/","title":{"rendered":"Odpov\u011bz na ot\u00e1zku"},"content":{"rendered":"<p>\u2753\u2753\u2753 Zdokonalte jazykov\u00e9 dovednosti sv\u00e9ho d\u00edt\u011bte snadno a rychle pomoc\u00ed na\u0161ich v\u00fdukov\u00fdch karet! Ide\u00e1ln\u00ed pro posilov\u00e1n\u00ed jazykov\u00fdch dovednost\u00ed a porozum\u011bn\u00ed z\u00e1bavnou a interaktivn\u00ed formou.     <\/p>\n<p>Hra obsahuje: 24 karet<br \/>\nTato vzd\u011bl\u00e1vac\u00ed pom\u016fcka je ur\u010den\u00e1 pro d\u011bti od 5 let. <\/p>\n","protected":false},"excerpt":{"rendered":"<p>\u2753\u2753\u2753 Zdokonalte jazykov\u00e9 dovednosti sv\u00e9ho d\u00edt\u011bte snadno a rychle pomoc\u00ed na\u0161ich v\u00fdukov\u00fdch karet! Ide\u00e1ln\u00ed pro posilov\u00e1n\u00ed jazykov\u00fdch dovednost\u00ed a porozum\u011bn\u00ed z\u00e1bavnou a interaktivn\u00ed formou. Hra obsahuje: 24 karet Tato vzd\u011bl\u00e1vac\u00ed pom\u016fcka je ur\u010den\u00e1 pro d\u011bti od 5 let.<\/p>\n","protected":false},"featured_media":6673,"comment_status":"closed","ping_status":"closed","template":"","meta":{"_acf_changed":false,"site-sidebar-layout":"default","site-content-layout":"","ast-site-content-layout":"default","site-content-style":"default","site-sidebar-style":"default","ast-global-header-display":"","ast-banner-title-visibility":"","ast-main-header-display":"","ast-hfb-above-header-display":"","ast-hfb-below-header-display":"","ast-hfb-mobile-header-display":"","site-post-title":"","ast-breadcrumbs-content":"","ast-featured-img":"","footer-sml-layout":"","ast-disable-related-posts":"","theme-transparent-header-meta":"default","adv-header-id-meta":"","stick-header-meta":"default","header-above-stick-meta":"","header-main-stick-meta":"","header-below-stick-meta":"","astra-migrate-meta-layouts":"default","ast-page-background-enabled":"default","ast-page-background-meta":{"desktop":{"background-color":"","background-image":"","background-repeat":"repeat","background-position":"center center","background-size":"auto","background-attachment":"scroll","background-type":"","background-media":"","overlay-type":"","overlay-color":"","overlay-opacity":"","overlay-gradient":""},"tablet":{"background-color":"","background-image":"","background-repeat":"repeat","background-position":"center center","background-size":"auto","background-attachment":"scroll","background-type":"","background-media":"","overlay-type":"","overlay-color":"","overlay-opacity":"","overlay-gradient":""},"mobile":{"background-color":"","background-image":"","background-repeat":"repeat","background-position":"center center","background-size":"auto","background-attachment":"scroll","background-type":"","background-media":"","overlay-type":"","overlay-color":"","overlay-opacity":"","overlay-gradient":""}},"ast-content-background-meta":{"desktop":{"background-color":"var(--ast-global-color-5)","background-image":"","background-repeat":"repeat","background-position":"center center","background-size":"auto","background-attachment":"scroll","background-type":"","background-media":"","overlay-type":"","overlay-color":"","overlay-opacity":"","overlay-gradient":""},"tablet":{"background-color":"var(--ast-global-color-5)","background-image":"","background-repeat":"repeat","background-position":"center center","background-size":"auto","background-attachment":"scroll","background-type":"","background-media":"","overlay-type":"","overlay-color":"","overlay-opacity":"","overlay-gradient":""},"mobile":{"background-color":"var(--ast-global-color-5)","background-image":"","background-repeat":"repeat","background-position":"center center","background-size":"auto","background-attachment":"scroll","background-type":"","background-media":"","overlay-type":"","overlay-color":"","overlay-opacity":"","overlay-gradient":""}}},"product_brand":[],"product_cat":[132],"product_tag":[],"class_list":{"0":"post-6671","1":"product","2":"type-product","3":"status-publish","4":"has-post-thumbnail","6":"product_cat-jazyk","7":"desktop-align-center","8":"tablet-align-left","9":"mobile-align-center","10":"ast-product-gallery-layout-first-image-large","11":"ast-product-tabs-layout-horizontal","13":"first","14":"instock","15":"sale","16":"downloadable","17":"virtual","18":"sold-individually","19":"purchasable","20":"product-type-simple"},"acf":[],"_links":{"self":[{"href":"https:\/\/kastenkidz.com\/cs\/wp-json\/wp\/v2\/product\/6671","targetHints":{"allow":["GET"]}}],"collection":[{"href":"https:\/\/kastenkidz.com\/cs\/wp-json\/wp\/v2\/product"}],"about":[{"href":"https:\/\/kastenkidz.com\/cs\/wp-json\/wp\/v2\/types\/product"}],"replies":[{"embeddable":true,"href":"https:\/\/kastenkidz.com\/cs\/wp-json\/wp\/v2\/comments?post=6671"}],"wp:featuredmedia":[{"embeddable":true,"href":"https:\/\/kastenkidz.com\/cs\/wp-json\/wp\/v2\/media\/6673"}],"wp:attachment":[{"href":"https:\/\/kastenkidz.com\/cs\/wp-json\/wp\/v2\/media?parent=6671"}],"wp:term":[{"taxonomy":"product_brand","embeddable":true,"href":"https:\/\/kastenkidz.com\/cs\/wp-json\/wp\/v2\/product_brand?post=6671"},{"taxonomy":"product_cat","embeddable":true,"href":"https:\/\/kastenkidz.com\/cs\/wp-json\/wp\/v2\/product_cat?post=6671"},{"taxonomy":"product_tag","embeddable":true,"href":"https:\/\/kastenkidz.com\/cs\/wp-json\/wp\/v2\/product_tag?post=6671"}],"curies":[{"name":"wp","href":"https:\/\/api.w.org\/{rel}","templated":true}]}}