{"id":6657,"date":"2025-02-06T16:45:33","date_gmt":"2025-02-06T16:45:33","guid":{"rendered":"https:\/\/kastenkidz.com\/product\/poznavame-ovoce-zeleninu-bobule\/"},"modified":"2025-07-20T19:04:47","modified_gmt":"2025-07-20T19:04:47","slug":"poznavame-ovoce-zeleninu-bobule","status":"publish","type":"product","link":"https:\/\/kastenkidz.com\/cs\/produkt\/poznavame-ovoce-zeleninu-bobule\/","title":{"rendered":"Pozn\u00e1v\u00e1me ovoce, zeleninu a bobule"},"content":{"rendered":"<p>Vezm\u011bte sv\u00e9 d\u00edt\u011b do sv\u011bta zdrav\u00fdch potravin!   Tato z\u00e1bavn\u00e1 hra pom\u00e1h\u00e1 d\u011btem rozpozn\u00e1vat a rozli\u0161ovat ovoce, zeleninu a bobule pomoc\u00ed fotografi\u00ed. Chutn\u00fd zp\u016fsob, jak se u\u010dit a r\u016fst!<br \/>\nRozdejte karty. \u00dakolem hr\u00e1\u010d\u016f je pokl\u00e1dat fotografie na p\u0159\u00edslu\u0161n\u00e9 obr\u00e1zky druh\u016f ovoce, zeleniny a bobul\u00ed.<\/p>\n<p>Hra obsahuje: 4 pracovn\u00ed listy form\u00e1tu A4 s obr\u00e1zky, 36 karet s fotografiemi <\/p>\n","protected":false},"excerpt":{"rendered":"<p>Vezm\u011bte sv\u00e9 d\u00edt\u011b do sv\u011bta zdrav\u00fdch potravin! Tato z\u00e1bavn\u00e1 hra pom\u00e1h\u00e1 d\u011btem rozpozn\u00e1vat a rozli\u0161ovat ovoce, zeleninu a bobule pomoc\u00ed fotografi\u00ed. Chutn\u00fd zp\u016fsob, jak se u\u010dit a r\u016fst! Rozdejte karty. \u00dakolem hr\u00e1\u010d\u016f je pokl\u00e1dat fotografie na p\u0159\u00edslu\u0161n\u00e9 obr\u00e1zky druh\u016f ovoce, zeleniny a bobul\u00ed. Hra obsahuje: 4 pracovn\u00ed listy form\u00e1tu A4 s obr\u00e1zky, 36 karet s [&hellip;]<\/p>\n","protected":false},"featured_media":6659,"comment_status":"closed","ping_status":"closed","template":"","meta":{"_acf_changed":false,"site-sidebar-layout":"default","site-content-layout":"","ast-site-content-layout":"default","site-content-style":"default","site-sidebar-style":"default","ast-global-header-display":"","ast-banner-title-visibility":"","ast-main-header-display":"","ast-hfb-above-header-display":"","ast-hfb-below-header-display":"","ast-hfb-mobile-header-display":"","site-post-title":"","ast-breadcrumbs-content":"","ast-featured-img":"","footer-sml-layout":"","ast-disable-related-posts":"","theme-transparent-header-meta":"default","adv-header-id-meta":"","stick-header-meta":"default","header-above-stick-meta":"","header-main-stick-meta":"","header-below-stick-meta":"","astra-migrate-meta-layouts":"default","ast-page-background-enabled":"default","ast-page-background-meta":{"desktop":{"background-color":"","background-image":"","background-repeat":"repeat","background-position":"center center","background-size":"auto","background-attachment":"scroll","background-type":"","background-media":"","overlay-type":"","overlay-color":"","overlay-opacity":"","overlay-gradient":""},"tablet":{"background-color":"","background-image":"","background-repeat":"repeat","background-position":"center center","background-size":"auto","background-attachment":"scroll","background-type":"","background-media":"","overlay-type":"","overlay-color":"","overlay-opacity":"","overlay-gradient":""},"mobile":{"background-color":"","background-image":"","background-repeat":"repeat","background-position":"center center","background-size":"auto","background-attachment":"scroll","background-type":"","background-media":"","overlay-type":"","overlay-color":"","overlay-opacity":"","overlay-gradient":""}},"ast-content-background-meta":{"desktop":{"background-color":"var(--ast-global-color-5)","background-image":"","background-repeat":"repeat","background-position":"center center","background-size":"auto","background-attachment":"scroll","background-type":"","background-media":"","overlay-type":"","overlay-color":"","overlay-opacity":"","overlay-gradient":""},"tablet":{"background-color":"var(--ast-global-color-5)","background-image":"","background-repeat":"repeat","background-position":"center center","background-size":"auto","background-attachment":"scroll","background-type":"","background-media":"","overlay-type":"","overlay-color":"","overlay-opacity":"","overlay-gradient":""},"mobile":{"background-color":"var(--ast-global-color-5)","background-image":"","background-repeat":"repeat","background-position":"center center","background-size":"auto","background-attachment":"scroll","background-type":"","background-media":"","overlay-type":"","overlay-color":"","overlay-opacity":"","overlay-gradient":""}}},"product_brand":[],"product_cat":[131,136],"product_tag":[],"class_list":{"0":"post-6657","1":"product","2":"type-product","3":"status-publish","4":"has-post-thumbnail","6":"product_cat-hry","7":"product_cat-trideni","8":"desktop-align-center","9":"tablet-align-left","10":"mobile-align-center","11":"ast-product-gallery-layout-first-image-large","12":"ast-product-tabs-layout-horizontal","14":"first","15":"instock","16":"sale","17":"downloadable","18":"virtual","19":"sold-individually","20":"purchasable","21":"product-type-simple"},"acf":[],"_links":{"self":[{"href":"https:\/\/kastenkidz.com\/cs\/wp-json\/wp\/v2\/product\/6657","targetHints":{"allow":["GET"]}}],"collection":[{"href":"https:\/\/kastenkidz.com\/cs\/wp-json\/wp\/v2\/product"}],"about":[{"href":"https:\/\/kastenkidz.com\/cs\/wp-json\/wp\/v2\/types\/product"}],"replies":[{"embeddable":true,"href":"https:\/\/kastenkidz.com\/cs\/wp-json\/wp\/v2\/comments?post=6657"}],"wp:featuredmedia":[{"embeddable":true,"href":"https:\/\/kastenkidz.com\/cs\/wp-json\/wp\/v2\/media\/6659"}],"wp:attachment":[{"href":"https:\/\/kastenkidz.com\/cs\/wp-json\/wp\/v2\/media?parent=6657"}],"wp:term":[{"taxonomy":"product_brand","embeddable":true,"href":"https:\/\/kastenkidz.com\/cs\/wp-json\/wp\/v2\/product_brand?post=6657"},{"taxonomy":"product_cat","embeddable":true,"href":"https:\/\/kastenkidz.com\/cs\/wp-json\/wp\/v2\/product_cat?post=6657"},{"taxonomy":"product_tag","embeddable":true,"href":"https:\/\/kastenkidz.com\/cs\/wp-json\/wp\/v2\/product_tag?post=6657"}],"curies":[{"name":"wp","href":"https:\/\/api.w.org\/{rel}","templated":true}]}}