{"id":6643,"date":"2025-02-06T16:45:33","date_gmt":"2025-02-06T16:45:33","guid":{"rendered":"https:\/\/kastenkidz.com\/product\/poznavame-domaci-divoka-zvirata\/"},"modified":"2025-07-20T19:04:45","modified_gmt":"2025-07-20T19:04:45","slug":"poznavame-domaci-divoka-zvirata","status":"publish","type":"product","link":"https:\/\/kastenkidz.com\/cs\/produkt\/poznavame-domaci-divoka-zvirata\/","title":{"rendered":"Pozn\u00e1v\u00e1me dom\u00e1c\u00ed a divok\u00e1 zv\u00ed\u0159ata"},"content":{"rendered":"<p>Pozn\u00e1vejte s d\u011btmi \u0159\u00ed\u0161i zv\u00ed\u0159at!   Tato z\u00e1bavn\u00e1 hra jim p\u0159edstav\u00ed n\u011bkter\u00e1 dom\u00e1c\u00ed a divok\u00e1 zv\u00ed\u0159ata a nau\u010d\u00ed je rozli\u0161ovat mezi obr\u00e1zky a fotografiemi. Skv\u011bl\u00fd zp\u016fsob, jak podn\u00edtit zv\u011bdavost a chu\u0165 do u\u010den\u00ed!<br \/>\nRozdejte karty. \u00dakolem hr\u00e1\u010d\u016f je pokl\u00e1dat fotografie zv\u00ed\u0159at na p\u0159\u00edslu\u0161n\u00e9 obr\u00e1zky. <\/p>\n<p>Hra obsahuje: 4 pracovn\u00ed listy form\u00e1tu A4 s obr\u00e1zky, 36 karet s fotografiemi <\/p>\n","protected":false},"excerpt":{"rendered":"<p>Pozn\u00e1vejte s d\u011btmi \u0159\u00ed\u0161i zv\u00ed\u0159at! Tato z\u00e1bavn\u00e1 hra jim p\u0159edstav\u00ed n\u011bkter\u00e1 dom\u00e1c\u00ed a divok\u00e1 zv\u00ed\u0159ata a nau\u010d\u00ed je rozli\u0161ovat mezi obr\u00e1zky a fotografiemi. Skv\u011bl\u00fd zp\u016fsob, jak podn\u00edtit zv\u011bdavost a chu\u0165 do u\u010den\u00ed! Rozdejte karty. \u00dakolem hr\u00e1\u010d\u016f je pokl\u00e1dat fotografie zv\u00ed\u0159at na p\u0159\u00edslu\u0161n\u00e9 obr\u00e1zky. Hra obsahuje: 4 pracovn\u00ed listy form\u00e1tu A4 s obr\u00e1zky, 36 karet s [&hellip;]<\/p>\n","protected":false},"featured_media":6645,"comment_status":"closed","ping_status":"closed","template":"","meta":{"_acf_changed":false,"site-sidebar-layout":"default","site-content-layout":"","ast-site-content-layout":"default","site-content-style":"default","site-sidebar-style":"default","ast-global-header-display":"","ast-banner-title-visibility":"","ast-main-header-display":"","ast-hfb-above-header-display":"","ast-hfb-below-header-display":"","ast-hfb-mobile-header-display":"","site-post-title":"","ast-breadcrumbs-content":"","ast-featured-img":"","footer-sml-layout":"","ast-disable-related-posts":"","theme-transparent-header-meta":"default","adv-header-id-meta":"","stick-header-meta":"default","header-above-stick-meta":"","header-main-stick-meta":"","header-below-stick-meta":"","astra-migrate-meta-layouts":"default","ast-page-background-enabled":"default","ast-page-background-meta":{"desktop":{"background-color":"","background-image":"","background-repeat":"repeat","background-position":"center center","background-size":"auto","background-attachment":"scroll","background-type":"","background-media":"","overlay-type":"","overlay-color":"","overlay-opacity":"","overlay-gradient":""},"tablet":{"background-color":"","background-image":"","background-repeat":"repeat","background-position":"center center","background-size":"auto","background-attachment":"scroll","background-type":"","background-media":"","overlay-type":"","overlay-color":"","overlay-opacity":"","overlay-gradient":""},"mobile":{"background-color":"","background-image":"","background-repeat":"repeat","background-position":"center center","background-size":"auto","background-attachment":"scroll","background-type":"","background-media":"","overlay-type":"","overlay-color":"","overlay-opacity":"","overlay-gradient":""}},"ast-content-background-meta":{"desktop":{"background-color":"var(--ast-global-color-5)","background-image":"","background-repeat":"repeat","background-position":"center center","background-size":"auto","background-attachment":"scroll","background-type":"","background-media":"","overlay-type":"","overlay-color":"","overlay-opacity":"","overlay-gradient":""},"tablet":{"background-color":"var(--ast-global-color-5)","background-image":"","background-repeat":"repeat","background-position":"center center","background-size":"auto","background-attachment":"scroll","background-type":"","background-media":"","overlay-type":"","overlay-color":"","overlay-opacity":"","overlay-gradient":""},"mobile":{"background-color":"var(--ast-global-color-5)","background-image":"","background-repeat":"repeat","background-position":"center center","background-size":"auto","background-attachment":"scroll","background-type":"","background-media":"","overlay-type":"","overlay-color":"","overlay-opacity":"","overlay-gradient":""}}},"product_brand":[],"product_cat":[131,136],"product_tag":[],"class_list":{"0":"post-6643","1":"product","2":"type-product","3":"status-publish","4":"has-post-thumbnail","6":"product_cat-hry","7":"product_cat-trideni","8":"desktop-align-center","9":"tablet-align-left","10":"mobile-align-center","11":"ast-product-gallery-layout-first-image-large","12":"ast-product-tabs-layout-horizontal","14":"first","15":"instock","16":"sale","17":"downloadable","18":"virtual","19":"sold-individually","20":"purchasable","21":"product-type-simple"},"acf":[],"_links":{"self":[{"href":"https:\/\/kastenkidz.com\/cs\/wp-json\/wp\/v2\/product\/6643","targetHints":{"allow":["GET"]}}],"collection":[{"href":"https:\/\/kastenkidz.com\/cs\/wp-json\/wp\/v2\/product"}],"about":[{"href":"https:\/\/kastenkidz.com\/cs\/wp-json\/wp\/v2\/types\/product"}],"replies":[{"embeddable":true,"href":"https:\/\/kastenkidz.com\/cs\/wp-json\/wp\/v2\/comments?post=6643"}],"wp:featuredmedia":[{"embeddable":true,"href":"https:\/\/kastenkidz.com\/cs\/wp-json\/wp\/v2\/media\/6645"}],"wp:attachment":[{"href":"https:\/\/kastenkidz.com\/cs\/wp-json\/wp\/v2\/media?parent=6643"}],"wp:term":[{"taxonomy":"product_brand","embeddable":true,"href":"https:\/\/kastenkidz.com\/cs\/wp-json\/wp\/v2\/product_brand?post=6643"},{"taxonomy":"product_cat","embeddable":true,"href":"https:\/\/kastenkidz.com\/cs\/wp-json\/wp\/v2\/product_cat?post=6643"},{"taxonomy":"product_tag","embeddable":true,"href":"https:\/\/kastenkidz.com\/cs\/wp-json\/wp\/v2\/product_tag?post=6643"}],"curies":[{"name":"wp","href":"https:\/\/api.w.org\/{rel}","templated":true}]}}