{"id":6629,"date":"2025-02-06T16:45:33","date_gmt":"2025-02-06T16:45:33","guid":{"rendered":"https:\/\/kastenkidz.com\/product\/veci-kolem-nas\/"},"modified":"2025-07-20T19:04:45","modified_gmt":"2025-07-20T19:04:45","slug":"veci-kolem-nas","status":"publish","type":"product","link":"https:\/\/kastenkidz.com\/cs\/produkt\/veci-kolem-nas\/","title":{"rendered":"V\u011bci kolem n\u00e1s"},"content":{"rendered":"<p>\u201eV\u011bci kolem n\u00e1s\u201c jsou pom\u016fckou pro d\u011bti, jej\u00edm\u017e c\u00edlem je uspo\u0159\u00e1d\u00e1n\u00ed n\u00e1bytku v pokoji a dal\u0161\u00edch p\u0159edm\u011bt\u016f na specifick\u00fdch m\u00edstech.<\/p>\n<p>Hra obsahuje: 6 m\u00edstnost\u00ed: kuchyni, koupelnu, p\u0159eds\u00ed\u0148, ob\u00fdvac\u00ed pokoj, lo\u017enici a d\u011btsk\u00fd pokoj ve form\u00e1tu A4.<br \/>\n36 obr\u00e1zk\u016f p\u0159edstavuj\u00edc\u00edch n\u00e1bytek a r\u016fzn\u00e9 p\u0159edm\u011bty. <\/p>\n","protected":false},"excerpt":{"rendered":"<p>\u201eV\u011bci kolem n\u00e1s\u201c jsou pom\u016fckou pro d\u011bti, jej\u00edm\u017e c\u00edlem je uspo\u0159\u00e1d\u00e1n\u00ed n\u00e1bytku v pokoji a dal\u0161\u00edch p\u0159edm\u011bt\u016f na specifick\u00fdch m\u00edstech. Hra obsahuje: 6 m\u00edstnost\u00ed: kuchyni, koupelnu, p\u0159eds\u00ed\u0148, ob\u00fdvac\u00ed pokoj, lo\u017enici a d\u011btsk\u00fd pokoj ve form\u00e1tu A4. 36 obr\u00e1zk\u016f p\u0159edstavuj\u00edc\u00edch n\u00e1bytek a r\u016fzn\u00e9 p\u0159edm\u011bty.<\/p>\n","protected":false},"featured_media":6631,"comment_status":"closed","ping_status":"closed","template":"","meta":{"_acf_changed":false,"site-sidebar-layout":"default","site-content-layout":"","ast-site-content-layout":"default","site-content-style":"default","site-sidebar-style":"default","ast-global-header-display":"","ast-banner-title-visibility":"","ast-main-header-display":"","ast-hfb-above-header-display":"","ast-hfb-below-header-display":"","ast-hfb-mobile-header-display":"","site-post-title":"","ast-breadcrumbs-content":"","ast-featured-img":"","footer-sml-layout":"","ast-disable-related-posts":"","theme-transparent-header-meta":"default","adv-header-id-meta":"","stick-header-meta":"default","header-above-stick-meta":"","header-main-stick-meta":"","header-below-stick-meta":"","astra-migrate-meta-layouts":"default","ast-page-background-enabled":"default","ast-page-background-meta":{"desktop":{"background-color":"","background-image":"","background-repeat":"repeat","background-position":"center center","background-size":"auto","background-attachment":"scroll","background-type":"","background-media":"","overlay-type":"","overlay-color":"","overlay-opacity":"","overlay-gradient":""},"tablet":{"background-color":"","background-image":"","background-repeat":"repeat","background-position":"center center","background-size":"auto","background-attachment":"scroll","background-type":"","background-media":"","overlay-type":"","overlay-color":"","overlay-opacity":"","overlay-gradient":""},"mobile":{"background-color":"","background-image":"","background-repeat":"repeat","background-position":"center center","background-size":"auto","background-attachment":"scroll","background-type":"","background-media":"","overlay-type":"","overlay-color":"","overlay-opacity":"","overlay-gradient":""}},"ast-content-background-meta":{"desktop":{"background-color":"var(--ast-global-color-5)","background-image":"","background-repeat":"repeat","background-position":"center center","background-size":"auto","background-attachment":"scroll","background-type":"","background-media":"","overlay-type":"","overlay-color":"","overlay-opacity":"","overlay-gradient":""},"tablet":{"background-color":"var(--ast-global-color-5)","background-image":"","background-repeat":"repeat","background-position":"center center","background-size":"auto","background-attachment":"scroll","background-type":"","background-media":"","overlay-type":"","overlay-color":"","overlay-opacity":"","overlay-gradient":""},"mobile":{"background-color":"var(--ast-global-color-5)","background-image":"","background-repeat":"repeat","background-position":"center center","background-size":"auto","background-attachment":"scroll","background-type":"","background-media":"","overlay-type":"","overlay-color":"","overlay-opacity":"","overlay-gradient":""}}},"product_brand":[],"product_cat":[136],"product_tag":[],"class_list":{"0":"post-6629","1":"product","2":"type-product","3":"status-publish","4":"has-post-thumbnail","6":"product_cat-trideni","7":"desktop-align-center","8":"tablet-align-left","9":"mobile-align-center","10":"ast-product-gallery-layout-first-image-large","11":"ast-product-tabs-layout-horizontal","13":"first","14":"instock","15":"sale","16":"downloadable","17":"virtual","18":"sold-individually","19":"purchasable","20":"product-type-simple"},"acf":[],"_links":{"self":[{"href":"https:\/\/kastenkidz.com\/cs\/wp-json\/wp\/v2\/product\/6629","targetHints":{"allow":["GET"]}}],"collection":[{"href":"https:\/\/kastenkidz.com\/cs\/wp-json\/wp\/v2\/product"}],"about":[{"href":"https:\/\/kastenkidz.com\/cs\/wp-json\/wp\/v2\/types\/product"}],"replies":[{"embeddable":true,"href":"https:\/\/kastenkidz.com\/cs\/wp-json\/wp\/v2\/comments?post=6629"}],"wp:featuredmedia":[{"embeddable":true,"href":"https:\/\/kastenkidz.com\/cs\/wp-json\/wp\/v2\/media\/6631"}],"wp:attachment":[{"href":"https:\/\/kastenkidz.com\/cs\/wp-json\/wp\/v2\/media?parent=6629"}],"wp:term":[{"taxonomy":"product_brand","embeddable":true,"href":"https:\/\/kastenkidz.com\/cs\/wp-json\/wp\/v2\/product_brand?post=6629"},{"taxonomy":"product_cat","embeddable":true,"href":"https:\/\/kastenkidz.com\/cs\/wp-json\/wp\/v2\/product_cat?post=6629"},{"taxonomy":"product_tag","embeddable":true,"href":"https:\/\/kastenkidz.com\/cs\/wp-json\/wp\/v2\/product_tag?post=6629"}],"curies":[{"name":"wp","href":"https:\/\/api.w.org\/{rel}","templated":true}]}}