{"id":6607,"date":"2025-02-06T16:45:33","date_gmt":"2025-02-06T16:45:33","guid":{"rendered":"https:\/\/kastenkidz.com\/product\/mam-singular-plural-hra\/"},"modified":"2025-07-20T19:04:43","modified_gmt":"2025-07-20T19:04:43","slug":"mam-singular-plural-hra","status":"publish","type":"product","link":"https:\/\/kastenkidz.com\/cs\/produkt\/mam-singular-plural-hra\/","title":{"rendered":"\u201eM\u00e1m\u201c \u2013 singul\u00e1r a plur\u00e1l"},"content":{"rendered":"<p>Hra \u201eM\u00e1m\u201c ve verzi singul\u00e1r a plur\u00e1l je z\u00e1bavnou v\u00fdukovou pom\u016fckou, kter\u00e1 d\u011bti sezn\u00e1m\u00ed s jednotn\u00fdm a mno\u017en\u00fdm \u010d\u00edslem podstatn\u00fdch jmen.<br \/>\nPravidla hry: V\u0161echny karty se rozdaj\u00ed mezi hr\u00e1\u010de. Ur\u010d\u00edme, kter\u00fd z hr\u00e1\u010d\u016f bude prvn\u00ed na tahu. Tento hr\u00e1\u010d se mus\u00ed nahlas zeptat ostatn\u00edch \u201eKdo m\u00e1\u2026\u201c a pojmenovat obr\u00e1zek na sv\u00e9 kart\u011b (nap\u0159. \u201e\u2026tal\u00ed\u0159e\u201c). Pot\u00e9 ostatn\u00ed hr\u00e1\u010di zkontroluj\u00ed, zda maj\u00ed na sv\u00fdch kart\u00e1ch tal\u00ed\u0159e. D\u00edt\u011b, na jeho\u017e karti\u010dce tal\u00ed\u0159e jsou, mus\u00ed zvolat \u201eM\u00e1m tal\u00ed\u0159e\u201c, n\u00e1sledn\u011b se zept\u00e1 ostatn\u00edch hr\u00e1\u010d\u016f \u201eKdo m\u00e1\u2026\u201c a uvede obr\u00e1zek pod t\u011bmito tal\u00ed\u0159i (nap\u0159. l\u017ei\u010dku). Karta je n\u00e1sledn\u011b ze hry odstran\u011bna a hra pokra\u010duje d\u00e1l stejn\u00fdm zp\u016fsobem.<\/p>\n<p>Hra obsahuje: 48 karet. <\/p>\n","protected":false},"excerpt":{"rendered":"<p>Hra \u201eM\u00e1m\u201c ve verzi singul\u00e1r a plur\u00e1l je z\u00e1bavnou v\u00fdukovou pom\u016fckou, kter\u00e1 d\u011bti sezn\u00e1m\u00ed s jednotn\u00fdm a mno\u017en\u00fdm \u010d\u00edslem podstatn\u00fdch jmen. Pravidla hry: V\u0161echny karty se rozdaj\u00ed mezi hr\u00e1\u010de. Ur\u010d\u00edme, kter\u00fd z hr\u00e1\u010d\u016f bude prvn\u00ed na tahu. Tento hr\u00e1\u010d se mus\u00ed nahlas zeptat ostatn\u00edch \u201eKdo m\u00e1\u2026\u201c a pojmenovat obr\u00e1zek na sv\u00e9 kart\u011b (nap\u0159. \u201e\u2026tal\u00ed\u0159e\u201c). Pot\u00e9 [&hellip;]<\/p>\n","protected":false},"featured_media":6609,"comment_status":"closed","ping_status":"closed","template":"","meta":{"_acf_changed":false,"site-sidebar-layout":"default","site-content-layout":"","ast-site-content-layout":"default","site-content-style":"default","site-sidebar-style":"default","ast-global-header-display":"","ast-banner-title-visibility":"","ast-main-header-display":"","ast-hfb-above-header-display":"","ast-hfb-below-header-display":"","ast-hfb-mobile-header-display":"","site-post-title":"","ast-breadcrumbs-content":"","ast-featured-img":"","footer-sml-layout":"","ast-disable-related-posts":"","theme-transparent-header-meta":"default","adv-header-id-meta":"","stick-header-meta":"default","header-above-stick-meta":"","header-main-stick-meta":"","header-below-stick-meta":"","astra-migrate-meta-layouts":"default","ast-page-background-enabled":"default","ast-page-background-meta":{"desktop":{"background-color":"","background-image":"","background-repeat":"repeat","background-position":"center center","background-size":"auto","background-attachment":"scroll","background-type":"","background-media":"","overlay-type":"","overlay-color":"","overlay-opacity":"","overlay-gradient":""},"tablet":{"background-color":"","background-image":"","background-repeat":"repeat","background-position":"center center","background-size":"auto","background-attachment":"scroll","background-type":"","background-media":"","overlay-type":"","overlay-color":"","overlay-opacity":"","overlay-gradient":""},"mobile":{"background-color":"","background-image":"","background-repeat":"repeat","background-position":"center center","background-size":"auto","background-attachment":"scroll","background-type":"","background-media":"","overlay-type":"","overlay-color":"","overlay-opacity":"","overlay-gradient":""}},"ast-content-background-meta":{"desktop":{"background-color":"var(--ast-global-color-5)","background-image":"","background-repeat":"repeat","background-position":"center center","background-size":"auto","background-attachment":"scroll","background-type":"","background-media":"","overlay-type":"","overlay-color":"","overlay-opacity":"","overlay-gradient":""},"tablet":{"background-color":"var(--ast-global-color-5)","background-image":"","background-repeat":"repeat","background-position":"center center","background-size":"auto","background-attachment":"scroll","background-type":"","background-media":"","overlay-type":"","overlay-color":"","overlay-opacity":"","overlay-gradient":""},"mobile":{"background-color":"var(--ast-global-color-5)","background-image":"","background-repeat":"repeat","background-position":"center center","background-size":"auto","background-attachment":"scroll","background-type":"","background-media":"","overlay-type":"","overlay-color":"","overlay-opacity":"","overlay-gradient":""}}},"product_brand":[],"product_cat":[131,132],"product_tag":[],"class_list":{"0":"post-6607","1":"product","2":"type-product","3":"status-publish","4":"has-post-thumbnail","6":"product_cat-hry","7":"product_cat-jazyk","8":"desktop-align-center","9":"tablet-align-left","10":"mobile-align-center","11":"ast-product-gallery-layout-first-image-large","12":"ast-product-gallery-with-no-image","13":"ast-product-tabs-layout-horizontal","15":"first","16":"instock","17":"sale","18":"downloadable","19":"virtual","20":"sold-individually","21":"purchasable","22":"product-type-simple"},"acf":[],"_links":{"self":[{"href":"https:\/\/kastenkidz.com\/cs\/wp-json\/wp\/v2\/product\/6607","targetHints":{"allow":["GET"]}}],"collection":[{"href":"https:\/\/kastenkidz.com\/cs\/wp-json\/wp\/v2\/product"}],"about":[{"href":"https:\/\/kastenkidz.com\/cs\/wp-json\/wp\/v2\/types\/product"}],"replies":[{"embeddable":true,"href":"https:\/\/kastenkidz.com\/cs\/wp-json\/wp\/v2\/comments?post=6607"}],"wp:featuredmedia":[{"embeddable":true,"href":"https:\/\/kastenkidz.com\/cs\/wp-json\/wp\/v2\/media\/6609"}],"wp:attachment":[{"href":"https:\/\/kastenkidz.com\/cs\/wp-json\/wp\/v2\/media?parent=6607"}],"wp:term":[{"taxonomy":"product_brand","embeddable":true,"href":"https:\/\/kastenkidz.com\/cs\/wp-json\/wp\/v2\/product_brand?post=6607"},{"taxonomy":"product_cat","embeddable":true,"href":"https:\/\/kastenkidz.com\/cs\/wp-json\/wp\/v2\/product_cat?post=6607"},{"taxonomy":"product_tag","embeddable":true,"href":"https:\/\/kastenkidz.com\/cs\/wp-json\/wp\/v2\/product_tag?post=6607"}],"curies":[{"name":"wp","href":"https:\/\/api.w.org\/{rel}","templated":true}]}}