{"id":6593,"date":"2025-02-06T16:45:33","date_gmt":"2025-02-06T16:45:33","guid":{"rendered":"https:\/\/kastenkidz.com\/product\/obrazce-podle-vzoru\/"},"modified":"2025-07-20T19:04:42","modified_gmt":"2025-07-20T19:04:42","slug":"obrazce-podle-vzoru","status":"publish","type":"product","link":"https:\/\/kastenkidz.com\/cs\/produkt\/obrazce-podle-vzoru\/","title":{"rendered":"Obrazce podle vzoru"},"content":{"rendered":"<p>D\u00edt\u011b m\u00e1 za \u00fakol spojovat te\u010dky \u010darami podle uveden\u00e9ho obrazce.<br \/>\nD\u011bti \u010dasto r\u00e1dy tvo\u0159\u00ed a vyjad\u0159uj\u00ed sv\u00e9 my\u0161lenky kreslen\u00edm nebo skicov\u00e1n\u00edm. \u201e\u010c\u00e1ry podle vzoru\u201c pom\u00e1haj\u00ed d\u011btem rozv\u00edjet koncentraci, pozornost a dal\u0161\u00ed dovednosti.<\/p>\n<p>Hra obsahuje: 20 karet s obrazci, velikost karty 12,5 \u00d7 8,5 cm.<br \/>\n20 karet s te\u010dkami pro kreslen\u00ed \u010dar, velikost karty 12,5 \u00d7 8,5 cm. <\/p>\n","protected":false},"excerpt":{"rendered":"<p>D\u00edt\u011b m\u00e1 za \u00fakol spojovat te\u010dky \u010darami podle uveden\u00e9ho obrazce. D\u011bti \u010dasto r\u00e1dy tvo\u0159\u00ed a vyjad\u0159uj\u00ed sv\u00e9 my\u0161lenky kreslen\u00edm nebo skicov\u00e1n\u00edm. \u201e\u010c\u00e1ry podle vzoru\u201c pom\u00e1haj\u00ed d\u011btem rozv\u00edjet koncentraci, pozornost a dal\u0161\u00ed dovednosti. Hra obsahuje: 20 karet s obrazci, velikost karty 12,5 \u00d7 8,5 cm. 20 karet s te\u010dkami pro kreslen\u00ed \u010dar, velikost karty 12,5 \u00d7 [&hellip;]<\/p>\n","protected":false},"featured_media":6595,"comment_status":"closed","ping_status":"closed","template":"","meta":{"_acf_changed":false,"site-sidebar-layout":"default","site-content-layout":"","ast-site-content-layout":"default","site-content-style":"default","site-sidebar-style":"default","ast-global-header-display":"","ast-banner-title-visibility":"","ast-main-header-display":"","ast-hfb-above-header-display":"","ast-hfb-below-header-display":"","ast-hfb-mobile-header-display":"","site-post-title":"","ast-breadcrumbs-content":"","ast-featured-img":"","footer-sml-layout":"","ast-disable-related-posts":"","theme-transparent-header-meta":"default","adv-header-id-meta":"","stick-header-meta":"default","header-above-stick-meta":"","header-main-stick-meta":"","header-below-stick-meta":"","astra-migrate-meta-layouts":"default","ast-page-background-enabled":"default","ast-page-background-meta":{"desktop":{"background-color":"","background-image":"","background-repeat":"repeat","background-position":"center center","background-size":"auto","background-attachment":"scroll","background-type":"","background-media":"","overlay-type":"","overlay-color":"","overlay-opacity":"","overlay-gradient":""},"tablet":{"background-color":"","background-image":"","background-repeat":"repeat","background-position":"center center","background-size":"auto","background-attachment":"scroll","background-type":"","background-media":"","overlay-type":"","overlay-color":"","overlay-opacity":"","overlay-gradient":""},"mobile":{"background-color":"","background-image":"","background-repeat":"repeat","background-position":"center center","background-size":"auto","background-attachment":"scroll","background-type":"","background-media":"","overlay-type":"","overlay-color":"","overlay-opacity":"","overlay-gradient":""}},"ast-content-background-meta":{"desktop":{"background-color":"var(--ast-global-color-5)","background-image":"","background-repeat":"repeat","background-position":"center center","background-size":"auto","background-attachment":"scroll","background-type":"","background-media":"","overlay-type":"","overlay-color":"","overlay-opacity":"","overlay-gradient":""},"tablet":{"background-color":"var(--ast-global-color-5)","background-image":"","background-repeat":"repeat","background-position":"center center","background-size":"auto","background-attachment":"scroll","background-type":"","background-media":"","overlay-type":"","overlay-color":"","overlay-opacity":"","overlay-gradient":""},"mobile":{"background-color":"var(--ast-global-color-5)","background-image":"","background-repeat":"repeat","background-position":"center center","background-size":"auto","background-attachment":"scroll","background-type":"","background-media":"","overlay-type":"","overlay-color":"","overlay-opacity":"","overlay-gradient":""}}},"product_brand":[],"product_cat":[134],"product_tag":[],"class_list":{"0":"post-6593","1":"product","2":"type-product","3":"status-publish","4":"has-post-thumbnail","6":"product_cat-pamet-a-pozornost","7":"desktop-align-center","8":"tablet-align-left","9":"mobile-align-center","10":"ast-product-gallery-layout-first-image-large","11":"ast-product-tabs-layout-horizontal","13":"first","14":"instock","15":"sale","16":"downloadable","17":"virtual","18":"sold-individually","19":"purchasable","20":"product-type-simple"},"acf":[],"_links":{"self":[{"href":"https:\/\/kastenkidz.com\/cs\/wp-json\/wp\/v2\/product\/6593","targetHints":{"allow":["GET"]}}],"collection":[{"href":"https:\/\/kastenkidz.com\/cs\/wp-json\/wp\/v2\/product"}],"about":[{"href":"https:\/\/kastenkidz.com\/cs\/wp-json\/wp\/v2\/types\/product"}],"replies":[{"embeddable":true,"href":"https:\/\/kastenkidz.com\/cs\/wp-json\/wp\/v2\/comments?post=6593"}],"wp:featuredmedia":[{"embeddable":true,"href":"https:\/\/kastenkidz.com\/cs\/wp-json\/wp\/v2\/media\/6595"}],"wp:attachment":[{"href":"https:\/\/kastenkidz.com\/cs\/wp-json\/wp\/v2\/media?parent=6593"}],"wp:term":[{"taxonomy":"product_brand","embeddable":true,"href":"https:\/\/kastenkidz.com\/cs\/wp-json\/wp\/v2\/product_brand?post=6593"},{"taxonomy":"product_cat","embeddable":true,"href":"https:\/\/kastenkidz.com\/cs\/wp-json\/wp\/v2\/product_cat?post=6593"},{"taxonomy":"product_tag","embeddable":true,"href":"https:\/\/kastenkidz.com\/cs\/wp-json\/wp\/v2\/product_tag?post=6593"}],"curies":[{"name":"wp","href":"https:\/\/api.w.org\/{rel}","templated":true}]}}