{"id":6571,"date":"2025-02-06T16:45:33","date_gmt":"2025-02-06T16:45:33","guid":{"rendered":"https:\/\/kastenkidz.com\/product\/cisla-plakaty\/"},"modified":"2025-07-25T14:22:28","modified_gmt":"2025-07-25T14:22:28","slug":"cisla-plakaty","status":"publish","type":"product","link":"https:\/\/kastenkidz.com\/cs\/produkt\/cisla-plakaty\/","title":{"rendered":"\u010c\u00edsla"},"content":{"rendered":"<p>\u200d S na\u0161imi pestrobarevn\u00fdmi plak\u00e1ty s \u010d\u00edsly bude jejich u\u010den\u00ed hra\u010dka! Ka\u017ed\u00fd plak\u00e1t form\u00e1tu A4 je navr\u017een tak, aby d\u011btem pomohl snadno rozpoznat \u010d\u00edsla a zapamatovat si je. Ide\u00e1ln\u00ed volba pro t\u0159\u00eddy, herny nebo i do d\u011btsk\u00e9ho pokoje. Objednejte si ten sv\u016fj je\u0161t\u011b dnes! 1\ufe0f\u20e32\ufe0f\u20e33\ufe0f\u20e3\u270f\ufe0f<\/p>\n<p>Hra obsahuje: 11 plak\u00e1t\u016f s \u010d\u00edsly od 0 do 10 ve form\u00e1tu A4.<\/p>\n","protected":false},"excerpt":{"rendered":"<p>\u200d S na\u0161imi pestrobarevn\u00fdmi plak\u00e1ty s \u010d\u00edsly bude jejich u\u010den\u00ed hra\u010dka! Ka\u017ed\u00fd plak\u00e1t form\u00e1tu A4 je navr\u017een tak, aby d\u011btem pomohl snadno rozpoznat \u010d\u00edsla a zapamatovat si je. Ide\u00e1ln\u00ed volba pro t\u0159\u00eddy, herny nebo i do d\u011btsk\u00e9ho pokoje. Objednejte si ten sv\u016fj je\u0161t\u011b dnes! 1\ufe0f\u20e32\ufe0f\u20e33\ufe0f\u20e3\u270f\ufe0f Hra obsahuje: 11 plak\u00e1t\u016f s \u010d\u00edsly od 0 do 10 [&hellip;]<\/p>\n","protected":false},"featured_media":6573,"comment_status":"closed","ping_status":"closed","template":"","meta":{"_acf_changed":false,"site-sidebar-layout":"default","site-content-layout":"","ast-site-content-layout":"default","site-content-style":"default","site-sidebar-style":"default","ast-global-header-display":"","ast-banner-title-visibility":"","ast-main-header-display":"","ast-hfb-above-header-display":"","ast-hfb-below-header-display":"","ast-hfb-mobile-header-display":"","site-post-title":"","ast-breadcrumbs-content":"","ast-featured-img":"","footer-sml-layout":"","ast-disable-related-posts":"","theme-transparent-header-meta":"default","adv-header-id-meta":"","stick-header-meta":"default","header-above-stick-meta":"","header-main-stick-meta":"","header-below-stick-meta":"","astra-migrate-meta-layouts":"set","ast-page-background-enabled":"default","ast-page-background-meta":{"desktop":{"background-color":"","background-image":"","background-repeat":"repeat","background-position":"center center","background-size":"auto","background-attachment":"scroll","background-type":"","background-media":"","overlay-type":"","overlay-color":"","overlay-opacity":"","overlay-gradient":""},"tablet":{"background-color":"","background-image":"","background-repeat":"repeat","background-position":"center center","background-size":"auto","background-attachment":"scroll","background-type":"","background-media":"","overlay-type":"","overlay-color":"","overlay-opacity":"","overlay-gradient":""},"mobile":{"background-color":"","background-image":"","background-repeat":"repeat","background-position":"center center","background-size":"auto","background-attachment":"scroll","background-type":"","background-media":"","overlay-type":"","overlay-color":"","overlay-opacity":"","overlay-gradient":""}},"ast-content-background-meta":{"desktop":{"background-color":"var(--ast-global-color-5)","background-image":"","background-repeat":"repeat","background-position":"center center","background-size":"auto","background-attachment":"scroll","background-type":"","background-media":"","overlay-type":"","overlay-color":"","overlay-opacity":"","overlay-gradient":""},"tablet":{"background-color":"var(--ast-global-color-5)","background-image":"","background-repeat":"repeat","background-position":"center center","background-size":"auto","background-attachment":"scroll","background-type":"","background-media":"","overlay-type":"","overlay-color":"","overlay-opacity":"","overlay-gradient":""},"mobile":{"background-color":"var(--ast-global-color-5)","background-image":"","background-repeat":"repeat","background-position":"center center","background-size":"auto","background-attachment":"scroll","background-type":"","background-media":"","overlay-type":"","overlay-color":"","overlay-opacity":"","overlay-gradient":""}}},"product_brand":[],"product_cat":[135],"product_tag":[],"class_list":{"0":"post-6571","1":"product","2":"type-product","3":"status-publish","4":"has-post-thumbnail","6":"product_cat-puzzle-a-karetni","7":"desktop-align-center","8":"tablet-align-left","9":"mobile-align-center","10":"ast-product-gallery-layout-first-image-large","11":"ast-product-tabs-layout-horizontal","13":"first","14":"instock","15":"sale","16":"downloadable","17":"virtual","18":"sold-individually","19":"purchasable","20":"product-type-simple"},"acf":[],"_links":{"self":[{"href":"https:\/\/kastenkidz.com\/cs\/wp-json\/wp\/v2\/product\/6571","targetHints":{"allow":["GET"]}}],"collection":[{"href":"https:\/\/kastenkidz.com\/cs\/wp-json\/wp\/v2\/product"}],"about":[{"href":"https:\/\/kastenkidz.com\/cs\/wp-json\/wp\/v2\/types\/product"}],"replies":[{"embeddable":true,"href":"https:\/\/kastenkidz.com\/cs\/wp-json\/wp\/v2\/comments?post=6571"}],"wp:featuredmedia":[{"embeddable":true,"href":"https:\/\/kastenkidz.com\/cs\/wp-json\/wp\/v2\/media\/6573"}],"wp:attachment":[{"href":"https:\/\/kastenkidz.com\/cs\/wp-json\/wp\/v2\/media?parent=6571"}],"wp:term":[{"taxonomy":"product_brand","embeddable":true,"href":"https:\/\/kastenkidz.com\/cs\/wp-json\/wp\/v2\/product_brand?post=6571"},{"taxonomy":"product_cat","embeddable":true,"href":"https:\/\/kastenkidz.com\/cs\/wp-json\/wp\/v2\/product_cat?post=6571"},{"taxonomy":"product_tag","embeddable":true,"href":"https:\/\/kastenkidz.com\/cs\/wp-json\/wp\/v2\/product_tag?post=6571"}],"curies":[{"name":"wp","href":"https:\/\/api.w.org\/{rel}","templated":true}]}}