{"id":6543,"date":"2025-02-06T16:45:33","date_gmt":"2025-02-06T16:45:33","guid":{"rendered":"https:\/\/kastenkidz.com\/product\/protiklady\/"},"modified":"2025-07-20T19:04:38","modified_gmt":"2025-07-20T19:04:38","slug":"protiklady","status":"publish","type":"product","link":"https:\/\/kastenkidz.com\/cs\/produkt\/protiklady\/","title":{"rendered":"Protiklady"},"content":{"rendered":"<p>Karti\u010dky p\u0159edstavuj\u00edc\u00ed opaky se sna\u017e\u00ed d\u011btem n\u00e1zorn\u011b uk\u00e1zat, jak mohou protiklady vypadat v b\u011b\u017en\u00e9m \u017eivot\u011b.<br \/>\nHra je ur\u010dena pro p\u0159ed\u0161kol\u00e1ky a \u017e\u00e1ky z\u00e1kladn\u00ed \u0161koly a m\u00e1 pomoci d\u011btem pochopit koncept slov s opa\u010dn\u00fdmi v\u00fdznamy. Je ide\u00e1ln\u00ed v r\u00e1mci vzd\u011bl\u00e1v\u00e1n\u00ed d\u011bt\u00ed se speci\u00e1ln\u00edmi vzd\u011bl\u00e1vac\u00edmi pot\u0159ebami.<\/p>\n<p>Hra obsahuje: 60 karet p\u0159edstavuj\u00edc\u00edch vlastnosti \u010di jevy a jejich opaky.<br \/>\nRozm\u011bry karet: 9 \u00d7 8,5 cm <\/p>\n","protected":false},"excerpt":{"rendered":"<p>Karti\u010dky p\u0159edstavuj\u00edc\u00ed opaky se sna\u017e\u00ed d\u011btem n\u00e1zorn\u011b uk\u00e1zat, jak mohou protiklady vypadat v b\u011b\u017en\u00e9m \u017eivot\u011b. Hra je ur\u010dena pro p\u0159ed\u0161kol\u00e1ky a \u017e\u00e1ky z\u00e1kladn\u00ed \u0161koly a m\u00e1 pomoci d\u011btem pochopit koncept slov s opa\u010dn\u00fdmi v\u00fdznamy. Je ide\u00e1ln\u00ed v r\u00e1mci vzd\u011bl\u00e1v\u00e1n\u00ed d\u011bt\u00ed se speci\u00e1ln\u00edmi vzd\u011bl\u00e1vac\u00edmi pot\u0159ebami. Hra obsahuje: 60 karet p\u0159edstavuj\u00edc\u00edch vlastnosti \u010di jevy a jejich opaky. [&hellip;]<\/p>\n","protected":false},"featured_media":6545,"comment_status":"closed","ping_status":"closed","template":"","meta":{"_acf_changed":false,"site-sidebar-layout":"default","site-content-layout":"","ast-site-content-layout":"default","site-content-style":"default","site-sidebar-style":"default","ast-global-header-display":"","ast-banner-title-visibility":"","ast-main-header-display":"","ast-hfb-above-header-display":"","ast-hfb-below-header-display":"","ast-hfb-mobile-header-display":"","site-post-title":"","ast-breadcrumbs-content":"","ast-featured-img":"","footer-sml-layout":"","ast-disable-related-posts":"","theme-transparent-header-meta":"default","adv-header-id-meta":"","stick-header-meta":"default","header-above-stick-meta":"","header-main-stick-meta":"","header-below-stick-meta":"","astra-migrate-meta-layouts":"default","ast-page-background-enabled":"default","ast-page-background-meta":{"desktop":{"background-color":"","background-image":"","background-repeat":"repeat","background-position":"center center","background-size":"auto","background-attachment":"scroll","background-type":"","background-media":"","overlay-type":"","overlay-color":"","overlay-opacity":"","overlay-gradient":""},"tablet":{"background-color":"","background-image":"","background-repeat":"repeat","background-position":"center center","background-size":"auto","background-attachment":"scroll","background-type":"","background-media":"","overlay-type":"","overlay-color":"","overlay-opacity":"","overlay-gradient":""},"mobile":{"background-color":"","background-image":"","background-repeat":"repeat","background-position":"center center","background-size":"auto","background-attachment":"scroll","background-type":"","background-media":"","overlay-type":"","overlay-color":"","overlay-opacity":"","overlay-gradient":""}},"ast-content-background-meta":{"desktop":{"background-color":"var(--ast-global-color-5)","background-image":"","background-repeat":"repeat","background-position":"center center","background-size":"auto","background-attachment":"scroll","background-type":"","background-media":"","overlay-type":"","overlay-color":"","overlay-opacity":"","overlay-gradient":""},"tablet":{"background-color":"var(--ast-global-color-5)","background-image":"","background-repeat":"repeat","background-position":"center center","background-size":"auto","background-attachment":"scroll","background-type":"","background-media":"","overlay-type":"","overlay-color":"","overlay-opacity":"","overlay-gradient":""},"mobile":{"background-color":"var(--ast-global-color-5)","background-image":"","background-repeat":"repeat","background-position":"center center","background-size":"auto","background-attachment":"scroll","background-type":"","background-media":"","overlay-type":"","overlay-color":"","overlay-opacity":"","overlay-gradient":""}}},"product_brand":[],"product_cat":[135],"product_tag":[],"class_list":{"0":"post-6543","1":"product","2":"type-product","3":"status-publish","4":"has-post-thumbnail","6":"product_cat-puzzle-a-karetni","7":"desktop-align-center","8":"tablet-align-left","9":"mobile-align-center","10":"ast-product-gallery-layout-first-image-large","11":"ast-product-tabs-layout-horizontal","13":"first","14":"instock","15":"sale","16":"downloadable","17":"virtual","18":"sold-individually","19":"purchasable","20":"product-type-simple"},"acf":[],"_links":{"self":[{"href":"https:\/\/kastenkidz.com\/cs\/wp-json\/wp\/v2\/product\/6543","targetHints":{"allow":["GET"]}}],"collection":[{"href":"https:\/\/kastenkidz.com\/cs\/wp-json\/wp\/v2\/product"}],"about":[{"href":"https:\/\/kastenkidz.com\/cs\/wp-json\/wp\/v2\/types\/product"}],"replies":[{"embeddable":true,"href":"https:\/\/kastenkidz.com\/cs\/wp-json\/wp\/v2\/comments?post=6543"}],"wp:featuredmedia":[{"embeddable":true,"href":"https:\/\/kastenkidz.com\/cs\/wp-json\/wp\/v2\/media\/6545"}],"wp:attachment":[{"href":"https:\/\/kastenkidz.com\/cs\/wp-json\/wp\/v2\/media?parent=6543"}],"wp:term":[{"taxonomy":"product_brand","embeddable":true,"href":"https:\/\/kastenkidz.com\/cs\/wp-json\/wp\/v2\/product_brand?post=6543"},{"taxonomy":"product_cat","embeddable":true,"href":"https:\/\/kastenkidz.com\/cs\/wp-json\/wp\/v2\/product_cat?post=6543"},{"taxonomy":"product_tag","embeddable":true,"href":"https:\/\/kastenkidz.com\/cs\/wp-json\/wp\/v2\/product_tag?post=6543"}],"curies":[{"name":"wp","href":"https:\/\/api.w.org\/{rel}","templated":true}]}}