{"id":6535,"date":"2025-02-06T16:45:33","date_gmt":"2025-02-06T16:45:33","guid":{"rendered":"https:\/\/kastenkidz.com\/product\/mam-nasobime-hra\/"},"modified":"2025-07-25T11:21:25","modified_gmt":"2025-07-25T11:21:25","slug":"mam-nasobime-hra","status":"publish","type":"product","link":"https:\/\/kastenkidz.com\/cs\/produkt\/mam-nasobime-hra\/","title":{"rendered":"\u201eM\u00e1m\u201c \u2013 n\u00e1sob\u00edme!"},"content":{"rendered":"<p>\u201eM\u00e1m\u201c ve verzi n\u00e1soben\u00ed je hra a z\u00e1rove\u0148 i pom\u016fcka pro v\u00fduku n\u00e1soben\u00ed do 10.<br \/>\nPravidla hry: V\u0161echny karty se rozdaj\u00ed mezi hr\u00e1\u010de. Ur\u010d\u00edme, kter\u00fd z hr\u00e1\u010d\u016f bude prvn\u00ed na tahu. Tento hr\u00e1\u010d se mus\u00ed nahlas zeptat ostatn\u00edch \u201eKdo m\u00e1\u2026\u201c a uv\u00e9st po\u010detn\u00ed operaci (nap\u0159. \u201e4\u00d74\u201c). V reakci na to v\u0161ichni hr\u00e1\u010di v duchu po\u010d\u00edtaj\u00ed a ov\u011b\u0159uj\u00ed, zda se na jejich kart\u00e1ch nach\u00e1z\u00ed p\u0159\u00edslu\u0161n\u00fd sou\u010det. Hr\u00e1\u010d, kter\u00fd to zvl\u00e1dne jako prvn\u00ed, mus\u00ed zahl\u00e1sit \u201eM\u00e1m\u201c a \u0159\u00edci v\u00fdsledek (16), a pokra\u010dovat dotazem \u201eKdo m\u00e1\u2026\u201c n\u00e1sledovan\u00fdm po\u010detn\u00ed operac\u00ed ze sv\u00e9 karty. Karta je odlo\u017eena a d\u011bti znovu po\u010d\u00edtaj\u00ed a ov\u011b\u0159uj\u00ed, zda maj\u00ed p\u0159\u00edslu\u0161n\u00fd sou\u010det na n\u011bkter\u00e9 ze sv\u00fdch karet.<\/p>\n<p>Hra obsahuje: 40 karet s operacemi s\u010d\u00edt\u00e1n\u00ed a od\u010d\u00edt\u00e1n\u00ed do 10.<\/p>\n","protected":false},"excerpt":{"rendered":"<p>\u201eM\u00e1m\u201c ve verzi n\u00e1soben\u00ed je hra a z\u00e1rove\u0148 i pom\u016fcka pro v\u00fduku n\u00e1soben\u00ed do 10. Pravidla hry: V\u0161echny karty se rozdaj\u00ed mezi hr\u00e1\u010de. Ur\u010d\u00edme, kter\u00fd z hr\u00e1\u010d\u016f bude prvn\u00ed na tahu. Tento hr\u00e1\u010d se mus\u00ed nahlas zeptat ostatn\u00edch \u201eKdo m\u00e1\u2026\u201c a uv\u00e9st po\u010detn\u00ed operaci (nap\u0159. \u201e4\u00d74\u201c). V reakci na to v\u0161ichni hr\u00e1\u010di v duchu po\u010d\u00edtaj\u00ed [&hellip;]<\/p>\n","protected":false},"featured_media":6537,"comment_status":"closed","ping_status":"closed","template":"","meta":{"_acf_changed":false,"site-sidebar-layout":"default","site-content-layout":"","ast-site-content-layout":"default","site-content-style":"default","site-sidebar-style":"default","ast-global-header-display":"","ast-banner-title-visibility":"","ast-main-header-display":"","ast-hfb-above-header-display":"","ast-hfb-below-header-display":"","ast-hfb-mobile-header-display":"","site-post-title":"","ast-breadcrumbs-content":"","ast-featured-img":"","footer-sml-layout":"","ast-disable-related-posts":"","theme-transparent-header-meta":"default","adv-header-id-meta":"","stick-header-meta":"default","header-above-stick-meta":"","header-main-stick-meta":"","header-below-stick-meta":"","astra-migrate-meta-layouts":"set","ast-page-background-enabled":"default","ast-page-background-meta":{"desktop":{"background-color":"","background-image":"","background-repeat":"repeat","background-position":"center center","background-size":"auto","background-attachment":"scroll","background-type":"","background-media":"","overlay-type":"","overlay-color":"","overlay-opacity":"","overlay-gradient":""},"tablet":{"background-color":"","background-image":"","background-repeat":"repeat","background-position":"center center","background-size":"auto","background-attachment":"scroll","background-type":"","background-media":"","overlay-type":"","overlay-color":"","overlay-opacity":"","overlay-gradient":""},"mobile":{"background-color":"","background-image":"","background-repeat":"repeat","background-position":"center center","background-size":"auto","background-attachment":"scroll","background-type":"","background-media":"","overlay-type":"","overlay-color":"","overlay-opacity":"","overlay-gradient":""}},"ast-content-background-meta":{"desktop":{"background-color":"var(--ast-global-color-5)","background-image":"","background-repeat":"repeat","background-position":"center center","background-size":"auto","background-attachment":"scroll","background-type":"","background-media":"","overlay-type":"","overlay-color":"","overlay-opacity":"","overlay-gradient":""},"tablet":{"background-color":"var(--ast-global-color-5)","background-image":"","background-repeat":"repeat","background-position":"center center","background-size":"auto","background-attachment":"scroll","background-type":"","background-media":"","overlay-type":"","overlay-color":"","overlay-opacity":"","overlay-gradient":""},"mobile":{"background-color":"var(--ast-global-color-5)","background-image":"","background-repeat":"repeat","background-position":"center center","background-size":"auto","background-attachment":"scroll","background-type":"","background-media":"","overlay-type":"","overlay-color":"","overlay-opacity":"","overlay-gradient":""}}},"product_brand":[],"product_cat":[131,133],"product_tag":[],"class_list":{"0":"post-6535","1":"product","2":"type-product","3":"status-publish","4":"has-post-thumbnail","6":"product_cat-hry","7":"product_cat-matematicke","8":"desktop-align-center","9":"tablet-align-left","10":"mobile-align-center","11":"ast-product-gallery-layout-first-image-large","12":"ast-product-gallery-with-no-image","13":"ast-product-tabs-layout-horizontal","15":"first","16":"instock","17":"sale","18":"downloadable","19":"virtual","20":"sold-individually","21":"purchasable","22":"product-type-simple"},"acf":[],"_links":{"self":[{"href":"https:\/\/kastenkidz.com\/cs\/wp-json\/wp\/v2\/product\/6535","targetHints":{"allow":["GET"]}}],"collection":[{"href":"https:\/\/kastenkidz.com\/cs\/wp-json\/wp\/v2\/product"}],"about":[{"href":"https:\/\/kastenkidz.com\/cs\/wp-json\/wp\/v2\/types\/product"}],"replies":[{"embeddable":true,"href":"https:\/\/kastenkidz.com\/cs\/wp-json\/wp\/v2\/comments?post=6535"}],"wp:featuredmedia":[{"embeddable":true,"href":"https:\/\/kastenkidz.com\/cs\/wp-json\/wp\/v2\/media\/6537"}],"wp:attachment":[{"href":"https:\/\/kastenkidz.com\/cs\/wp-json\/wp\/v2\/media?parent=6535"}],"wp:term":[{"taxonomy":"product_brand","embeddable":true,"href":"https:\/\/kastenkidz.com\/cs\/wp-json\/wp\/v2\/product_brand?post=6535"},{"taxonomy":"product_cat","embeddable":true,"href":"https:\/\/kastenkidz.com\/cs\/wp-json\/wp\/v2\/product_cat?post=6535"},{"taxonomy":"product_tag","embeddable":true,"href":"https:\/\/kastenkidz.com\/cs\/wp-json\/wp\/v2\/product_tag?post=6535"}],"curies":[{"name":"wp","href":"https:\/\/api.w.org\/{rel}","templated":true}]}}