{"id":6513,"date":"2025-02-06T16:45:33","date_gmt":"2025-02-06T16:45:33","guid":{"rendered":"https:\/\/kastenkidz.com\/product\/napodobuj-emoce\/"},"modified":"2025-09-10T06:19:26","modified_gmt":"2025-09-10T06:19:26","slug":"napodobuj-emoce","status":"publish","type":"product","link":"https:\/\/kastenkidz.com\/cs\/produkt\/napodobuj-emoce\/","title":{"rendered":"Napodobuj emoce"},"content":{"rendered":"<p>\u017divot bez emoc\u00ed? Nuda!<br \/>\nPomozte d\u011btem pochopit a vyj\u00e1d\u0159it emoce d\u00edky pom\u016fcce \u201eNapodobuj emoce\u201c. Tato z\u00e1bavn\u00e1 aktivita usnad\u0148uje d\u011btem rozpozn\u00e1v\u00e1n\u00ed a napodobov\u00e1n\u00ed emoc\u00ed, jak jejich vlastn\u00edch, tak i kamar\u00e1d\u016f, s vyu\u017eit\u00edm poutav\u00fdch obr\u00e1zk\u016f.<br \/>\nZa\u010dn\u011bte smyslupln\u00e9 rozhovory o pocitech je\u0161t\u011b dnes! Objednejte a jednodu\u0161e vytiskn\u011bte soubor PDF.<\/p>\n<p>Hra obsahuje: 20 karet p\u0159edstavuj\u00edc\u00edch jednotliv\u00e9 emoce.<br \/>\nKarty ve form\u00e1tech A4 a A5 se stahuj\u00ed samostatn\u011b.<br \/>\n\u00dakol je ke sta\u017een\u00ed ve form\u00e1tu PDF.<br \/>\nDoporu\u010dujeme tisknout na barevn\u00e9 tisk\u00e1rn\u011b.<br \/>\nBudete pot\u0159ebovat n\u016f\u017eky.<br \/>\nTato pom\u016fcka je ur\u010dena pro d\u011bti od 4 let.<\/p>\n","protected":false},"excerpt":{"rendered":"<p>\u017divot bez emoc\u00ed? Nuda! Pomozte d\u011btem pochopit a vyj\u00e1d\u0159it emoce d\u00edky pom\u016fcce \u201eNapodobuj emoce\u201c. Tato z\u00e1bavn\u00e1 aktivita usnad\u0148uje d\u011btem rozpozn\u00e1v\u00e1n\u00ed a napodobov\u00e1n\u00ed emoc\u00ed, jak jejich vlastn\u00edch, tak i kamar\u00e1d\u016f, s vyu\u017eit\u00edm poutav\u00fdch obr\u00e1zk\u016f. Za\u010dn\u011bte smyslupln\u00e9 rozhovory o pocitech je\u0161t\u011b dnes! Objednejte a jednodu\u0161e vytiskn\u011bte soubor PDF. Hra obsahuje: 20 karet p\u0159edstavuj\u00edc\u00edch jednotliv\u00e9 emoce. Karty ve [&hellip;]<\/p>\n","protected":false},"featured_media":6515,"comment_status":"closed","ping_status":"closed","template":"","meta":{"_acf_changed":false,"site-sidebar-layout":"default","site-content-layout":"","ast-site-content-layout":"default","site-content-style":"default","site-sidebar-style":"default","ast-global-header-display":"","ast-banner-title-visibility":"","ast-main-header-display":"","ast-hfb-above-header-display":"","ast-hfb-below-header-display":"","ast-hfb-mobile-header-display":"","site-post-title":"","ast-breadcrumbs-content":"","ast-featured-img":"","footer-sml-layout":"","ast-disable-related-posts":"","theme-transparent-header-meta":"default","adv-header-id-meta":"","stick-header-meta":"default","header-above-stick-meta":"","header-main-stick-meta":"","header-below-stick-meta":"","astra-migrate-meta-layouts":"set","ast-page-background-enabled":"default","ast-page-background-meta":{"desktop":{"background-color":"","background-image":"","background-repeat":"repeat","background-position":"center center","background-size":"auto","background-attachment":"scroll","background-type":"","background-media":"","overlay-type":"","overlay-color":"","overlay-opacity":"","overlay-gradient":""},"tablet":{"background-color":"","background-image":"","background-repeat":"repeat","background-position":"center center","background-size":"auto","background-attachment":"scroll","background-type":"","background-media":"","overlay-type":"","overlay-color":"","overlay-opacity":"","overlay-gradient":""},"mobile":{"background-color":"","background-image":"","background-repeat":"repeat","background-position":"center center","background-size":"auto","background-attachment":"scroll","background-type":"","background-media":"","overlay-type":"","overlay-color":"","overlay-opacity":"","overlay-gradient":""}},"ast-content-background-meta":{"desktop":{"background-color":"var(--ast-global-color-5)","background-image":"","background-repeat":"repeat","background-position":"center center","background-size":"auto","background-attachment":"scroll","background-type":"","background-media":"","overlay-type":"","overlay-color":"","overlay-opacity":"","overlay-gradient":""},"tablet":{"background-color":"var(--ast-global-color-5)","background-image":"","background-repeat":"repeat","background-position":"center center","background-size":"auto","background-attachment":"scroll","background-type":"","background-media":"","overlay-type":"","overlay-color":"","overlay-opacity":"","overlay-gradient":""},"mobile":{"background-color":"var(--ast-global-color-5)","background-image":"","background-repeat":"repeat","background-position":"center center","background-size":"auto","background-attachment":"scroll","background-type":"","background-media":"","overlay-type":"","overlay-color":"","overlay-opacity":"","overlay-gradient":""}}},"product_brand":[],"product_cat":[135],"product_tag":[],"class_list":{"0":"post-6513","1":"product","2":"type-product","3":"status-publish","4":"has-post-thumbnail","6":"product_cat-puzzle-a-karetni","7":"desktop-align-center","8":"tablet-align-left","9":"mobile-align-center","10":"ast-product-gallery-layout-first-image-large","11":"ast-product-tabs-layout-horizontal","13":"first","14":"instock","15":"sale","16":"downloadable","17":"virtual","18":"sold-individually","19":"purchasable","20":"product-type-simple"},"acf":[],"_links":{"self":[{"href":"https:\/\/kastenkidz.com\/cs\/wp-json\/wp\/v2\/product\/6513","targetHints":{"allow":["GET"]}}],"collection":[{"href":"https:\/\/kastenkidz.com\/cs\/wp-json\/wp\/v2\/product"}],"about":[{"href":"https:\/\/kastenkidz.com\/cs\/wp-json\/wp\/v2\/types\/product"}],"replies":[{"embeddable":true,"href":"https:\/\/kastenkidz.com\/cs\/wp-json\/wp\/v2\/comments?post=6513"}],"wp:featuredmedia":[{"embeddable":true,"href":"https:\/\/kastenkidz.com\/cs\/wp-json\/wp\/v2\/media\/6515"}],"wp:attachment":[{"href":"https:\/\/kastenkidz.com\/cs\/wp-json\/wp\/v2\/media?parent=6513"}],"wp:term":[{"taxonomy":"product_brand","embeddable":true,"href":"https:\/\/kastenkidz.com\/cs\/wp-json\/wp\/v2\/product_brand?post=6513"},{"taxonomy":"product_cat","embeddable":true,"href":"https:\/\/kastenkidz.com\/cs\/wp-json\/wp\/v2\/product_cat?post=6513"},{"taxonomy":"product_tag","embeddable":true,"href":"https:\/\/kastenkidz.com\/cs\/wp-json\/wp\/v2\/product_tag?post=6513"}],"curies":[{"name":"wp","href":"https:\/\/api.w.org\/{rel}","templated":true}]}}