{"id":9510,"date":"2025-02-20T19:45:05","date_gmt":"2025-02-20T19:45:05","guid":{"rendered":"https:\/\/kastenkidz.com\/platba-doruceni-a-vraceni\/"},"modified":"2025-08-24T11:56:56","modified_gmt":"2025-08-24T11:56:56","slug":"platba-doruceni-a-vraceni-zbozi","status":"publish","type":"page","link":"https:\/\/kastenkidz.com\/cs\/platba-doruceni-a-vraceni-zbozi\/","title":{"rendered":"Platba, doru\u010den\u00ed a vr\u00e1cen\u00ed zbo\u017e\u00ed"},"content":{"rendered":"\t\t<div data-elementor-type=\"wp-page\" data-elementor-id=\"9510\" class=\"elementor elementor-9510 elementor-3588\" data-elementor-post-type=\"page\">\n\t\t\t\t<div class=\"elementor-element elementor-element-6c978d5 e-flex e-con-boxed e-con e-parent\" data-id=\"6c978d5\" data-element_type=\"container\" data-e-type=\"container\">\n\t\t\t\t\t<div class=\"e-con-inner\">\n\t\t\t\t<div class=\"elementor-element elementor-element-74a1d6b elementor-widget elementor-widget-text-editor\" data-id=\"74a1d6b\" data-element_type=\"widget\" data-e-type=\"widget\" data-widget_type=\"text-editor.default\">\n\t\t\t\t<div class=\"elementor-widget-container\">\n\t\t\t\t\t\t\t\t\t<h3>Platebn\u00ed metody<\/h3><p>1. Kreditn\u00ed karta<br \/>2. PayPal<br \/>3. Google Pay<br \/>4. Apple Pay<\/p><p>Prove\u010fte platbu na p\u0159\u00edslu\u0161n\u00fd \u00fa\u010det. O platb\u011b a zakoupen\u00e9m zbo\u017e\u00ed n\u00e1s pros\u00edm informujte e-mailem na adrese info@kastenkidz.com. V detailech platby uve\u010fte \u201ePro v\u00fdukov\u00e9 \u00fa\u010dely\u201c. Podrobnosti:<br \/>MB Kas ten,<br \/>I\u010c 307085006.<br \/>\u010c\u00edslo \u00fa\u010dtu:<\/p><p>Doru\u010den\u00ed<br \/>www.kastenkidz.com prod\u00e1v\u00e1 pouze digit\u00e1ln\u00ed produkty \u2013 soubory ve form\u00e1tu PDF. Po dokon\u010den\u00ed platby obdr\u017e\u00edte b\u011bhem n\u011bkolika minut e-mail s odkazy na sta\u017een\u00ed objednan\u00fdch polo\u017eek a p\u0159ilo\u017eenou fakturu. Soubory ve form\u00e1tu PDF st\u00e1hnete kliknut\u00edm na odkazy. N\u00e1zorn\u00fd p\u0159\u00edklad naleznete n\u00ed\u017ee.<br \/>Pokud e-mail neobdr\u017e\u00edte, nejprve zkontrolujte, zda byly soubory p\u0159esm\u011brov\u00e1ny do slo\u017eky spamu nebo reklam. Je v\u0161ak velmi pravd\u011bpodobn\u00e9, \u017ee jste zadali nespr\u00e1vnou e-mailovou adresu. Pokud jste soubory st\u00e1le neobdr\u017eeli, napi\u0161te n\u00e1m na info@kastenkidz.com a my se v\u00e1m ozveme do dvou (2) pracovn\u00edch dn\u016f.<\/p><p>Vracen\u00ed zbo\u017e\u00ed<br \/>Podle sm\u011brnice EU o pr\u00e1vech spot\u0159ebitel\u016f (2011\/83\/EU) je digit\u00e1ln\u00ed zbo\u017e\u00ed nevratn\u00e9. Pr\u00e1vo kupuj\u00edc\u00edho na odstoupen\u00ed od kupn\u00ed smlouvy (vr\u00e1cen\u00ed zbo\u017e\u00ed) zanik\u00e1 zah\u00e1jen\u00edm procesu stahov\u00e1n\u00ed.<\/p>\t\t\t\t\t\t\t\t<\/div>\n\t\t\t\t<\/div>\n\t\t\t\t\t<\/div>\n\t\t\t\t<\/div>\n\t\t\t\t<\/div>\n\t\t","protected":false},"excerpt":{"rendered":"<p>Platebn\u00ed metody 1. Kreditn\u00ed karta2. PayPal3. Google Pay4. Apple Pay Prove\u010fte platbu na p\u0159\u00edslu\u0161n\u00fd \u00fa\u010det. O platb\u011b a zakoupen\u00e9m zbo\u017e\u00ed n\u00e1s pros\u00edm informujte e-mailem na adrese info@kastenkidz.com. V detailech platby uve\u010fte \u201ePro v\u00fdukov\u00e9 \u00fa\u010dely\u201c. Podrobnosti:MB Kas ten,I\u010c 307085006.\u010c\u00edslo \u00fa\u010dtu: Doru\u010den\u00edwww.kastenkidz.com prod\u00e1v\u00e1 pouze digit\u00e1ln\u00ed produkty \u2013 soubory ve form\u00e1tu PDF. Po dokon\u010den\u00ed platby obdr\u017e\u00edte b\u011bhem n\u011bkolika [&hellip;]<\/p>\n","protected":false},"author":1,"featured_media":0,"parent":0,"menu_order":0,"comment_status":"closed","ping_status":"closed","template":"","meta":{"_acf_changed":false,"site-sidebar-layout":"no-sidebar","site-content-layout":"page-builder","ast-site-content-layout":"full-width-container","site-content-style":"default","site-sidebar-style":"default","ast-global-header-display":"","ast-banner-title-visibility":"","ast-main-header-display":"","ast-hfb-above-header-display":"","ast-hfb-below-header-display":"","ast-hfb-mobile-header-display":"","site-post-title":"disabled","ast-breadcrumbs-content":"","ast-featured-img":"disabled","footer-sml-layout":"","ast-disable-related-posts":"","theme-transparent-header-meta":"","adv-header-id-meta":"","stick-header-meta":"","header-above-stick-meta":"","header-main-stick-meta":"","header-below-stick-meta":"","astra-migrate-meta-layouts":"default","ast-page-background-enabled":"default","ast-page-background-meta":{"desktop":{"background-color":"","background-image":"","background-repeat":"repeat","background-position":"center center","background-size":"auto","background-attachment":"scroll","background-type":"","background-media":"","overlay-type":"","overlay-color":"","overlay-opacity":"","overlay-gradient":""},"tablet":{"background-color":"","background-image":"","background-repeat":"repeat","background-position":"center center","background-size":"auto","background-attachment":"scroll","background-type":"","background-media":"","overlay-type":"","overlay-color":"","overlay-opacity":"","overlay-gradient":""},"mobile":{"background-color":"","background-image":"","background-repeat":"repeat","background-position":"center center","background-size":"auto","background-attachment":"scroll","background-type":"","background-media":"","overlay-type":"","overlay-color":"","overlay-opacity":"","overlay-gradient":""}},"ast-content-background-meta":{"desktop":{"background-color":"var(--ast-global-color-5)","background-image":"","background-repeat":"repeat","background-position":"center center","background-size":"auto","background-attachment":"scroll","background-type":"","background-media":"","overlay-type":"","overlay-color":"","overlay-opacity":"","overlay-gradient":""},"tablet":{"background-color":"var(--ast-global-color-5)","background-image":"","background-repeat":"repeat","background-position":"center center","background-size":"auto","background-attachment":"scroll","background-type":"","background-media":"","overlay-type":"","overlay-color":"","overlay-opacity":"","overlay-gradient":""},"mobile":{"background-color":"var(--ast-global-color-5)","background-image":"","background-repeat":"repeat","background-position":"center center","background-size":"auto","background-attachment":"scroll","background-type":"","background-media":"","overlay-type":"","overlay-color":"","overlay-opacity":"","overlay-gradient":""}},"footnotes":""},"class_list":["post-9510","page","type-page","status-publish","hentry"],"acf":[],"_links":{"self":[{"href":"https:\/\/kastenkidz.com\/cs\/wp-json\/wp\/v2\/pages\/9510","targetHints":{"allow":["GET"]}}],"collection":[{"href":"https:\/\/kastenkidz.com\/cs\/wp-json\/wp\/v2\/pages"}],"about":[{"href":"https:\/\/kastenkidz.com\/cs\/wp-json\/wp\/v2\/types\/page"}],"author":[{"embeddable":true,"href":"https:\/\/kastenkidz.com\/cs\/wp-json\/wp\/v2\/users\/1"}],"replies":[{"embeddable":true,"href":"https:\/\/kastenkidz.com\/cs\/wp-json\/wp\/v2\/comments?post=9510"}],"version-history":[{"count":5,"href":"https:\/\/kastenkidz.com\/cs\/wp-json\/wp\/v2\/pages\/9510\/revisions"}],"predecessor-version":[{"id":9688,"href":"https:\/\/kastenkidz.com\/cs\/wp-json\/wp\/v2\/pages\/9510\/revisions\/9688"}],"wp:attachment":[{"href":"https:\/\/kastenkidz.com\/cs\/wp-json\/wp\/v2\/media?parent=9510"}],"curies":[{"name":"wp","href":"https:\/\/api.w.org\/{rel}","templated":true}]}}