{"id":9404,"date":"2025-02-20T19:39:45","date_gmt":"2025-02-20T19:39:45","guid":{"rendered":"https:\/\/kastenkidz.com\/zasady-ochrany-osobnich-udaju\/"},"modified":"2025-10-22T10:52:29","modified_gmt":"2025-10-22T10:52:29","slug":"zasady-ochrany-osobnich-udaju","status":"publish","type":"page","link":"https:\/\/kastenkidz.com\/cs\/zasady-ochrany-osobnich-udaju\/","title":{"rendered":"Z\u00e1sady ochrany osobn\u00edch \u00fadaj\u016f"},"content":{"rendered":"\t\t<div data-elementor-type=\"wp-page\" data-elementor-id=\"9404\" class=\"elementor elementor-9404 elementor-3578\" data-elementor-post-type=\"page\">\n\t\t\t\t<div class=\"elementor-element elementor-element-e47e7f6 e-flex e-con-boxed e-con e-parent\" data-id=\"e47e7f6\" data-element_type=\"container\" data-e-type=\"container\">\n\t\t\t\t\t<div class=\"e-con-inner\">\n\t\t\t\t<div class=\"elementor-element elementor-element-5f56390 elementor-widget elementor-widget-text-editor\" data-id=\"5f56390\" data-element_type=\"widget\" data-e-type=\"widget\" data-widget_type=\"text-editor.default\">\n\t\t\t\t<div class=\"elementor-widget-container\">\n\t\t\t\t\t\t\t\t\t<h3>Z\u00e1sady ochrany osobn\u00edch \u00fadaj\u016f<\/h3>\n\n<strong>1. Obecn\u00e1 ustanoven\u00ed<\/strong><br>\n1.1. Tato Z\u00e1sady ochrany osobn\u00edch \u00fadaj\u016f upravuj\u00ed z\u00e1kladn\u00ed principy a postupy p\u0159i shroma\u017e\u010fov\u00e1n\u00ed, zpracov\u00e1n\u00ed a uchov\u00e1v\u00e1n\u00ed osobn\u00edch \u00fadaj\u016f internetov\u00fdm obchodem <a href=\"https:\/\/www.kastenkidz.com\">www.kastenkidz.com<\/a> a jeho klienty (d\u00e1le jen \u201eVy\u201c nebo \u201eVa\u0161e\u201c).<br>\n1.2. Shroma\u017e\u010fov\u00e1n\u00ed, zpracov\u00e1n\u00ed a uchov\u00e1v\u00e1n\u00ed Va\u0161ich osobn\u00edch \u00fadaj\u016f se \u0159\u00edd\u00ed t\u011bmito Z\u00e1sadami ochrany osobn\u00edch \u00fadaj\u016f, z\u00e1konem o pr\u00e1vn\u00ed ochran\u011b osobn\u00edch \u00fadaj\u016f Litevsk\u00e9 republiky a dal\u0161\u00edmi platn\u00fdmi pr\u00e1vn\u00edmi p\u0159edpisy.<br>\n1.3. Poskytnut\u00edm sv\u00fdch osobn\u00edch \u00fadaj\u016f v internetov\u00e9m obchod\u011b souhlas\u00edte s t\u00edm, \u017ee www.kastenkidz.com bude tyto \u00fadaje spravovat a zpracov\u00e1vat za \u00fa\u010dely, prost\u0159edky a postupy stanoven\u00e9 v t\u011bchto Z\u00e1sad\u00e1ch ochrany osobn\u00edch \u00fadaj\u016f a platn\u00fdch pr\u00e1vn\u00edch p\u0159edpisech.<br><br>\n\n<strong>2. Shroma\u017e\u010fov\u00e1n\u00ed, zpracov\u00e1n\u00ed a uchov\u00e1v\u00e1n\u00ed osobn\u00edch \u00fadaj\u016f<\/strong><br>\n2.1. www.kastenkidz.com se \u0159\u00edd\u00ed n\u00e1sleduj\u00edc\u00edmi kl\u00ed\u010dov\u00fdmi z\u00e1sadami zpracov\u00e1n\u00ed osobn\u00edch \u00fadaj\u016f:<br>\n2.1.1. Osobn\u00ed \u00fadaje jsou shroma\u017e\u010fov\u00e1ny pro stanoven\u00e9 a opr\u00e1vn\u011bn\u00e9 \u00fa\u010dely;<br>\n2.1.2. Osobn\u00ed \u00fadaje jsou zpracov\u00e1v\u00e1ny p\u0159esn\u011b a spravedliv\u011b;<br>\n2.1.3. Osobn\u00ed \u00fadaje jsou pravideln\u011b aktualizov\u00e1ny;<br>\n2.1.4. Osobn\u00ed \u00fadaje jsou uchov\u00e1v\u00e1ny po dobu nezbytn\u011b nutnou k dosa\u017een\u00ed stanoven\u00fdch \u00fa\u010del\u016f zpracov\u00e1n\u00ed;<br>\n2.1.5. Osobn\u00ed \u00fadaje jsou zpracov\u00e1v\u00e1ny pouze zam\u011bstnanci, kte\u0159\u00ed k tomu maj\u00ed opr\u00e1vn\u011bn\u00ed;<br>\n2.1.6. Ve\u0161ker\u00e9 informace t\u00fdkaj\u00edc\u00ed se zpracov\u00e1van\u00fdch osobn\u00edch \u00fadaj\u016f jsou d\u016fv\u011brn\u00e9.<br>\n2.2. www.kastenkidz.com respektuje pr\u00e1vo ka\u017ed\u00e9ho jednotlivce na soukrom\u00ed. Va\u0161e osobn\u00ed \u00fadaje (jako jm\u00e9no, p\u0159\u00edjmen\u00ed, e-mailov\u00e1 adresa a dal\u0161\u00ed informace uveden\u00e9 v registra\u010dn\u00edm formul\u00e1\u0159i internetov\u00e9ho obchodu) jsou shroma\u017e\u010fov\u00e1ny a zpracov\u00e1v\u00e1ny pro n\u00e1sleduj\u00edc\u00ed \u00fa\u010dely:<br>\n2.2.1. Zpracov\u00e1n\u00ed Va\u0161ich objedn\u00e1vek;<br>\n2.2.2. Vystavov\u00e1n\u00ed \u00fa\u010detn\u00edch doklad\u016f (nap\u0159. faktur);<br>\n2.2.3. \u0158e\u0161en\u00ed z\u00e1le\u017eitost\u00ed souvisej\u00edc\u00edch s dod\u00e1n\u00edm zbo\u017e\u00ed;<br>\n2.2.4. Pln\u011bn\u00ed dal\u0161\u00edch smluvn\u00edch z\u00e1vazk\u016f.<br><br>\n\n<strong>3. P\u0159ed\u00e1v\u00e1n\u00ed osobn\u00edch \u00fadaj\u016f t\u0159et\u00edm stran\u00e1m<\/strong><br>\n3.1. Prod\u00e1vaj\u00edc\u00ed m\u00e1 pr\u00e1vo p\u0159edat osobn\u00ed \u00fadaje t\u0159et\u00edm stran\u00e1m pouze pro \u00fa\u010dely uveden\u00e9 v bod\u011b 2.2.<br>\n3.2. Osobn\u00ed \u00fadaje mohou b\u00fdt p\u0159ed\u00e1v\u00e1ny t\u0159et\u00edm stran\u00e1m pouze v souladu s postupy stanoven\u00fdmi pr\u00e1vn\u00edmi p\u0159edpisy Evropsk\u00e9 unie.<br><br>\n\n<strong>4. Po\u017eadavky na registraci<\/strong><br>\n4.1. V registra\u010dn\u00edm formul\u00e1\u0159i mus\u00edte uv\u00e9st \u00fapln\u00e9, p\u0159esn\u00e9 a pravdiv\u00e9 \u00fadaje o sob\u011b. Pokud v registra\u010dn\u00edm formul\u00e1\u0159i uvedete nespr\u00e1vn\u00e9, nepravdiv\u00e9 nebo zav\u00e1d\u011bj\u00edc\u00ed \u00fadaje, m\u00e1me pr\u00e1vo zru\u0161it Va\u0161i registraci, odstranit Va\u0161e \u00fadaje nebo omezit V\u00e1\u0161 p\u0159\u00edstup do internetov\u00e9ho obchodu.<br><br>\n\n<strong>5. Zm\u011bna a aktualizace osobn\u00edch \u00fadaj\u016f<\/strong><br>\n5.1. M\u00e1te pr\u00e1vo kdykoli zm\u011bnit a\/nebo aktualizovat \u00fadaje uveden\u00e9 v registra\u010dn\u00edm formul\u00e1\u0159i t\u00edm, \u017ee n\u00e1s o tom informujete na adrese <a href=\"mailto:info@kastenkidz.com\">info@kastenkidz.com<\/a>.<br><br>\n\n<strong>6. Soubory cookie<\/strong><br>\n6.1. Informujeme V\u00e1s, \u017ee za \u00fa\u010delem poskytov\u00e1n\u00ed plnohodnotn\u00fdch slu\u017eeb na na\u0161ich webov\u00fdch str\u00e1nk\u00e1ch ukl\u00e1d\u00e1me ur\u010dit\u00e9 informace (soubory cookie) do Va\u0161eho po\u010d\u00edta\u010de (za\u0159\u00edzen\u00ed). Tyto informace pou\u017e\u00edv\u00e1me k tomu, abychom V\u00e1s rozpoznali jako p\u0159edchoz\u00edho u\u017eivatele webov\u00fdch str\u00e1nek a abychom shroma\u017e\u010fovali statistiky n\u00e1v\u0161t\u011bvnosti. Ulo\u017een\u00e9 soubory cookie si m\u016f\u017eete kdykoli prohl\u00e9dnout a n\u011bkter\u00e9 nebo v\u0161echny z nich odstranit. M\u00e1te tak\u00e9 pr\u00e1vo odm\u00edtnout ukl\u00e1d\u00e1n\u00ed a pou\u017e\u00edv\u00e1n\u00ed soubor\u016f cookie ve Va\u0161em po\u010d\u00edta\u010di (za\u0159\u00edzen\u00ed); v takov\u00e9m p\u0159\u00edpad\u011b v\u0161ak pro V\u00e1s n\u011bkter\u00e9 funkce webov\u00fdch str\u00e1nek nemus\u00ed b\u00fdt dostupn\u00e9. Pou\u017e\u00edv\u00e1n\u00edm internetov\u00e9ho obchodu se m\u00e1 za to, \u017ee souhlas\u00edte s ukl\u00e1d\u00e1n\u00edm soubor\u016f cookie. Sv\u016fj souhlas m\u016f\u017eete kdykoli odvolat zm\u011bnou nastaven\u00ed sv\u00e9ho internetov\u00e9ho prohl\u00ed\u017ee\u010de nebo n\u00e1s kontaktovat prost\u0159ednictv\u00edm n\u011bkter\u00e9ho z kontaktn\u00edch \u00fadaj\u016f uveden\u00fdch na webov\u00fdch str\u00e1nk\u00e1ch.<br><br>\n\n<b>6.2. Pou\u017eit\u00ed n\u00e1stroje Microsoft Clarity<\/b><br>\nNa na\u0161ich webov\u00fdch str\u00e1nk\u00e1ch pou\u017e\u00edv\u00e1me n\u00e1stroj <strong>Microsoft Clarity<\/strong> od spole\u010dnosti Microsoft Corporation (USA), kter\u00fd n\u00e1m pom\u00e1h\u00e1 l\u00e9pe porozum\u011bt tomu, jak n\u00e1v\u0161t\u011bvn\u00edci na\u0161e str\u00e1nky pou\u017e\u00edvaj\u00ed (nap\u0159\u00edklad kter\u00e9 str\u00e1nky nav\u0161t\u011bvuj\u00ed, kde klikaj\u00ed a jak dlouho na nich z\u016fst\u00e1vaj\u00ed). Tento n\u00e1stroj n\u00e1m pom\u00e1h\u00e1 zlep\u0161ovat funk\u010dnost webu a u\u017eivatelskou zku\u0161enost.<br><br>\n\nMicrosoft Clarity pou\u017e\u00edv\u00e1 soubory cookie a podobn\u00e9 technologie sledov\u00e1n\u00ed, kter\u00e9 mohou shroma\u017e\u010fovat n\u00e1sleduj\u00edc\u00ed \u00fadaje:<br>\n&#8211; informace o prohl\u00ed\u017ee\u010di, za\u0159\u00edzen\u00ed a rozli\u0161en\u00ed obrazovky;<br>\n&#8211; interakce u\u017eivatele (pohyby my\u0161i, kliknut\u00ed, posouv\u00e1n\u00ed str\u00e1nky);<br>\n&#8211; dobu n\u00e1v\u0161t\u011bvy a nav\u0161t\u00edven\u00e9 str\u00e1nky;<br>\n&#8211; anonymizovanou IP adresu (v zkr\u00e1cen\u00e9 podob\u011b).<br><br>\n\nTyto \u00fadaje jsou anonymizov\u00e1ny a pou\u017e\u00edvaj\u00ed se v\u00fdhradn\u011b pro statistick\u00e9 a analytick\u00e9 \u00fa\u010dely ke zlep\u0161en\u00ed webov\u00fdch str\u00e1nek. V\u00edce informac\u00ed o z\u00e1sad\u00e1ch ochrany osobn\u00edch \u00fadaj\u016f spole\u010dnosti Microsoft naleznete zde:<br>\n<a href=\"https:\/\/privacy.microsoft.com\/privacystatement\" target=\"_blank\" rel=\"noopener\">https:\/\/privacy.microsoft.com\/privacystatement<\/a><br><br>\n\nPokud nechcete, aby Microsoft Clarity shroma\u017e\u010foval \u00fadaje o Va\u0161em chov\u00e1n\u00ed p\u0159i prohl\u00ed\u017een\u00ed, m\u016f\u017eete:<br>\n&#8211; zak\u00e1zat soubory cookie v nastaven\u00ed sv\u00e9ho prohl\u00ed\u017ee\u010de; nebo<br>\n&#8211; pou\u017e\u00edt n\u00e1stroj Microsoft opt-out na str\u00e1nce <a href=\"https:\/\/optout.aboutads.info\" target=\"_blank\" rel=\"noopener\">https:\/\/optout.aboutads.info<\/a>.<br><br>\n\n<strong>7. Zm\u011bny a z\u00e1v\u011bre\u010dn\u00e1 ustanoven\u00ed<\/strong><br>\n7.1. www.kastenkidz.com si vyhrazuje pr\u00e1vo tyto Z\u00e1sady ochrany osobn\u00edch \u00fadaj\u016f kdykoli zcela nebo \u010d\u00e1ste\u010dn\u011b zm\u011bnit zve\u0159ejn\u011bn\u00edm aktualizac\u00ed v internetov\u00e9m obchod\u011b. Dal\u0161\u00ed pou\u017e\u00edv\u00e1n\u00ed na\u0161ich slu\u017eeb na webov\u00fdch str\u00e1nk\u00e1ch p\u0159edstavuje souhlas s t\u011bmito zm\u011bnami. Ve\u0161ker\u00e9 spory nebo neshody vypl\u00fdvaj\u00edc\u00ed z t\u011bchto Z\u00e1sad ochrany osobn\u00edch \u00fadaj\u016f budou \u0159e\u0161eny jedn\u00e1n\u00edm. Pokud nedojde k dohod\u011b, spory budou \u0159e\u0161eny v souladu s pr\u00e1vn\u00edmi p\u0159edpisy Litevsk\u00e9 republiky.\n\t\t\t\t\t\t\t\t<\/div>\n\t\t\t\t<\/div>\n\t\t\t\t\t<\/div>\n\t\t\t\t<\/div>\n\t\t\t\t<\/div>\n\t\t","protected":false},"excerpt":{"rendered":"<p>Z\u00e1sady ochrany osobn\u00edch \u00fadaj\u016f 1. Obecn\u00e1 ustanoven\u00ed 1.1. Tato Z\u00e1sady ochrany osobn\u00edch \u00fadaj\u016f upravuj\u00ed z\u00e1kladn\u00ed principy a postupy p\u0159i shroma\u017e\u010fov\u00e1n\u00ed, zpracov\u00e1n\u00ed a uchov\u00e1v\u00e1n\u00ed osobn\u00edch \u00fadaj\u016f internetov\u00fdm obchodem www.kastenkidz.com a jeho klienty (d\u00e1le jen \u201eVy\u201c nebo \u201eVa\u0161e\u201c). 1.2. Shroma\u017e\u010fov\u00e1n\u00ed, zpracov\u00e1n\u00ed a uchov\u00e1v\u00e1n\u00ed Va\u0161ich osobn\u00edch \u00fadaj\u016f se \u0159\u00edd\u00ed t\u011bmito Z\u00e1sadami ochrany osobn\u00edch \u00fadaj\u016f, z\u00e1konem o pr\u00e1vn\u00ed ochran\u011b [&hellip;]<\/p>\n","protected":false},"author":1,"featured_media":0,"parent":0,"menu_order":0,"comment_status":"closed","ping_status":"closed","template":"","meta":{"_acf_changed":false,"site-sidebar-layout":"no-sidebar","site-content-layout":"page-builder","ast-site-content-layout":"full-width-container","site-content-style":"default","site-sidebar-style":"default","ast-global-header-display":"","ast-banner-title-visibility":"","ast-main-header-display":"","ast-hfb-above-header-display":"","ast-hfb-below-header-display":"","ast-hfb-mobile-header-display":"","site-post-title":"disabled","ast-breadcrumbs-content":"","ast-featured-img":"disabled","footer-sml-layout":"","ast-disable-related-posts":"","theme-transparent-header-meta":"","adv-header-id-meta":"","stick-header-meta":"","header-above-stick-meta":"","header-main-stick-meta":"","header-below-stick-meta":"","astra-migrate-meta-layouts":"default","ast-page-background-enabled":"default","ast-page-background-meta":{"desktop":{"background-color":"","background-image":"","background-repeat":"repeat","background-position":"center center","background-size":"auto","background-attachment":"scroll","background-type":"","background-media":"","overlay-type":"","overlay-color":"","overlay-opacity":"","overlay-gradient":""},"tablet":{"background-color":"","background-image":"","background-repeat":"repeat","background-position":"center center","background-size":"auto","background-attachment":"scroll","background-type":"","background-media":"","overlay-type":"","overlay-color":"","overlay-opacity":"","overlay-gradient":""},"mobile":{"background-color":"","background-image":"","background-repeat":"repeat","background-position":"center center","background-size":"auto","background-attachment":"scroll","background-type":"","background-media":"","overlay-type":"","overlay-color":"","overlay-opacity":"","overlay-gradient":""}},"ast-content-background-meta":{"desktop":{"background-color":"var(--ast-global-color-5)","background-image":"","background-repeat":"repeat","background-position":"center center","background-size":"auto","background-attachment":"scroll","background-type":"","background-media":"","overlay-type":"","overlay-color":"","overlay-opacity":"","overlay-gradient":""},"tablet":{"background-color":"var(--ast-global-color-5)","background-image":"","background-repeat":"repeat","background-position":"center center","background-size":"auto","background-attachment":"scroll","background-type":"","background-media":"","overlay-type":"","overlay-color":"","overlay-opacity":"","overlay-gradient":""},"mobile":{"background-color":"var(--ast-global-color-5)","background-image":"","background-repeat":"repeat","background-position":"center center","background-size":"auto","background-attachment":"scroll","background-type":"","background-media":"","overlay-type":"","overlay-color":"","overlay-opacity":"","overlay-gradient":""}},"footnotes":""},"class_list":["post-9404","page","type-page","status-publish","hentry"],"acf":[],"_links":{"self":[{"href":"https:\/\/kastenkidz.com\/cs\/wp-json\/wp\/v2\/pages\/9404","targetHints":{"allow":["GET"]}}],"collection":[{"href":"https:\/\/kastenkidz.com\/cs\/wp-json\/wp\/v2\/pages"}],"about":[{"href":"https:\/\/kastenkidz.com\/cs\/wp-json\/wp\/v2\/types\/page"}],"author":[{"embeddable":true,"href":"https:\/\/kastenkidz.com\/cs\/wp-json\/wp\/v2\/users\/1"}],"replies":[{"embeddable":true,"href":"https:\/\/kastenkidz.com\/cs\/wp-json\/wp\/v2\/comments?post=9404"}],"version-history":[{"count":4,"href":"https:\/\/kastenkidz.com\/cs\/wp-json\/wp\/v2\/pages\/9404\/revisions"}],"predecessor-version":[{"id":11654,"href":"https:\/\/kastenkidz.com\/cs\/wp-json\/wp\/v2\/pages\/9404\/revisions\/11654"}],"wp:attachment":[{"href":"https:\/\/kastenkidz.com\/cs\/wp-json\/wp\/v2\/media?parent=9404"}],"curies":[{"name":"wp","href":"https:\/\/api.w.org\/{rel}","templated":true}]}}