{"id":9402,"date":"2025-02-20T19:27:42","date_gmt":"2025-02-20T19:27:42","guid":{"rendered":"https:\/\/kastenkidz.com\/obchodni-podminky\/"},"modified":"2025-08-24T11:56:46","modified_gmt":"2025-08-24T11:56:46","slug":"vseobecne-obchodni-podminky","status":"publish","type":"page","link":"https:\/\/kastenkidz.com\/cs\/vseobecne-obchodni-podminky\/","title":{"rendered":"V\u0161eobecn\u00e9 obchodn\u00ed podm\u00ednky"},"content":{"rendered":"\t\t<div data-elementor-type=\"wp-page\" data-elementor-id=\"9402\" class=\"elementor elementor-9402 elementor-3570\" data-elementor-post-type=\"page\">\n\t\t\t\t<div class=\"elementor-element elementor-element-5d5400c e-flex e-con-boxed e-con e-parent\" data-id=\"5d5400c\" data-element_type=\"container\" data-e-type=\"container\">\n\t\t\t\t\t<div class=\"e-con-inner\">\n\t\t\t\t<div class=\"elementor-element elementor-element-57fcf4a elementor-widget elementor-widget-text-editor\" data-id=\"57fcf4a\" data-element_type=\"widget\" data-e-type=\"widget\" data-widget_type=\"text-editor.default\">\n\t\t\t\t<div class=\"elementor-widget-container\">\n\t\t\t\t\t\t\t\t\t<h3>Obchodn\u00ed podm\u00ednky<\/h3><p><strong>1. Obecn\u00e1 ustanoven\u00ed<\/strong><br>1.1. Tyto obchodn\u00ed podm\u00ednky n\u00e1kupu a prodeje zbo\u017e\u00ed (d\u00e1le jen \u201ePodm\u00ednky\u201c) se po jejich p\u0159ijet\u00ed Kupuj\u00edc\u00edm (po sezn\u00e1men\u00ed se s Podm\u00ednkami a za\u0161krtnut\u00ed pol\u00ed\u010dka u prohl\u00e1\u0161en\u00ed \u201eP\u0159e\u010detl\/a jsem si a souhlas\u00edm s obchodn\u00edmi podm\u00ednkami webu\u201c) st\u00e1vaj\u00ed pr\u00e1vn\u011b z\u00e1vazn\u00fdm dokumentem pro ob\u011b strany. Stanovuj\u00ed pr\u00e1va a povinnosti Kupuj\u00edc\u00edho a Prod\u00e1vaj\u00edc\u00edho, podm\u00ednky n\u00e1kupu zbo\u017e\u00ed a platby, postupy doru\u010den\u00ed a vr\u00e1cen\u00ed zbo\u017e\u00ed, odpov\u011bdnost stran a dal\u0161\u00ed ustanoven\u00ed t\u00fdkaj\u00edc\u00ed se n\u00e1kupu a prodeje zbo\u017e\u00ed v internetov\u00e9m obchod\u011b www.kastenkidz.com. <br>1.2. Prod\u00e1vaj\u00edc\u00ed si vyhrazuje pr\u00e1vo kdykoli zm\u011bnit, doplnit nebo upravit tyto Podm\u00ednky v souladu s po\u017eadavky platn\u00fdch pr\u00e1vn\u00edch p\u0159edpis\u016f.<\/p><p><strong>2. Ochrana osobn\u00edch \u00fadaj\u016f<\/strong><br>2.1. P\u0159i objedn\u00e1v\u00e1n\u00ed zbo\u017e\u00ed je Kupuj\u00edc\u00ed povinen uv\u00e9st pot\u0159ebn\u00e9 osobn\u00ed \u00fadaje do pol\u00ed zadan\u00fdch Prod\u00e1vaj\u00edc\u00edm: jm\u00e9no, p\u0159\u00edjmen\u00ed, e-mailovou adresu a zemi.<br>2.2. P\u0159ijet\u00edm t\u011bchto Podm\u00ednek Kupuj\u00edc\u00ed souhlas\u00ed s t\u00edm, \u017ee osobn\u00ed \u00fadaje uveden\u00e9 v bod\u011b 2.1. mohou b\u00fdt zpracov\u00e1v\u00e1ny za \u00fa\u010delem prodeje zbo\u017e\u00ed a slu\u017eeb v internetov\u00e9m obchod\u011b www.kastenkidz.com, pro obchodn\u00ed anal\u00fdzu Prod\u00e1vaj\u00edc\u00edho a pro \u00fa\u010dely p\u0159\u00edm\u00e9ho marketingu. Kupuj\u00edc\u00ed rovn\u011b\u017e souhlas\u00ed s t\u00edm, \u017ee jeho osobn\u00ed \u00fadaje \u2013 jm\u00e9no, p\u0159\u00edjmen\u00ed, e-mailov\u00e1 adresa a zem\u011b \u2013 mohou b\u00fdt zp\u0159\u00edstupn\u011bny partner\u016fm Prod\u00e1vaj\u00edc\u00edho (zpracovatel\u016fm \u00fadaj\u016f), kte\u0159\u00ed zaji\u0161\u0165uj\u00ed doru\u010den\u00ed zbo\u017e\u00ed nebo jin\u00e9 slu\u017eby nezbytn\u00e9 pro \u0159\u00e1dn\u00e9 vy\u0159\u00edzen\u00ed objedn\u00e1vky.<br>2.3. Ud\u011blen\u00edm souhlasu se zpracov\u00e1n\u00edm osobn\u00edch \u00fadaj\u016f za \u00fa\u010delem prodeje zbo\u017e\u00ed a slu\u017eeb v internetov\u00e9m obchod\u011b Prod\u00e1vaj\u00edc\u00edho Kupuj\u00edc\u00ed rovn\u011b\u017e souhlas\u00ed s p\u0159ij\u00edm\u00e1n\u00edm informa\u010dn\u00edch zpr\u00e1v nezbytn\u00fdch pro vy\u0159\u00edzen\u00ed objedn\u00e1vky na uvedenou e-mailovou adresu.<br>2.4. Pokud Kupuj\u00edc\u00ed nesouhlas\u00ed s ustanoven\u00edmi t\u00e9to \u010d\u00e1sti Podm\u00ednek t\u00fdkaj\u00edc\u00edmi se ochrany osobn\u00edch \u00fadaj\u016f, ztr\u00e1c\u00ed pr\u00e1vo vyu\u017e\u00edvat slu\u017eby poskytovan\u00e9 internetov\u00fdm obchodem www.kastenkidz.com.      <\/p><p><strong>3. Pr\u00e1va a povinnosti Kupuj\u00edc\u00edho<\/strong><br>3.1. Kupuj\u00edc\u00ed m\u00e1 pr\u00e1vo nakupovat zbo\u017e\u00ed v internetov\u00e9m obchod\u011b www.kastenkidz.com v souladu s t\u011bmito Podm\u00ednkami a dal\u0161\u00edmi informa\u010dn\u00edmi sekcemi internetov\u00e9ho obchodu Prod\u00e1vaj\u00edc\u00edho.<br>3.2. Kupuj\u00edc\u00ed m\u00e1 pr\u00e1vo nakupovat zbo\u017e\u00ed.<br>3.3. Kupuj\u00edc\u00ed je povinen za zbo\u017e\u00ed zaplatit p\u0159edem.<br>3.4. Pokud dojde ke zm\u011bn\u011b registra\u010dn\u00edch \u00fadaj\u016f Kupuj\u00edc\u00edho, je povinen neprodlen\u011b informovat Prod\u00e1vaj\u00edc\u00edho.    <\/p><p><strong>4. Seller&#8217;s Rights and Obligations<\/strong><br>4.1. The Seller undertakes to provide the Buyer with the opportunity to use the services of the online store www.kastenkidz.com under the conditions set forth in these Terms and in the online store.<br>4.2. If the Buyer attempts to harm the stability and security of the online store or fails to meet their obligations, the Seller has the right to immediately and without prior notice restrict or suspend the Buyer\u2019s access to the online store or, in exceptional cases, cancel their registration.<br>4.3. Under important circumstances, the Seller may temporarily or permanently terminate the operation of the online store without prior notice to the Buyer.<br>4.4. The Seller has the right to cancel the Buyer\u2019s order without prior notice if the Buyer does not pay for the goods within three (3) business days when selecting one of the payment methods specified in clauses 5.2.1 \u2013 5.2.4.<br>4.5. The Seller undertakes to respect the Buyer&#8217;s right to privacy regarding their personal information and to process the Buyer&#8217;s personal data only in accordance with Section 2 of the Terms and the legal acts of the Republic of Lithuania.     <\/p><p><strong>5. Ceny, platebn\u00ed podm\u00ednky a zp\u016fsoby \u00fahrady<\/strong><br>5.1. Ceny zbo\u017e\u00ed v internetov\u00e9m obchod\u011b jsou uvedeny v eurech.<br>5.2. Kupuj\u00edc\u00ed m\u016f\u017ee za zbo\u017e\u00ed zaplatit jedn\u00edm z n\u00e1sleduj\u00edc\u00edch zp\u016fsob\u016f:<br>5.2.1. Prost\u0159ednictv\u00edm syst\u00e9mu Paysera, v\u010detn\u011b elektronick\u00e9ho bankovnictv\u00ed (Swedbank AB, SEB AB, Citadele AB, Luminor AB).<br>5.2.2. P\u0159evodem na uveden\u00fd \u00fa\u010det. Do zpr\u00e1vy pro p\u0159\u00edjemce uve\u010fte \u201ePro vzd\u011bl\u00e1vac\u00ed \u00fakoly\u201c. O proveden\u00e9 platb\u011b a zakoupen\u00e9m zbo\u017e\u00ed n\u00e1s informujte na info@kastenkidz.com.<br>5.2.3. Platebn\u00ed kartou.<br>5.2.4. P\u0159es PayPal.        <\/p><p><strong>6. Dod\u00e1n\u00ed zbo\u017e\u00ed<\/strong><br>6.1. Kastenkidz.com prod\u00e1v\u00e1 v\u00fdhradn\u011b digit\u00e1ln\u00ed produkty \u2013 soubory ve form\u00e1tu PDF. Po proveden\u00ed platby obdr\u017e\u00edte b\u011bhem n\u011bkolika minut e-mail s odkazy na objednan\u00e9 zbo\u017e\u00ed a p\u0159ilo\u017eenou fakturou. Sta\u010d\u00ed kliknout na odkazy a st\u00e1hnout PDF soubory. N\u00ed\u017ee jsme p\u0159ilo\u017eili ilustrovan\u00fd p\u0159\u00edklad. Pokud jste e-mail neobdr\u017eeli, nejprve zkontrolujte, zda zpr\u00e1va neskon\u010dila ve slo\u017ece SPAM nebo v propaga\u010dn\u00edch zpr\u00e1v\u00e1ch. Je v\u0161ak velmi pravd\u011bpodobn\u00e9, \u017ee jste zadali nespr\u00e1vnou e-mailovou adresu. Napi\u0161te n\u00e1m na info@kastenkidz.com a zavazujeme se odpov\u011bd\u011bt do dvou (2) pracovn\u00edch dn\u016f.       <\/p><p><strong>7. Vr\u00e1cen\u00ed a v\u00fdm\u011bna zbo\u017e\u00ed<\/strong><br>7.1. Podle sm\u011brnice EU o pr\u00e1vech spot\u0159ebitel\u016f (2011\/83\/EU) nen\u00ed mo\u017en\u00e9 digit\u00e1ln\u00ed zbo\u017e\u00ed vr\u00e1tit. Kupuj\u00edc\u00ed ztr\u00e1c\u00ed pr\u00e1vo na odstoupen\u00ed od smlouvy (pr\u00e1vo na vr\u00e1cen\u00ed zbo\u017e\u00ed) okam\u017eikem zah\u00e1jen\u00ed stahov\u00e1n\u00ed.  <\/p><p><strong>8. Odpov\u011bdnost<\/strong><br>8.1. Kupuj\u00edc\u00ed nese plnou odpov\u011bdnost za spr\u00e1vnost poskytnut\u00fdch osobn\u00edch \u00fadaj\u016f. Pokud Kupuj\u00edc\u00ed poskytne nep\u0159esn\u00e9 osobn\u00ed \u00fadaje, Prod\u00e1vaj\u00edc\u00ed nenese odpov\u011bdnost za n\u00e1sledky a m\u00e1 pr\u00e1vo po\u017eadovat n\u00e1hradu p\u0159\u00edm\u00e9 \u0161kody.<br>8.2. Kupuj\u00edc\u00ed odpov\u00edd\u00e1 za ve\u0161ker\u00e9 \u00fakony proveden\u00e9 prost\u0159ednictv\u00edm tohoto internetov\u00e9ho obchodu.<br>8.3. Registrovan\u00fd Kupuj\u00edc\u00ed odpov\u00edd\u00e1 za sd\u00edlen\u00ed sv\u00fdch p\u0159ihla\u0161ovac\u00edch \u00fadaj\u016f s t\u0159et\u00edmi stranami. Pokud t\u0159et\u00ed strana p\u0159istoup\u00ed do obchodu pomoc\u00ed \u00fadaj\u016f Kupuj\u00edc\u00edho, Prod\u00e1vaj\u00edc\u00ed tuto osobu pova\u017euje za Kupuj\u00edc\u00edho.<br>8.4. Prod\u00e1vaj\u00edc\u00ed nenese odpov\u011bdnost za \u017e\u00e1dn\u00e9 \u0161kody vznikl\u00e9 v d\u016fsledku nedodr\u017een\u00ed doporu\u010den\u00ed a povinnost\u00ed Prod\u00e1vaj\u00edc\u00edho ze strany Kupuj\u00edc\u00edho, i kdy\u017e m\u011bl Kupuj\u00edc\u00ed mo\u017enost se s t\u011bmito Podm\u00ednkami sezn\u00e1mit.<br>8.5. Pokud internetov\u00fd obchod Prod\u00e1vaj\u00edc\u00edho obsahuje odkazy na webov\u00e9 str\u00e1nky jin\u00fdch spole\u010dnost\u00ed, instituc\u00ed, organizac\u00ed nebo jednotlivc\u016f, Prod\u00e1vaj\u00edc\u00ed nenese odpov\u011bdnost za informace nebo \u010dinnost na t\u011bchto str\u00e1nk\u00e1ch. Prod\u00e1vaj\u00edc\u00ed tyto subjekty nesleduje, nekontroluje ani nezastupuje.<br>8.6. Prod\u00e1vaj\u00edc\u00ed nenese odpov\u011bdnost za \u0159\u00e1dn\u00e9 pln\u011bn\u00ed z\u00e1vazk\u016f mezi Kupuj\u00edc\u00edm a partnery Prod\u00e1vaj\u00edc\u00edho, jejich\u017e slu\u017eby Kupuj\u00edc\u00ed objedn\u00e1v\u00e1.<br>8.7. V p\u0159\u00edpad\u011b vzniku \u0161kody je odpov\u011bdn\u00e1 strana povinna nahradit druh\u00e9 stran\u011b p\u0159\u00edmou \u0161kodu.<br>8.8. Ve\u0161ker\u00e9 produkty prod\u00e1van\u00e9 v tomto obchod\u011b jsou chr\u00e1n\u011bny autorsk\u00fdmi pr\u00e1vy podle pr\u00e1va EU. Kop\u00edrov\u00e1n\u00ed, \u0161\u00ed\u0159en\u00ed nebo pou\u017e\u00edv\u00e1n\u00ed bez souhlasu autora je zak\u00e1z\u00e1no. Kupuj\u00edc\u00ed z\u00edsk\u00e1v\u00e1 pr\u00e1vo pou\u017e\u00edvat produkt pouze pro osobn\u00ed pot\u0159ebu.             <\/p><p><strong>9. V\u00fdm\u011bna informac\u00ed<\/strong><br>9.1. Prod\u00e1vaj\u00edc\u00ed zas\u00edl\u00e1 ve\u0161ker\u00e1 ozn\u00e1men\u00ed Kupuj\u00edc\u00edmu na e-mailovou adresu uvedenou v bod\u011b 2.1.<br>9.2. Kupuj\u00edc\u00ed zas\u00edl\u00e1 ve\u0161ker\u00e1 ozn\u00e1men\u00ed a dotazy Prod\u00e1vaj\u00edc\u00edmu prost\u0159ednictv\u00edm e-mailu na adresu info@kastenkidz.com.  <\/p>\t\t\t\t\t\t\t\t<\/div>\n\t\t\t\t<\/div>\n\t\t\t\t\t<\/div>\n\t\t\t\t<\/div>\n\t\t\t\t<\/div>\n\t\t","protected":false},"excerpt":{"rendered":"<p>Obchodn\u00ed podm\u00ednky 1. Obecn\u00e1 ustanoven\u00ed1.1. Tyto obchodn\u00ed podm\u00ednky n\u00e1kupu a prodeje zbo\u017e\u00ed (d\u00e1le jen \u201ePodm\u00ednky\u201c) se po jejich p\u0159ijet\u00ed Kupuj\u00edc\u00edm (po sezn\u00e1men\u00ed se s Podm\u00ednkami a za\u0161krtnut\u00ed pol\u00ed\u010dka u prohl\u00e1\u0161en\u00ed \u201eP\u0159e\u010detl\/a jsem si a souhlas\u00edm s obchodn\u00edmi podm\u00ednkami webu\u201c) st\u00e1vaj\u00ed pr\u00e1vn\u011b z\u00e1vazn\u00fdm dokumentem pro ob\u011b strany. Stanovuj\u00ed pr\u00e1va a povinnosti Kupuj\u00edc\u00edho a Prod\u00e1vaj\u00edc\u00edho, podm\u00ednky n\u00e1kupu [&hellip;]<\/p>\n","protected":false},"author":1,"featured_media":0,"parent":0,"menu_order":0,"comment_status":"closed","ping_status":"closed","template":"","meta":{"_acf_changed":false,"site-sidebar-layout":"no-sidebar","site-content-layout":"page-builder","ast-site-content-layout":"full-width-container","site-content-style":"default","site-sidebar-style":"default","ast-global-header-display":"","ast-banner-title-visibility":"","ast-main-header-display":"","ast-hfb-above-header-display":"","ast-hfb-below-header-display":"","ast-hfb-mobile-header-display":"","site-post-title":"disabled","ast-breadcrumbs-content":"","ast-featured-img":"disabled","footer-sml-layout":"","ast-disable-related-posts":"","theme-transparent-header-meta":"","adv-header-id-meta":"","stick-header-meta":"","header-above-stick-meta":"","header-main-stick-meta":"","header-below-stick-meta":"","astra-migrate-meta-layouts":"default","ast-page-background-enabled":"default","ast-page-background-meta":{"desktop":{"background-color":"","background-image":"","background-repeat":"repeat","background-position":"center center","background-size":"auto","background-attachment":"scroll","background-type":"","background-media":"","overlay-type":"","overlay-color":"","overlay-opacity":"","overlay-gradient":""},"tablet":{"background-color":"","background-image":"","background-repeat":"repeat","background-position":"center center","background-size":"auto","background-attachment":"scroll","background-type":"","background-media":"","overlay-type":"","overlay-color":"","overlay-opacity":"","overlay-gradient":""},"mobile":{"background-color":"","background-image":"","background-repeat":"repeat","background-position":"center center","background-size":"auto","background-attachment":"scroll","background-type":"","background-media":"","overlay-type":"","overlay-color":"","overlay-opacity":"","overlay-gradient":""}},"ast-content-background-meta":{"desktop":{"background-color":"var(--ast-global-color-5)","background-image":"","background-repeat":"repeat","background-position":"center center","background-size":"auto","background-attachment":"scroll","background-type":"","background-media":"","overlay-type":"","overlay-color":"","overlay-opacity":"","overlay-gradient":""},"tablet":{"background-color":"var(--ast-global-color-5)","background-image":"","background-repeat":"repeat","background-position":"center center","background-size":"auto","background-attachment":"scroll","background-type":"","background-media":"","overlay-type":"","overlay-color":"","overlay-opacity":"","overlay-gradient":""},"mobile":{"background-color":"var(--ast-global-color-5)","background-image":"","background-repeat":"repeat","background-position":"center center","background-size":"auto","background-attachment":"scroll","background-type":"","background-media":"","overlay-type":"","overlay-color":"","overlay-opacity":"","overlay-gradient":""}},"footnotes":""},"class_list":["post-9402","page","type-page","status-publish","hentry"],"acf":[],"_links":{"self":[{"href":"https:\/\/kastenkidz.com\/cs\/wp-json\/wp\/v2\/pages\/9402","targetHints":{"allow":["GET"]}}],"collection":[{"href":"https:\/\/kastenkidz.com\/cs\/wp-json\/wp\/v2\/pages"}],"about":[{"href":"https:\/\/kastenkidz.com\/cs\/wp-json\/wp\/v2\/types\/page"}],"author":[{"embeddable":true,"href":"https:\/\/kastenkidz.com\/cs\/wp-json\/wp\/v2\/users\/1"}],"replies":[{"embeddable":true,"href":"https:\/\/kastenkidz.com\/cs\/wp-json\/wp\/v2\/comments?post=9402"}],"version-history":[{"count":2,"href":"https:\/\/kastenkidz.com\/cs\/wp-json\/wp\/v2\/pages\/9402\/revisions"}],"predecessor-version":[{"id":9687,"href":"https:\/\/kastenkidz.com\/cs\/wp-json\/wp\/v2\/pages\/9402\/revisions\/9687"}],"wp:attachment":[{"href":"https:\/\/kastenkidz.com\/cs\/wp-json\/wp\/v2\/media?parent=9402"}],"curies":[{"name":"wp","href":"https:\/\/api.w.org\/{rel}","templated":true}]}}