{"id":9061,"date":"2024-12-12T22:40:49","date_gmt":"2024-12-12T22:40:49","guid":{"rendered":"https:\/\/kastenkidz.com\/kosik\/"},"modified":"2025-07-20T21:15:03","modified_gmt":"2025-07-20T21:15:03","slug":"kosik","status":"publish","type":"page","link":"https:\/\/kastenkidz.com\/cs\/kosik\/","title":{"rendered":"Ko\u0161\u00edk"},"content":{"rendered":"\n<h1 class=\"has-text-align-center wp-block-heading\" style=\"margin-bottom:50px\">Ko\u0161\u00edk<\/h1>\n<div class=\"woocommerce\"><div class=\"woocommerce-notices-wrapper\"><\/div>\n<form class=\"woocommerce-cart-form\" action=\"https:\/\/kastenkidz.com\/cs\/kosik\/\" method=\"post\">\n\t\n\t<table class=\"shop_table shop_table_responsive cart woocommerce-cart-form__contents\" cellspacing=\"0\">\n\t\t<thead>\n\t\t\t<tr>\n\t\t\t\t<th class=\"product-remove\"><span class=\"screen-reader-text\">Odstranit polo\u017eku<\/span><\/th>\n\t\t\t\t<th class=\"product-thumbnail\"><span class=\"screen-reader-text\">N\u00e1hled<\/span><\/th>\n\t\t\t\t<th scope=\"col\" class=\"product-name\">Produkt<\/th>\n\t\t\t\t<th scope=\"col\" class=\"product-price\">Cena<\/th>\n\t\t\t\t<th scope=\"col\" class=\"product-quantity\">Mno\u017estv\u00ed<\/th>\n\t\t\t\t<th scope=\"col\" class=\"product-subtotal\">Mezisou\u010det<\/th>\n\t\t\t<\/tr>\n\t\t<\/thead>\n\t\t<tbody>\n\t\t\t\n\t\t\t\t\t\t\t\t<tr class=\"woocommerce-cart-form__cart-item cart_item\">\n\n\t\t\t\t\t\t<td class=\"product-remove\">\n\t\t\t\t\t\t\t<a role=\"button\" href=\"https:\/\/kastenkidz.com\/cs\/kosik\/?remove_item=941d4b51509d30190a89d2ed5802f644&#038;_wpnonce=2eb42e3d32\" class=\"remove\" aria-label=\"Odstranit M\u00e1m\u2026 v hlavn\u00ed roli ovoce a zelenina&nbsp; z ko\u0161\u00edku\" data-product_id=\"7159\" data-product_sku=\"0054\"><span aria-hidden=\"true\" class=\"ahfb-svg-iconset ast-inline-flex\"><svg class='ast-mobile-svg ast-close-svg' fill='currentColor' version='1.1' xmlns='http:\/\/www.w3.org\/2000\/svg' width='24' height='24' viewBox='0 0 24 24'><path d='M5.293 6.707l5.293 5.293-5.293 5.293c-0.391 0.391-0.391 1.024 0 1.414s1.024 0.391 1.414 0l5.293-5.293 5.293 5.293c0.391 0.391 1.024 0.391 1.414 0s0.391-1.024 0-1.414l-5.293-5.293 5.293-5.293c0.391-0.391 0.391-1.024 0-1.414s-1.024-0.391-1.414 0l-5.293 5.293-5.293-5.293c-0.391-0.391-1.024-0.391-1.414 0s-0.391 1.024 0 1.414z'><\/path><\/svg><\/span><\/a>\t\t\t\t\t\t<\/td>\n\n\t\t\t\t\t\t<td class=\"product-thumbnail\">\n\t\t\t\t\t\t<a href=\"https:\/\/kastenkidz.com\/cs\/produkt\/mam-ovoce-zelenina\/\"><img fetchpriority=\"high\" decoding=\"async\" width=\"600\" height=\"600\" src=\"https:\/\/kastenkidz.com\/wp-content\/uploads\/2025\/07\/mam-ovoce-zelenina-2-600x600.jpg\" class=\"attachment-woocommerce_thumbnail size-woocommerce_thumbnail\" alt=\"M\u00e1m\u2026 v hlavn\u00ed roli ovoce a zelenina\" srcset=\"https:\/\/kastenkidz.com\/wp-content\/uploads\/2025\/07\/mam-ovoce-zelenina-2-600x600.jpg 600w, https:\/\/kastenkidz.com\/wp-content\/uploads\/2025\/07\/mam-ovoce-zelenina-2-150x150.jpg 150w, https:\/\/kastenkidz.com\/wp-content\/uploads\/2025\/07\/mam-ovoce-zelenina-2-100x100.jpg 100w\" sizes=\"(max-width: 600px) 100vw, 600px\" \/><\/a>\t\t\t\t\t\t<\/td>\n\n\t\t\t\t\t\t<td scope=\"row\" role=\"rowheader\" class=\"product-name\" data-title=\"Produkt\">\n\t\t\t\t\t\t<a href=\"https:\/\/kastenkidz.com\/cs\/produkt\/mam-ovoce-zelenina\/\">M\u00e1m\u2026 v hlavn\u00ed roli ovoce a zelenina<\/a>\t\t\t\t\t\t<\/td>\n\n\t\t\t\t\t\t<td class=\"product-price\" data-title=\"Cena\">\n\t\t\t\t\t\t\t<span class=\"woocommerce-Price-amount amount\"><bdi>31,25&nbsp;<span class=\"woocommerce-Price-currencySymbol\">&#75;&#269;<\/span><\/bdi><\/span>\t\t\t\t\t\t<\/td>\n\n\t\t\t\t\t\t<td class=\"product-quantity\" data-title=\"Mno\u017estv\u00ed\">\n\t\t\t\t\t\t<div class=\"quantity\">\n\t\t<label class=\"screen-reader-text\" for=\"quantity_69ea57f7296ca\">M\u00e1m\u2026 v hlavn\u00ed roli ovoce a zelenina&nbsp; mno\u017estv\u00ed<\/label>\n\t<input\n\t\ttype=\"hidden\"\n\t\t\t\tid=\"quantity_69ea57f7296ca\"\n\t\tclass=\"input-text qty text\"\n\t\tname=\"cart[941d4b51509d30190a89d2ed5802f644][qty]\"\n\t\tvalue=\"1\"\n\t\taria-label=\"Mno\u017estv\u00ed\"\n\t\t\t\tmin=\"1\"\n\t\t\t\t\tmax=\"1\"\n\t\t\t\t\t\t\tstep=\"1\"\n\t\t\tplaceholder=\"\"\n\t\t\tinputmode=\"numeric\"\n\t\t\tautocomplete=\"off\"\n\t\t\t\/>\n\t<\/div>\n\t\t\t\t\t\t<\/td>\n\n\t\t\t\t\t\t<td class=\"product-subtotal\" data-title=\"Mezisou\u010det\">\n\t\t\t\t\t\t\t<span class=\"woocommerce-Price-amount amount\"><bdi>31,25&nbsp;<span class=\"woocommerce-Price-currencySymbol\">&#75;&#269;<\/span><\/bdi><\/span>\t\t\t\t\t\t<\/td>\n\t\t\t\t\t<\/tr>\n\t\t\t\t\t\t\t\t\t\t<tr class=\"woocommerce-cart-form__cart-item cart_item\">\n\n\t\t\t\t\t\t<td class=\"product-remove\">\n\t\t\t\t\t\t\t<a role=\"button\" href=\"https:\/\/kastenkidz.com\/cs\/kosik\/?remove_item=ce5bae2c0a8c6712d075b09fdfe45c55&#038;_wpnonce=2eb42e3d32\" class=\"remove\" aria-label=\"Odstranit N\u00e1sob\u00edme, skl\u00e1d\u00e1me&nbsp; z ko\u0161\u00edku\" data-product_id=\"7195\" data-product_sku=\"0057\"><span aria-hidden=\"true\" class=\"ahfb-svg-iconset ast-inline-flex\"><svg class='ast-mobile-svg ast-close-svg' fill='currentColor' version='1.1' xmlns='http:\/\/www.w3.org\/2000\/svg' width='24' height='24' viewBox='0 0 24 24'><path d='M5.293 6.707l5.293 5.293-5.293 5.293c-0.391 0.391-0.391 1.024 0 1.414s1.024 0.391 1.414 0l5.293-5.293 5.293 5.293c0.391 0.391 1.024 0.391 1.414 0s0.391-1.024 0-1.414l-5.293-5.293 5.293-5.293c0.391-0.391 0.391-1.024 0-1.414s-1.024-0.391-1.414 0l-5.293 5.293-5.293-5.293c-0.391-0.391-1.024-0.391-1.414 0s-0.391 1.024 0 1.414z'><\/path><\/svg><\/span><\/a>\t\t\t\t\t\t<\/td>\n\n\t\t\t\t\t\t<td class=\"product-thumbnail\">\n\t\t\t\t\t\t<a href=\"https:\/\/kastenkidz.com\/cs\/produkt\/nasobime-skladame-puzzle\/\"><img decoding=\"async\" width=\"600\" height=\"600\" src=\"https:\/\/kastenkidz.com\/wp-content\/uploads\/2025\/07\/nasobime-skladame-puzzle-1-600x600.jpg\" class=\"attachment-woocommerce_thumbnail size-woocommerce_thumbnail\" alt=\"N\u00e1sob\u00edme, skl\u00e1d\u00e1me\" srcset=\"https:\/\/kastenkidz.com\/wp-content\/uploads\/2025\/07\/nasobime-skladame-puzzle-1-600x600.jpg 600w, https:\/\/kastenkidz.com\/wp-content\/uploads\/2025\/07\/nasobime-skladame-puzzle-1-150x150.jpg 150w, https:\/\/kastenkidz.com\/wp-content\/uploads\/2025\/07\/nasobime-skladame-puzzle-1-100x100.jpg 100w\" sizes=\"(max-width: 600px) 100vw, 600px\" \/><\/a>\t\t\t\t\t\t<\/td>\n\n\t\t\t\t\t\t<td scope=\"row\" role=\"rowheader\" class=\"product-name\" data-title=\"Produkt\">\n\t\t\t\t\t\t<a href=\"https:\/\/kastenkidz.com\/cs\/produkt\/nasobime-skladame-puzzle\/\">N\u00e1sob\u00edme, skl\u00e1d\u00e1me<\/a>\t\t\t\t\t\t<\/td>\n\n\t\t\t\t\t\t<td class=\"product-price\" data-title=\"Cena\">\n\t\t\t\t\t\t\t<span class=\"woocommerce-Price-amount amount\"><bdi>18,75&nbsp;<span class=\"woocommerce-Price-currencySymbol\">&#75;&#269;<\/span><\/bdi><\/span>\t\t\t\t\t\t<\/td>\n\n\t\t\t\t\t\t<td class=\"product-quantity\" data-title=\"Mno\u017estv\u00ed\">\n\t\t\t\t\t\t<div class=\"quantity\">\n\t\t<label class=\"screen-reader-text\" for=\"quantity_69ea57f72acaf\">N\u00e1sob\u00edme, skl\u00e1d\u00e1me&nbsp; mno\u017estv\u00ed<\/label>\n\t<input\n\t\ttype=\"hidden\"\n\t\t\t\tid=\"quantity_69ea57f72acaf\"\n\t\tclass=\"input-text qty text\"\n\t\tname=\"cart[ce5bae2c0a8c6712d075b09fdfe45c55][qty]\"\n\t\tvalue=\"1\"\n\t\taria-label=\"Mno\u017estv\u00ed\"\n\t\t\t\tmin=\"1\"\n\t\t\t\t\tmax=\"1\"\n\t\t\t\t\t\t\tstep=\"1\"\n\t\t\tplaceholder=\"\"\n\t\t\tinputmode=\"numeric\"\n\t\t\tautocomplete=\"off\"\n\t\t\t\/>\n\t<\/div>\n\t\t\t\t\t\t<\/td>\n\n\t\t\t\t\t\t<td class=\"product-subtotal\" data-title=\"Mezisou\u010det\">\n\t\t\t\t\t\t\t<span class=\"woocommerce-Price-amount amount\"><bdi>18,75&nbsp;<span class=\"woocommerce-Price-currencySymbol\">&#75;&#269;<\/span><\/bdi><\/span>\t\t\t\t\t\t<\/td>\n\t\t\t\t\t<\/tr>\n\t\t\t\t\t\t\t\t\t\t<tr class=\"woocommerce-cart-form__cart-item cart_item\">\n\n\t\t\t\t\t\t<td class=\"product-remove\">\n\t\t\t\t\t\t\t<a role=\"button\" href=\"https:\/\/kastenkidz.com\/cs\/kosik\/?remove_item=1d2170ffe42337c2ee4af24fe640fae3&#038;_wpnonce=2eb42e3d32\" class=\"remove\" aria-label=\"Odstranit Hlavolam s p\u0159\u00ed\u0161erkami&nbsp; z ko\u0161\u00edku\" data-product_id=\"7203\" data-product_sku=\"0058\"><span aria-hidden=\"true\" class=\"ahfb-svg-iconset ast-inline-flex\"><svg class='ast-mobile-svg ast-close-svg' fill='currentColor' version='1.1' xmlns='http:\/\/www.w3.org\/2000\/svg' width='24' height='24' viewBox='0 0 24 24'><path d='M5.293 6.707l5.293 5.293-5.293 5.293c-0.391 0.391-0.391 1.024 0 1.414s1.024 0.391 1.414 0l5.293-5.293 5.293 5.293c0.391 0.391 1.024 0.391 1.414 0s0.391-1.024 0-1.414l-5.293-5.293 5.293-5.293c0.391-0.391 0.391-1.024 0-1.414s-1.024-0.391-1.414 0l-5.293 5.293-5.293-5.293c-0.391-0.391-1.024-0.391-1.414 0s-0.391 1.024 0 1.414z'><\/path><\/svg><\/span><\/a>\t\t\t\t\t\t<\/td>\n\n\t\t\t\t\t\t<td class=\"product-thumbnail\">\n\t\t\t\t\t\t<a href=\"https:\/\/kastenkidz.com\/cs\/produkt\/hlavolam-s-priserkami\/\"><img decoding=\"async\" width=\"600\" height=\"600\" src=\"https:\/\/kastenkidz.com\/wp-content\/uploads\/2025\/07\/hlavolam-s-priserkami-1-600x600.jpg\" class=\"attachment-woocommerce_thumbnail size-woocommerce_thumbnail\" alt=\"Hlavolam s p\u0159\u00ed\u0161erkami\" srcset=\"https:\/\/kastenkidz.com\/wp-content\/uploads\/2025\/07\/hlavolam-s-priserkami-1-600x600.jpg 600w, https:\/\/kastenkidz.com\/wp-content\/uploads\/2025\/07\/hlavolam-s-priserkami-1-150x150.jpg 150w, https:\/\/kastenkidz.com\/wp-content\/uploads\/2025\/07\/hlavolam-s-priserkami-1-100x100.jpg 100w\" sizes=\"(max-width: 600px) 100vw, 600px\" \/><\/a>\t\t\t\t\t\t<\/td>\n\n\t\t\t\t\t\t<td scope=\"row\" role=\"rowheader\" class=\"product-name\" data-title=\"Produkt\">\n\t\t\t\t\t\t<a href=\"https:\/\/kastenkidz.com\/cs\/produkt\/hlavolam-s-priserkami\/\">Hlavolam s p\u0159\u00ed\u0161erkami<\/a>\t\t\t\t\t\t<\/td>\n\n\t\t\t\t\t\t<td class=\"product-price\" data-title=\"Cena\">\n\t\t\t\t\t\t\t<span class=\"woocommerce-Price-amount amount\"><bdi>12,50&nbsp;<span class=\"woocommerce-Price-currencySymbol\">&#75;&#269;<\/span><\/bdi><\/span>\t\t\t\t\t\t<\/td>\n\n\t\t\t\t\t\t<td class=\"product-quantity\" data-title=\"Mno\u017estv\u00ed\">\n\t\t\t\t\t\t<div class=\"quantity\">\n\t\t<label class=\"screen-reader-text\" for=\"quantity_69ea57f72c1a1\">Hlavolam s p\u0159\u00ed\u0161erkami&nbsp; mno\u017estv\u00ed<\/label>\n\t<input\n\t\ttype=\"hidden\"\n\t\t\t\tid=\"quantity_69ea57f72c1a1\"\n\t\tclass=\"input-text qty text\"\n\t\tname=\"cart[1d2170ffe42337c2ee4af24fe640fae3][qty]\"\n\t\tvalue=\"1\"\n\t\taria-label=\"Mno\u017estv\u00ed\"\n\t\t\t\tmin=\"1\"\n\t\t\t\t\tmax=\"1\"\n\t\t\t\t\t\t\tstep=\"1\"\n\t\t\tplaceholder=\"\"\n\t\t\tinputmode=\"numeric\"\n\t\t\tautocomplete=\"off\"\n\t\t\t\/>\n\t<\/div>\n\t\t\t\t\t\t<\/td>\n\n\t\t\t\t\t\t<td class=\"product-subtotal\" data-title=\"Mezisou\u010det\">\n\t\t\t\t\t\t\t<span class=\"woocommerce-Price-amount amount\"><bdi>12,50&nbsp;<span class=\"woocommerce-Price-currencySymbol\">&#75;&#269;<\/span><\/bdi><\/span>\t\t\t\t\t\t<\/td>\n\t\t\t\t\t<\/tr>\n\t\t\t\t\t\t\t\t\t\t<tr class=\"woocommerce-cart-form__cart-item cart_item\">\n\n\t\t\t\t\t\t<td class=\"product-remove\">\n\t\t\t\t\t\t\t<a role=\"button\" href=\"https:\/\/kastenkidz.com\/cs\/kosik\/?remove_item=ca6fb296df17d883f3bd038a7b798468&#038;_wpnonce=2eb42e3d32\" class=\"remove\" aria-label=\"Odstranit Zv\u00ed\u0159ata pod lupou&nbsp; z ko\u0161\u00edku\" data-product_id=\"6879\" data-product_sku=\"0031\"><span aria-hidden=\"true\" class=\"ahfb-svg-iconset ast-inline-flex\"><svg class='ast-mobile-svg ast-close-svg' fill='currentColor' version='1.1' xmlns='http:\/\/www.w3.org\/2000\/svg' width='24' height='24' viewBox='0 0 24 24'><path d='M5.293 6.707l5.293 5.293-5.293 5.293c-0.391 0.391-0.391 1.024 0 1.414s1.024 0.391 1.414 0l5.293-5.293 5.293 5.293c0.391 0.391 1.024 0.391 1.414 0s0.391-1.024 0-1.414l-5.293-5.293 5.293-5.293c0.391-0.391 0.391-1.024 0-1.414s-1.024-0.391-1.414 0l-5.293 5.293-5.293-5.293c-0.391-0.391-1.024-0.391-1.414 0s-0.391 1.024 0 1.414z'><\/path><\/svg><\/span><\/a>\t\t\t\t\t\t<\/td>\n\n\t\t\t\t\t\t<td class=\"product-thumbnail\">\n\t\t\t\t\t\t<a href=\"https:\/\/kastenkidz.com\/cs\/produkt\/zvirata-pod-lupou\/\"><img loading=\"lazy\" decoding=\"async\" width=\"600\" height=\"600\" src=\"https:\/\/kastenkidz.com\/wp-content\/uploads\/2025\/07\/zvirata-pod-lupou-2-600x600.jpg\" class=\"attachment-woocommerce_thumbnail size-woocommerce_thumbnail\" alt=\"Zv\u00ed\u0159ata pod lupou\" srcset=\"https:\/\/kastenkidz.com\/wp-content\/uploads\/2025\/07\/zvirata-pod-lupou-2-600x600.jpg 600w, https:\/\/kastenkidz.com\/wp-content\/uploads\/2025\/07\/zvirata-pod-lupou-2-150x150.jpg 150w, https:\/\/kastenkidz.com\/wp-content\/uploads\/2025\/07\/zvirata-pod-lupou-2-100x100.jpg 100w\" sizes=\"(max-width: 600px) 100vw, 600px\" \/><\/a>\t\t\t\t\t\t<\/td>\n\n\t\t\t\t\t\t<td scope=\"row\" role=\"rowheader\" class=\"product-name\" data-title=\"Produkt\">\n\t\t\t\t\t\t<a href=\"https:\/\/kastenkidz.com\/cs\/produkt\/zvirata-pod-lupou\/\">Zv\u00ed\u0159ata pod lupou<\/a>\t\t\t\t\t\t<\/td>\n\n\t\t\t\t\t\t<td class=\"product-price\" data-title=\"Cena\">\n\t\t\t\t\t\t\t<span class=\"woocommerce-Price-amount amount\"><bdi>31,25&nbsp;<span class=\"woocommerce-Price-currencySymbol\">&#75;&#269;<\/span><\/bdi><\/span>\t\t\t\t\t\t<\/td>\n\n\t\t\t\t\t\t<td class=\"product-quantity\" data-title=\"Mno\u017estv\u00ed\">\n\t\t\t\t\t\t<div class=\"quantity\">\n\t\t<label class=\"screen-reader-text\" for=\"quantity_69ea57f72d68a\">Zv\u00ed\u0159ata pod lupou&nbsp; mno\u017estv\u00ed<\/label>\n\t<input\n\t\ttype=\"hidden\"\n\t\t\t\tid=\"quantity_69ea57f72d68a\"\n\t\tclass=\"input-text qty text\"\n\t\tname=\"cart[ca6fb296df17d883f3bd038a7b798468][qty]\"\n\t\tvalue=\"1\"\n\t\taria-label=\"Mno\u017estv\u00ed\"\n\t\t\t\tmin=\"1\"\n\t\t\t\t\tmax=\"1\"\n\t\t\t\t\t\t\tstep=\"1\"\n\t\t\tplaceholder=\"\"\n\t\t\tinputmode=\"numeric\"\n\t\t\tautocomplete=\"off\"\n\t\t\t\/>\n\t<\/div>\n\t\t\t\t\t\t<\/td>\n\n\t\t\t\t\t\t<td class=\"product-subtotal\" data-title=\"Mezisou\u010det\">\n\t\t\t\t\t\t\t<span class=\"woocommerce-Price-amount amount\"><bdi>31,25&nbsp;<span class=\"woocommerce-Price-currencySymbol\">&#75;&#269;<\/span><\/bdi><\/span>\t\t\t\t\t\t<\/td>\n\t\t\t\t\t<\/tr>\n\t\t\t\t\t\t\t\t\t\t<tr class=\"woocommerce-cart-form__cart-item cart_item\">\n\n\t\t\t\t\t\t<td class=\"product-remove\">\n\t\t\t\t\t\t\t<a role=\"button\" href=\"https:\/\/kastenkidz.com\/cs\/kosik\/?remove_item=18d85f96cd4534fe440632ca9590ac2e&#038;_wpnonce=2eb42e3d32\" class=\"remove\" aria-label=\"Odstranit Pam\u011b\u0165ov\u00e1 hra \u201eSpr\u00e1vn\u00e1 dvojice\u201c&nbsp; z ko\u0161\u00edku\" data-product_id=\"6857\" data-product_sku=\"0029\"><span aria-hidden=\"true\" class=\"ahfb-svg-iconset ast-inline-flex\"><svg class='ast-mobile-svg ast-close-svg' fill='currentColor' version='1.1' xmlns='http:\/\/www.w3.org\/2000\/svg' width='24' height='24' viewBox='0 0 24 24'><path d='M5.293 6.707l5.293 5.293-5.293 5.293c-0.391 0.391-0.391 1.024 0 1.414s1.024 0.391 1.414 0l5.293-5.293 5.293 5.293c0.391 0.391 1.024 0.391 1.414 0s0.391-1.024 0-1.414l-5.293-5.293 5.293-5.293c0.391-0.391 0.391-1.024 0-1.414s-1.024-0.391-1.414 0l-5.293 5.293-5.293-5.293c-0.391-0.391-1.024-0.391-1.414 0s-0.391 1.024 0 1.414z'><\/path><\/svg><\/span><\/a>\t\t\t\t\t\t<\/td>\n\n\t\t\t\t\t\t<td class=\"product-thumbnail\">\n\t\t\t\t\t\t<a href=\"https:\/\/kastenkidz.com\/cs\/produkt\/pametova-hra-spravna-dvojice\/\"><img loading=\"lazy\" decoding=\"async\" width=\"600\" height=\"600\" src=\"https:\/\/kastenkidz.com\/wp-content\/uploads\/2025\/07\/pametova-hra-spravna-dvojice-1-600x600.jpg\" class=\"attachment-woocommerce_thumbnail size-woocommerce_thumbnail\" alt=\"Pam\u011b\u0165ov\u00e1 hra \u201eSpr\u00e1vn\u00e1 dvojice\u201c\" srcset=\"https:\/\/kastenkidz.com\/wp-content\/uploads\/2025\/07\/pametova-hra-spravna-dvojice-1-600x600.jpg 600w, https:\/\/kastenkidz.com\/wp-content\/uploads\/2025\/07\/pametova-hra-spravna-dvojice-1-150x150.jpg 150w, https:\/\/kastenkidz.com\/wp-content\/uploads\/2025\/07\/pametova-hra-spravna-dvojice-1-100x100.jpg 100w\" sizes=\"(max-width: 600px) 100vw, 600px\" \/><\/a>\t\t\t\t\t\t<\/td>\n\n\t\t\t\t\t\t<td scope=\"row\" role=\"rowheader\" class=\"product-name\" data-title=\"Produkt\">\n\t\t\t\t\t\t<a href=\"https:\/\/kastenkidz.com\/cs\/produkt\/pametova-hra-spravna-dvojice\/\">Pam\u011b\u0165ov\u00e1 hra \u201eSpr\u00e1vn\u00e1 dvojice\u201c<\/a>\t\t\t\t\t\t<\/td>\n\n\t\t\t\t\t\t<td class=\"product-price\" data-title=\"Cena\">\n\t\t\t\t\t\t\t<span class=\"woocommerce-Price-amount amount\"><bdi>31,25&nbsp;<span class=\"woocommerce-Price-currencySymbol\">&#75;&#269;<\/span><\/bdi><\/span>\t\t\t\t\t\t<\/td>\n\n\t\t\t\t\t\t<td class=\"product-quantity\" data-title=\"Mno\u017estv\u00ed\">\n\t\t\t\t\t\t<div class=\"quantity\">\n\t\t<label class=\"screen-reader-text\" for=\"quantity_69ea57f72ec8d\">Pam\u011b\u0165ov\u00e1 hra \u201eSpr\u00e1vn\u00e1 dvojice\u201c&nbsp; mno\u017estv\u00ed<\/label>\n\t<input\n\t\ttype=\"hidden\"\n\t\t\t\tid=\"quantity_69ea57f72ec8d\"\n\t\tclass=\"input-text qty text\"\n\t\tname=\"cart[18d85f96cd4534fe440632ca9590ac2e][qty]\"\n\t\tvalue=\"1\"\n\t\taria-label=\"Mno\u017estv\u00ed\"\n\t\t\t\tmin=\"1\"\n\t\t\t\t\tmax=\"1\"\n\t\t\t\t\t\t\tstep=\"1\"\n\t\t\tplaceholder=\"\"\n\t\t\tinputmode=\"numeric\"\n\t\t\tautocomplete=\"off\"\n\t\t\t\/>\n\t<\/div>\n\t\t\t\t\t\t<\/td>\n\n\t\t\t\t\t\t<td class=\"product-subtotal\" data-title=\"Mezisou\u010det\">\n\t\t\t\t\t\t\t<span class=\"woocommerce-Price-amount amount\"><bdi>31,25&nbsp;<span class=\"woocommerce-Price-currencySymbol\">&#75;&#269;<\/span><\/bdi><\/span>\t\t\t\t\t\t<\/td>\n\t\t\t\t\t<\/tr>\n\t\t\t\t\t\t\t\t\t\t<tr class=\"woocommerce-cart-form__cart-item cart_item\">\n\n\t\t\t\t\t\t<td class=\"product-remove\">\n\t\t\t\t\t\t\t<a role=\"button\" href=\"https:\/\/kastenkidz.com\/cs\/kosik\/?remove_item=645702938b90e930d2b9551e3a0ca05b&#038;_wpnonce=2eb42e3d32\" class=\"remove\" aria-label=\"Odstranit Dokon\u010di \u0159\u00e1dek&nbsp; z ko\u0161\u00edku\" data-product_id=\"6937\" data-product_sku=\"0036\"><span aria-hidden=\"true\" class=\"ahfb-svg-iconset ast-inline-flex\"><svg class='ast-mobile-svg ast-close-svg' fill='currentColor' version='1.1' xmlns='http:\/\/www.w3.org\/2000\/svg' width='24' height='24' viewBox='0 0 24 24'><path d='M5.293 6.707l5.293 5.293-5.293 5.293c-0.391 0.391-0.391 1.024 0 1.414s1.024 0.391 1.414 0l5.293-5.293 5.293 5.293c0.391 0.391 1.024 0.391 1.414 0s0.391-1.024 0-1.414l-5.293-5.293 5.293-5.293c0.391-0.391 0.391-1.024 0-1.414s-1.024-0.391-1.414 0l-5.293 5.293-5.293-5.293c-0.391-0.391-1.024-0.391-1.414 0s-0.391 1.024 0 1.414z'><\/path><\/svg><\/span><\/a>\t\t\t\t\t\t<\/td>\n\n\t\t\t\t\t\t<td class=\"product-thumbnail\">\n\t\t\t\t\t\t<a href=\"https:\/\/kastenkidz.com\/cs\/produkt\/dokonci-radek\/\"><img loading=\"lazy\" decoding=\"async\" width=\"600\" height=\"600\" src=\"https:\/\/kastenkidz.com\/wp-content\/uploads\/2025\/07\/dokonci-radek-1-600x600.jpg\" class=\"attachment-woocommerce_thumbnail size-woocommerce_thumbnail\" alt=\"Dokon\u010di \u0159\u00e1dek\" srcset=\"https:\/\/kastenkidz.com\/wp-content\/uploads\/2025\/07\/dokonci-radek-1-600x600.jpg 600w, https:\/\/kastenkidz.com\/wp-content\/uploads\/2025\/07\/dokonci-radek-1-150x150.jpg 150w, https:\/\/kastenkidz.com\/wp-content\/uploads\/2025\/07\/dokonci-radek-1-100x100.jpg 100w\" sizes=\"(max-width: 600px) 100vw, 600px\" \/><\/a>\t\t\t\t\t\t<\/td>\n\n\t\t\t\t\t\t<td scope=\"row\" role=\"rowheader\" class=\"product-name\" data-title=\"Produkt\">\n\t\t\t\t\t\t<a href=\"https:\/\/kastenkidz.com\/cs\/produkt\/dokonci-radek\/\">Dokon\u010di \u0159\u00e1dek<\/a>\t\t\t\t\t\t<\/td>\n\n\t\t\t\t\t\t<td class=\"product-price\" data-title=\"Cena\">\n\t\t\t\t\t\t\t<span class=\"woocommerce-Price-amount amount\"><bdi>18,75&nbsp;<span class=\"woocommerce-Price-currencySymbol\">&#75;&#269;<\/span><\/bdi><\/span>\t\t\t\t\t\t<\/td>\n\n\t\t\t\t\t\t<td class=\"product-quantity\" data-title=\"Mno\u017estv\u00ed\">\n\t\t\t\t\t\t<div class=\"quantity\">\n\t\t<label class=\"screen-reader-text\" for=\"quantity_69ea57f73055b\">Dokon\u010di \u0159\u00e1dek&nbsp; mno\u017estv\u00ed<\/label>\n\t<input\n\t\ttype=\"hidden\"\n\t\t\t\tid=\"quantity_69ea57f73055b\"\n\t\tclass=\"input-text qty text\"\n\t\tname=\"cart[645702938b90e930d2b9551e3a0ca05b][qty]\"\n\t\tvalue=\"1\"\n\t\taria-label=\"Mno\u017estv\u00ed\"\n\t\t\t\tmin=\"1\"\n\t\t\t\t\tmax=\"1\"\n\t\t\t\t\t\t\tstep=\"1\"\n\t\t\tplaceholder=\"\"\n\t\t\tinputmode=\"numeric\"\n\t\t\tautocomplete=\"off\"\n\t\t\t\/>\n\t<\/div>\n\t\t\t\t\t\t<\/td>\n\n\t\t\t\t\t\t<td class=\"product-subtotal\" data-title=\"Mezisou\u010det\">\n\t\t\t\t\t\t\t<span class=\"woocommerce-Price-amount amount\"><bdi>18,75&nbsp;<span class=\"woocommerce-Price-currencySymbol\">&#75;&#269;<\/span><\/bdi><\/span>\t\t\t\t\t\t<\/td>\n\t\t\t\t\t<\/tr>\n\t\t\t\t\t\n\t\t\t\n\t\t\t<tr>\n\t\t\t\t<td colspan=\"6\" class=\"actions\">\n\n\t\t\t\t\t\t\t\t\t\t\t<div class=\"coupon\">\n\t\t\t\t\t\t\t<label for=\"coupon_code\" class=\"screen-reader-text\">Kup\u00f3n:<\/label> <input type=\"text\" name=\"coupon_code\" class=\"input-text\" id=\"coupon_code\" value=\"\" placeholder=\"Slevov\u00fd k\u00f3d\" \/> <button type=\"submit\" class=\"button\" name=\"apply_coupon\" value=\"Pou\u017e\u00edt kup\u00f3n\">Pou\u017e\u00edt kup\u00f3n<\/button>\n\t\t\t\t\t\t\t\t\t\t\t\t\t<\/div>\n\t\t\t\t\t\n\t\t\t\t\t<button type=\"submit\" class=\"button\" name=\"update_cart\" value=\"Aktualizovat ko\u0161\u00edk\">Aktualizovat ko\u0161\u00edk<\/button>\n\n\t\t\t\t\t\n\t\t\t\t\t<input type=\"hidden\" id=\"woocommerce-cart-nonce\" name=\"woocommerce-cart-nonce\" value=\"2eb42e3d32\" \/><input type=\"hidden\" name=\"_wp_http_referer\" value=\"\/cs\/wp-json\/wp\/v2\/pages\/9061\" \/>\t\t\t\t<\/td>\n\t\t\t<\/tr>\n\n\t\t\t\t\t<\/tbody>\n\t<\/table>\n\t<\/form>\n\n\n<div class=\"cart-collaterals\">\n\t<div class=\"cart_totals \">\n\n\t\n\t<h2>Mezisou\u010det<\/h2>\n\n\t<table cellspacing=\"0\" class=\"shop_table shop_table_responsive\">\n\n\t\t<tr class=\"cart-subtotal\">\n\t\t\t<th>Mezisou\u010det<\/th>\n\t\t\t<td data-title=\"Mezisou\u010det\"><span class=\"woocommerce-Price-amount amount\"><bdi>143,75&nbsp;<span class=\"woocommerce-Price-currencySymbol\">&#75;&#269;<\/span><\/bdi><\/span><\/td>\n\t\t<\/tr>\n\n\t\t\n\t\t\n\t\t\n\t\t\n\t\t\n\t\t<tr class=\"order-total\">\n\t\t\t<th>Celkem<\/th>\n\t\t\t<td data-title=\"Celkem\"><strong><span class=\"woocommerce-Price-amount amount\"><bdi>143,75&nbsp;<span class=\"woocommerce-Price-currencySymbol\">&#75;&#269;<\/span><\/bdi><\/span><\/strong> <\/td>\n\t\t<\/tr>\n\n\t\t\n\t<\/table>\n\n\t<div class=\"wc-proceed-to-checkout\">\n\t\t\n<a href=\"https:\/\/kastenkidz.com\/cs\/prejit-k-placeni\/\" class=\"checkout-button button alt wc-forward\">\n\tP\u0159ej\u00edt k pokladn\u011b<\/a>\n\t<\/div>\n\n\t\n<\/div>\n<\/div>\n\n<\/div>\n","protected":false},"excerpt":{"rendered":"<p>Ko\u0161\u00edk<\/p>\n","protected":false},"author":1,"featured_media":0,"parent":0,"menu_order":0,"comment_status":"closed","ping_status":"closed","template":"","meta":{"_acf_changed":false,"site-sidebar-layout":"no-sidebar","site-content-layout":"default","ast-site-content-layout":"default","site-content-style":"default","site-sidebar-style":"default","ast-global-header-display":"","ast-banner-title-visibility":"","ast-main-header-display":"","ast-hfb-above-header-display":"","ast-hfb-below-header-display":"","ast-hfb-mobile-header-display":"","site-post-title":"disabled","ast-breadcrumbs-content":"","ast-featured-img":"","footer-sml-layout":"","ast-disable-related-posts":"","theme-transparent-header-meta":"default","adv-header-id-meta":"","stick-header-meta":"","header-above-stick-meta":"","header-main-stick-meta":"","header-below-stick-meta":"","astra-migrate-meta-layouts":"default","ast-page-background-enabled":"default","ast-page-background-meta":{"desktop":{"background-color":"","background-image":"","background-repeat":"repeat","background-position":"center center","background-size":"auto","background-attachment":"scroll","background-type":"","background-media":"","overlay-type":"","overlay-color":"","overlay-opacity":"","overlay-gradient":""},"tablet":{"background-color":"","background-image":"","background-repeat":"repeat","background-position":"center center","background-size":"auto","background-attachment":"scroll","background-type":"","background-media":"","overlay-type":"","overlay-color":"","overlay-opacity":"","overlay-gradient":""},"mobile":{"background-color":"","background-image":"","background-repeat":"repeat","background-position":"center center","background-size":"auto","background-attachment":"scroll","background-type":"","background-media":"","overlay-type":"","overlay-color":"","overlay-opacity":"","overlay-gradient":""}},"ast-content-background-meta":{"desktop":{"background-color":"var(--ast-global-color-5)","background-image":"","background-repeat":"repeat","background-position":"center center","background-size":"auto","background-attachment":"scroll","background-type":"","background-media":"","overlay-type":"","overlay-color":"","overlay-opacity":"","overlay-gradient":""},"tablet":{"background-color":"var(--ast-global-color-5)","background-image":"","background-repeat":"repeat","background-position":"center center","background-size":"auto","background-attachment":"scroll","background-type":"","background-media":"","overlay-type":"","overlay-color":"","overlay-opacity":"","overlay-gradient":""},"mobile":{"background-color":"var(--ast-global-color-5)","background-image":"","background-repeat":"repeat","background-position":"center center","background-size":"auto","background-attachment":"scroll","background-type":"","background-media":"","overlay-type":"","overlay-color":"","overlay-opacity":"","overlay-gradient":""}},"footnotes":""},"class_list":["post-9061","page","type-page","status-publish","hentry"],"acf":[],"_links":{"self":[{"href":"https:\/\/kastenkidz.com\/cs\/wp-json\/wp\/v2\/pages\/9061","targetHints":{"allow":["GET"]}}],"collection":[{"href":"https:\/\/kastenkidz.com\/cs\/wp-json\/wp\/v2\/pages"}],"about":[{"href":"https:\/\/kastenkidz.com\/cs\/wp-json\/wp\/v2\/types\/page"}],"author":[{"embeddable":true,"href":"https:\/\/kastenkidz.com\/cs\/wp-json\/wp\/v2\/users\/1"}],"replies":[{"embeddable":true,"href":"https:\/\/kastenkidz.com\/cs\/wp-json\/wp\/v2\/comments?post=9061"}],"version-history":[{"count":1,"href":"https:\/\/kastenkidz.com\/cs\/wp-json\/wp\/v2\/pages\/9061\/revisions"}],"predecessor-version":[{"id":9062,"href":"https:\/\/kastenkidz.com\/cs\/wp-json\/wp\/v2\/pages\/9061\/revisions\/9062"}],"wp:attachment":[{"href":"https:\/\/kastenkidz.com\/cs\/wp-json\/wp\/v2\/media?parent=9061"}],"curies":[{"name":"wp","href":"https:\/\/api.w.org\/{rel}","templated":true}]}}